{"id":113999,"date":"2025-03-27T00:00:00","date_gmt":"2025-03-27T05:00:00","guid":{"rendered":"http:\/\/gpl-love.com\/es\/producto\/studiopress-essence-pro-genesis-wordpress-theme\/"},"modified":"2026-04-10T11:26:07","modified_gmt":"2026-04-10T16:26:07","slug":"studiopress-essence-pro-genesis-wordpress-theme","status":"publish","type":"product","link":"https:\/\/gpl-love.com\/es\/producto\/studiopress-essence-pro-genesis-wordpress-theme\/","title":{"rendered":"StudioPress Essence Pro Genesis WordPress Theme 1.5.4"},"content":{"rendered":"<h3>StudioPress Essence Pro Genesis WordPress Theme Caracteristicas<\/h3>\n<p>El tema de WordPress de StudioPress Essence Pro Genesis, reconocido por su naturaleza altamente vers\u00e1til, cuenta con un dise\u00f1o elegante y moderno que atrae a una audiencia amplia. Espec\u00edficamente adaptado para blogueros, empresarios y propietarios de peque\u00f1as empresas, este tema les permite mostrar de manera efectiva sus productos o servicios de manera profesional y elegante. Ofreciendo una amplia gama de opciones de personalizaci\u00f3n, que van desde m\u00faltiples dise\u00f1os de la p\u00e1gina de inicio hasta \u00e1reas personalizables de encabezado y pie de p\u00e1gina, as\u00ed como una integraci\u00f3n perfecta con plataformas de redes sociales prevalentes, este tema no deja piedra sin mover cuando se trata de satisfacer las necesidades y preferencias \u00fanicas de sus usuarios . Adem\u00e1s, con su host de caracter\u00edsticas incorporadas, como widgets personalizables y optimizaci\u00f3n integrada de SEO, crear un sitio web visualmente cautivador y pulido profesionalmente se convierte en muy f\u00e1cil, exigiendo un esfuerzo m\u00ednimo de los usuarios. A fin de cuentas, el tema StudioPress Essence Pro Genesis WordPress es una elecci\u00f3n excepcional para aquellos que desean establecer una presencia sofisticada y profesional en l\u00ednea.<\/p>\n<ul>\n<li>Un dise\u00f1o minimalista y moderno que se centra en lo esencial<\/li>\n<li>Altamente personalizable con numerosas opciones de tema y flexibilidad<\/li>\n<li>Construido en el marco Genesis para un rendimiento y seguridad excepcionales<\/li>\n<li>Totalmente receptivo y amigable para los dispositivos m\u00f3viles para una visualizaci\u00f3n perfecta en cualquier dispositivo<\/li>\n<li>Optimizado para SEO para ayudar a mejorar las clasificaciones de los motores de b\u00fasqueda<\/li>\n<li>Incluye widgets personalizables para agregar enlaces de redes sociales, llamadas a la acci\u00f3n y m\u00e1s<\/li>\n<li>Lista de accesibilidad para el cumplimiento de las pautas de accesibilidad de contenido web<\/li>\n<li>Viene con una variedad de plantillas predise\u00f1adas para p\u00e1ginas y publicaciones<\/li>\n<li>Compatible con complementos populares de WordPress para una funcionalidad adicional<\/li>\n<li>Actualizado regularmente y compatible con StudioPress.<\/li>\n<\/ul>\n","protected":false},"excerpt":{"rendered":"<p>El tema de WordPress de SudioPress Essence Pro Genesis, con su perfecta integraci\u00f3n de simplicidad y elegancia, se presenta como la soluci\u00f3n ideal para las personas que buscan mejorar su presencia en l\u00ednea. Con un dise\u00f1o elegante y contempor\u00e1neo, este tema atiende a las necesidades de los bloggers y empresarios por igual. Ofrece una gran cantidad de opciones de dise\u00f1o que se pueden adaptar para alinearse con sus requisitos espec\u00edficos. Adem\u00e1s, la capacidad de respuesta m\u00f3vil de este tema garantiza que su sitio web permanezca f\u00e1cilmente accesible en todos los dispositivos, asegurando una experiencia de usuario perfecta para su audiencia. Adem\u00e1s, su inclusi\u00f3n de caracter\u00edsticas de SEO incorporadas sirve para mejorar la clasificaci\u00f3n de su motor de b\u00fasqueda, aumentando efectivamente su visibilidad en l\u00ednea. Al emplear un c\u00f3digo limpio, este tema garantiza el funcionamiento sin problemas de su sitio web, promoviendo la eficiencia y el rendimiento \u00f3ptimo. Adem\u00e1s, la abundancia de opciones de personalizaci\u00f3n le otorga la libertad de adaptar sin esfuerzo su sitio web para alinearse con su identidad de marca \u00fanica. Teniendo en cuenta todos estos factores, se hace evidente que el tema StudioPress Essence Pro Genesis WordPress es una excelente opci\u00f3n para las personas que buscan elevar su presencia en l\u00ednea a nuevas alturas.<\/p>\n","protected":false},"featured_media":167603,"comment_status":"open","ping_status":"open","template":"","meta":[],"product_brand":[2358],"product_cat":[1267,1237,1238],"product_tag":[1383],"class_list":{"0":"post-113999","1":"product","2":"type-product","3":"status-publish","4":"has-post-thumbnail","6":"product_brand-studiopress","7":"product_cat-creativo","8":"product_cat-temas","9":"product_cat-wordpress-temas","10":"product_tag-studiopress","11":"member-discount","12":"discount-restricted","14":"first","15":"instock","16":"sale","17":"downloadable","18":"virtual","19":"sold-individually","20":"purchasable","21":"product-type-simple"},"_links":{"self":[{"href":"https:\/\/gpl-love.com\/es\/wp-json\/wp\/v2\/product\/113999","targetHints":{"allow":["GET"]}}],"collection":[{"href":"https:\/\/gpl-love.com\/es\/wp-json\/wp\/v2\/product"}],"about":[{"href":"https:\/\/gpl-love.com\/es\/wp-json\/wp\/v2\/types\/product"}],"replies":[{"embeddable":true,"href":"https:\/\/gpl-love.com\/es\/wp-json\/wp\/v2\/comments?post=113999"}],"wp:featuredmedia":[{"embeddable":true,"href":"https:\/\/gpl-love.com\/es\/wp-json\/wp\/v2\/media\/167603"}],"wp:attachment":[{"href":"https:\/\/gpl-love.com\/es\/wp-json\/wp\/v2\/media?parent=113999"}],"wp:term":[{"taxonomy":"product_brand","embeddable":true,"href":"https:\/\/gpl-love.com\/es\/wp-json\/wp\/v2\/product_brand?post=113999"},{"taxonomy":"product_cat","embeddable":true,"href":"https:\/\/gpl-love.com\/es\/wp-json\/wp\/v2\/product_cat?post=113999"},{"taxonomy":"product_tag","embeddable":true,"href":"https:\/\/gpl-love.com\/es\/wp-json\/wp\/v2\/product_tag?post=113999"}],"curies":[{"name":"wp","href":"https:\/\/api.w.org\/{rel}","templated":true}]}}