{"id":113984,"date":"2024-07-29T00:00:00","date_gmt":"2024-07-29T05:00:00","guid":{"rendered":"http:\/\/gpl-love.com\/es\/?post_type=product&#038;p=113984"},"modified":"2026-04-10T11:29:17","modified_gmt":"2026-04-10T16:29:17","slug":"ubermenu-wordpress-mega-menu-plugin","status":"publish","type":"product","link":"https:\/\/gpl-love.com\/es\/producto\/ubermenu-wordpress-mega-menu-plugin\/","title":{"rendered":"UberMenu WordPress Mega Menu Plugin 3.8.5"},"content":{"rendered":"<h3>UberMenu WordPress Mega Menu Plugin Caracteristicas<\/h3>\n<p>Ubermenu es un complemento de WordPress excepcionalmente poderoso que ofrece a los usuarios la capacidad de generar mega men\u00fas visualmente impresionantes para sus sitios web. Su interfaz de arrastrar y soltar f\u00e1cilmente de usuario otorga a los usuarios la libertad de adaptar el dise\u00f1o y el estilo de su men\u00fa de acuerdo con el dise\u00f1o \u00fanico de su sitio. Adem\u00e1s, este complemento cuenta con una extensa variedad de caracter\u00edsticas impresionantes, como opciones de posicionamiento altamente flexibles, dise\u00f1os de submen\u00fa avanzados y m\u00e1scaras personalizables. A trav\u00e9s de la utilizaci\u00f3n de Ubermenu, los usuarios pueden modificar los men\u00fas que muestran elegantemente su contenido al tiempo que ofrecen simult\u00e1neamente una experiencia de navegaci\u00f3n f\u00e1cil y perfecta para los visitantes de sus sitios. Independientemente de si uno est\u00e1 operando un blog, una tienda de comercio electr\u00f3nico o un sitio web corporativo, Ubermenu sirve como la mejor soluci\u00f3n para elaborar men\u00fas que poseen un atractivo profesional y cautivador, enriqueciendo la funcionalidad general y la experiencia del usuario de su sitio.<\/p>\n<ul>\n<li>El complemento de WordPress f\u00e1cil de usar dise\u00f1ado para crear mega men\u00fas hermosos y funcionales para su sitio web.<\/li>\n<li>Viene con m\u00faltiples pieles y plantillas predise\u00f1adas para elegir, lo que hace que la personalizaci\u00f3n sea muy f\u00e1cil.<\/li>\n<li>Le permite mostrar varios tipos de contenido en su mega men\u00fa, como im\u00e1genes, videos y widgets.<\/li>\n<li>Se integra perfectamente con su tema de WordPress existente y ofrece una gama de opciones de personalizaci\u00f3n para que coincida con su marca.<\/li>\n<li>El dise\u00f1o receptivo incorporado asegura que su mega men\u00fa se vea genial en todos los dispositivos y tama\u00f1os de pantalla.<\/li>\n<li>Ofrece caracter\u00edsticas avanzadas como integraci\u00f3n con un solo clic con plataformas populares de comercio electr\u00f3nico y soporte para URL amigables con SEO.<\/li>\n<li>Actualizaciones regulares y un fuerte soporte al cliente aseguran que siempre tenga acceso a las \u00faltimas funciones y soluciones a cualquier problema.<\/li>\n<li>Adecuado para los usuarios de WordPress para principiantes y avanzados que buscan mejorar la navegaci\u00f3n y la funcionalidad de su sitio web.<\/li>\n<\/ul>\n","protected":false},"excerpt":{"rendered":"<p>El complemento de men\u00fa de Mega WordPress de Ubermenu, una herramienta de ingenio notable, se ha desarrollado meticulosamente para ayudar a las personas en la creaci\u00f3n de men\u00fas visualmente llamativos y f\u00e1ciles de usar, mejorando as\u00ed la experiencia de navegaci\u00f3n de sus sitios web de WordPress. Este complemento formidable cuenta con una gran cantidad de opciones de personalizaci\u00f3n, como la provisi\u00f3n de m\u00faltiples dise\u00f1os de men\u00fa, la incorporaci\u00f3n de contenido din\u00e1mico y la capacidad de satisfacer el dise\u00f1o receptivo, lo que permite a los usuarios moda sin esfuerzo el men\u00fa ideal para adaptarse a sus requisitos espec\u00edficos. Al aprovechar las capacidades de Ubermenu, las personas pueden mostrar sin esfuerzo sus elementos de men\u00fa, incorporando im\u00e1genes cautivadoras e incluso integrando widgets o c\u00f3digos cortos. Independientemente de si uno est\u00e1 construyendo un blog personal o una plataforma multifac\u00e9tica de comercio electr\u00f3nico, la utilizaci\u00f3n de Ubermenu agiliza el proceso, asegurando la creaci\u00f3n eventual de un mega mene de Mega Mega Magnification y Altamente Funcional en cuesti\u00f3n.<\/p>\n","protected":false},"featured_media":167866,"comment_status":"open","ping_status":"open","template":"","meta":[],"product_brand":[2339],"product_cat":[1214,1206,1211],"product_tag":[1256],"class_list":{"0":"post-113984","1":"product","2":"type-product","3":"status-publish","4":"has-post-thumbnail","6":"product_brand-codecanyon","7":"product_cat-personalizacion","8":"product_cat-plugins","9":"product_cat-wordpress-plugins","10":"product_tag-codecanyon","11":"member-discount","12":"discount-restricted","14":"first","15":"instock","16":"sale","17":"downloadable","18":"virtual","19":"sold-individually","20":"purchasable","21":"product-type-simple"},"_links":{"self":[{"href":"https:\/\/gpl-love.com\/es\/wp-json\/wp\/v2\/product\/113984","targetHints":{"allow":["GET"]}}],"collection":[{"href":"https:\/\/gpl-love.com\/es\/wp-json\/wp\/v2\/product"}],"about":[{"href":"https:\/\/gpl-love.com\/es\/wp-json\/wp\/v2\/types\/product"}],"replies":[{"embeddable":true,"href":"https:\/\/gpl-love.com\/es\/wp-json\/wp\/v2\/comments?post=113984"}],"wp:featuredmedia":[{"embeddable":true,"href":"https:\/\/gpl-love.com\/es\/wp-json\/wp\/v2\/media\/167866"}],"wp:attachment":[{"href":"https:\/\/gpl-love.com\/es\/wp-json\/wp\/v2\/media?parent=113984"}],"wp:term":[{"taxonomy":"product_brand","embeddable":true,"href":"https:\/\/gpl-love.com\/es\/wp-json\/wp\/v2\/product_brand?post=113984"},{"taxonomy":"product_cat","embeddable":true,"href":"https:\/\/gpl-love.com\/es\/wp-json\/wp\/v2\/product_cat?post=113984"},{"taxonomy":"product_tag","embeddable":true,"href":"https:\/\/gpl-love.com\/es\/wp-json\/wp\/v2\/product_tag?post=113984"}],"curies":[{"name":"wp","href":"https:\/\/api.w.org\/{rel}","templated":true}]}}