{"id":113976,"date":"2022-04-11T00:00:00","date_gmt":"2022-04-11T05:00:00","guid":{"rendered":"http:\/\/gpl-love.com\/es\/?post_type=product&#038;p=113976"},"modified":"2026-03-13T17:23:28","modified_gmt":"2026-03-13T22:23:28","slug":"learning-management-system-para-wordpress","status":"publish","type":"product","link":"https:\/\/gpl-love.com\/es\/producto\/learning-management-system-para-wordpress\/","title":{"rendered":"Learning Management System para WordPress 4.4"},"content":{"rendered":"<h3>Learning Management System para WordPress Caracteristicas<\/h3>\n<p>Un sistema de gesti\u00f3n de aprendizaje para WordPress es una plataforma incre\u00edblemente robusta y que lo abarca todo que proporciona una soluci\u00f3n integral para la gesti\u00f3n y entrega de cursos en l\u00ednea. Este sistema extraordinario otorga a los usuarios la capacidad de generar, administrar y difundir contenido digital sin esfuerzo, que abarca, pero no se limita a materiales de instrucci\u00f3n, cuestionarios y evaluaciones. El sistema ha sido cuidadosamente dise\u00f1ado para garantizar la facilidad de uso, con interfaces f\u00e1ciles de usar que permiten la funcionalidad de arrastrar y soltar, plantillas personalizables y una variedad de opciones multimedia que mejoran significativamente la experiencia de aprendizaje general. Adem\u00e1s, presenta a los usuarios capacidades de an\u00e1lisis e informes en profundidad, que permiten un seguimiento preciso del progreso y el compromiso de los estudiantes. Adem\u00e1s, este sistema excepcional presenta una amplia gama de herramientas de comunicaci\u00f3n y colaboraci\u00f3n, como foros de discusi\u00f3n y caracter\u00edsticas de chat en vivo, fomentando as\u00ed una interacci\u00f3n y participaci\u00f3n significativos de los estudiantes. En conclusi\u00f3n, poseer un sistema de gesti\u00f3n de aprendizaje para WordPress es absolutamente indispensable para las personas que buscan crear y entregar cursos en l\u00ednea de la m\u00e1xima calidad.<\/p>\n<ul>\n<li>Interfaz f\u00e1cil de usar para maestros y estudiantes<\/li>\n<li>Seguimiento integral del progreso y rendimiento del estudiante<\/li>\n<li>Creaci\u00f3n y gesti\u00f3n de cursos personalizables<\/li>\n<li>Integraci\u00f3n con complementos de WordPress para una funcionalidad mejorada<\/li>\n<li>Herramientas de evaluaci\u00f3n s\u00f3lidas que incluyen cuestionarios, pruebas y tareas<\/li>\n<li>Extensos informes y an\u00e1lisis para informar la instrucci\u00f3n<\/li>\n<li>Accesibilidad a m\u00faltiples dispositivos para que los estudiantes accedan a cursos desde cualquier lugar<\/li>\n<li>Funcionalidad de comercio electr\u00f3nico incorporado para vender cursos u ofrecer suscripciones pagas<\/li>\n<li>Integraci\u00f3n perfecta con pasarelas de pago populares para transacciones seguras<\/li>\n<li>Escalable para acomodar un creciente n\u00famero de estudiantes o cursos.<\/li>\n<\/ul>\n","protected":false},"excerpt":{"rendered":"<p>El sistema de gesti\u00f3n de aprendizaje para WordPress, una herramienta muy potente por derecho propio, proporciona a los usuarios la capacidad de crear, administrar e incluso vender cursos en l\u00ednea directamente a trav\u00e9s de su sitio web de WordPress. Ofreciendo una interfaz que sea intuitiva y f\u00e1cil de usar, este sistema asegura que los usuarios puedan generar y entregar cursos que cautiven e involucrar\u00e1n a sus alumnos. Adem\u00e1s, esta notable plataforma ofrece a los usuarios el lujo de capacidades de informes robustas, an\u00e1lisis integrales, as\u00ed como la capacidad de rastrear la progresi\u00f3n del curso, facilitando as\u00ed el monitoreo simple del progreso del alumno y, posteriormente, la identificaci\u00f3n de cualquier \u00e1rea potencial de mejora. Adem\u00e1s de sus caracter\u00edsticas notables, esta plataforma tambi\u00e9n cuenta con una variedad de opciones de monetizaci\u00f3n, lo que lo convierte en una opci\u00f3n irresistible para empresarios y educadores por igual. Independientemente de si las aspiraciones de uno giran en torno a la creaci\u00f3n y venta de cursos, la gesti\u00f3n de una comunidad de aprendizaje floreciente o la provisi\u00f3n de capacitaci\u00f3n en l\u00ednea a un equipo de individuos, el sistema de gesti\u00f3n de aprendizaje que lo abarca todo para WordPress representa la soluci\u00f3n definitiva para el \u00e9xito. .<\/p>\n","protected":false},"featured_media":166588,"comment_status":"open","ping_status":"open","template":"","meta":[],"product_brand":[2337],"product_cat":[1267,1237,1238],"product_tag":[1391],"class_list":{"0":"post-113976","1":"product","2":"type-product","3":"status-publish","4":"has-post-thumbnail","6":"product_brand-themeforest","7":"product_cat-creativo","8":"product_cat-temas","9":"product_cat-wordpress-temas","10":"product_tag-themeforest","11":"member-discount","12":"discount-restricted","14":"first","15":"instock","16":"sale","17":"downloadable","18":"virtual","19":"sold-individually","20":"purchasable","21":"product-type-simple"},"_links":{"self":[{"href":"https:\/\/gpl-love.com\/es\/wp-json\/wp\/v2\/product\/113976","targetHints":{"allow":["GET"]}}],"collection":[{"href":"https:\/\/gpl-love.com\/es\/wp-json\/wp\/v2\/product"}],"about":[{"href":"https:\/\/gpl-love.com\/es\/wp-json\/wp\/v2\/types\/product"}],"replies":[{"embeddable":true,"href":"https:\/\/gpl-love.com\/es\/wp-json\/wp\/v2\/comments?post=113976"}],"wp:featuredmedia":[{"embeddable":true,"href":"https:\/\/gpl-love.com\/es\/wp-json\/wp\/v2\/media\/166588"}],"wp:attachment":[{"href":"https:\/\/gpl-love.com\/es\/wp-json\/wp\/v2\/media?parent=113976"}],"wp:term":[{"taxonomy":"product_brand","embeddable":true,"href":"https:\/\/gpl-love.com\/es\/wp-json\/wp\/v2\/product_brand?post=113976"},{"taxonomy":"product_cat","embeddable":true,"href":"https:\/\/gpl-love.com\/es\/wp-json\/wp\/v2\/product_cat?post=113976"},{"taxonomy":"product_tag","embeddable":true,"href":"https:\/\/gpl-love.com\/es\/wp-json\/wp\/v2\/product_tag?post=113976"}],"curies":[{"name":"wp","href":"https:\/\/api.w.org\/{rel}","templated":true}]}}