{"id":113972,"date":"2022-02-24T00:00:00","date_gmt":"2022-02-24T05:00:00","guid":{"rendered":"http:\/\/gpl-love.com\/es\/?post_type=product&#038;p=113972"},"modified":"2026-04-10T11:26:41","modified_gmt":"2026-04-10T16:26:41","slug":"super-carousel-responsive-wordpress-plugin","status":"publish","type":"product","link":"https:\/\/gpl-love.com\/es\/producto\/super-carousel-responsive-wordpress-plugin\/","title":{"rendered":"Super Carousel Responsive WordPress Plugin 3.8.1"},"content":{"rendered":"<h3>Super Carousel Responsive WordPress Plugin Caracteristicas<\/h3>\n<p>El complemento de WordPress receptivo de Super Carousel presenta a los usuarios una herramienta formidable que les permite fabricar carruseles fascinantes para sus sitios web de WordPress. Con su gran parte de las caracter\u00edsticas avanzadas y la interfaz navegable sin esfuerzo, los usuarios pueden integrar sin problemas im\u00e1genes, videos y otro contenido multimedia en sus carruseles. Adem\u00e1s, el complemento exhibe una capacidad de respuesta completa, lo que permite a los usuarios construir carruseles que est\u00e9n impecablemente optimizados para una mir\u00edada de dispositivos, ya sean escritorios, tabletas o tel\u00e9fonos inteligentes. Adem\u00e1s, el complemento de WordPress de Super Carousel ampl\u00eda una variedad de opciones de personalizaci\u00f3n a los usuarios, brind\u00e1ndoles la oportunidad de moldear carruseles que encarnan su marca y estilo. Ya sea que el objetivo sea exhibir los \u00faltimos productos o acentuar el contenido m\u00e1s notable, el complemento de WordPress receptivo de s\u00faper carrusel surge como la soluci\u00f3n por excelencia para concebir carrusels visualmente llamativos y cautivadores en el sitio web de uno.<\/p>\n<ul>\n<li>El complemento de WordPress receptivo de Super Carousel es un complemento din\u00e1mico y visualmente impresionante que mejora la experiencia del usuario de su sitio web de WordPress.<\/li>\n<li>Es totalmente receptivo, lo que significa que se adapta y se ajusta al tama\u00f1o del dispositivo del usuario, d\u00e1ndoles una experiencia perfecta en cualquier plataforma.<\/li>\n<li>Ofrece una amplia gama de opciones de carrusel, que incluyen im\u00e1genes, videos, publicaciones, testimonios y m\u00e1s, lo que lo convierte en una herramienta vers\u00e1til para mostrar su contenido de maneras \u00fanicas y atractivas.<\/li>\n<li>Con su amplia gama de personalizaciones y configuraciones, puede adaptar f\u00e1cilmente el carrusel para que coincida con el dise\u00f1o y la marca de su sitio web.<\/li>\n<li>Su interfaz de arrastre y ca\u00edda hace que sea incre\u00edblemente f\u00e1cil de usar, incluso para aquellos sin conocimiento t\u00e9cnico o experiencia en codificaci\u00f3n.<\/li>\n<li>Super Carousel est\u00e1 optimizado para la velocidad, asegurando que su sitio web funcione sin problemas y eficientemente, incluso con m\u00faltiples carruseles en uso.<\/li>\n<li>Ofrece una funci\u00f3n de caja de luz incorporada, que permite a los usuarios ver im\u00e1genes y videos en un formato m\u00e1s grande y m\u00e1s inmersivo.<\/li>\n<li>El complemento se actualiza y mantiene constantemente, asegurando que permanezca compatible con las \u00faltimas versiones de WordPress y otros complementos.<\/li>\n<li>Viene con una excelente atenci\u00f3n al cliente, garantizando que cualquier pregunta o problema que pueda encontrar se aborde de manera r\u00e1pida y eficiente.<\/li>\n<\/ul>\n","protected":false},"excerpt":{"rendered":"<p>\u00a1Estamos encantados de presentarle el notable complemento de WordPress de Super Carousel. Este complemento extraordinario est\u00e1 dise\u00f1ado para mejorar la participaci\u00f3n del usuario y atraer una base de clientes m\u00e1s grande para su sitio web. Ofrece una gran cantidad de caracter\u00edsticas din\u00e1micas que le permiten crear carruseles impresionantes sin esfuerzo, exhibir sus productos, servicios y contenido excepcionales. Adem\u00e1s, Super Carousel cuenta con un dise\u00f1o totalmente personalizable y un dise\u00f1o receptivo, asegurando que su carrusel mantenga su brillantez visual en cualquier dispositivo en el que se ve. Como una ventaja adicional, este complemento se integra perfectamente con WooCommerce, simplificando el proceso de incorporaci\u00f3n de carruseles de productos en su sitio. No se pierda la oportunidad de elevar su sitio web al siguiente nivel: \u00a1adquiere Super Carousel hoy e sumerge a sus visitantes en el cautivador mundo de los impresionantes carruseles!<\/p>\n","protected":false},"featured_media":167643,"comment_status":"open","ping_status":"open","template":"","meta":[],"product_brand":[2339],"product_cat":[1214,1206,1211],"product_tag":[1256],"class_list":{"0":"post-113972","1":"product","2":"type-product","3":"status-publish","4":"has-post-thumbnail","6":"product_brand-codecanyon","7":"product_cat-personalizacion","8":"product_cat-plugins","9":"product_cat-wordpress-plugins","10":"product_tag-codecanyon","11":"member-discount","12":"discount-restricted","14":"first","15":"instock","16":"sale","17":"downloadable","18":"virtual","19":"sold-individually","20":"purchasable","21":"product-type-simple"},"_links":{"self":[{"href":"https:\/\/gpl-love.com\/es\/wp-json\/wp\/v2\/product\/113972","targetHints":{"allow":["GET"]}}],"collection":[{"href":"https:\/\/gpl-love.com\/es\/wp-json\/wp\/v2\/product"}],"about":[{"href":"https:\/\/gpl-love.com\/es\/wp-json\/wp\/v2\/types\/product"}],"replies":[{"embeddable":true,"href":"https:\/\/gpl-love.com\/es\/wp-json\/wp\/v2\/comments?post=113972"}],"wp:featuredmedia":[{"embeddable":true,"href":"https:\/\/gpl-love.com\/es\/wp-json\/wp\/v2\/media\/167643"}],"wp:attachment":[{"href":"https:\/\/gpl-love.com\/es\/wp-json\/wp\/v2\/media?parent=113972"}],"wp:term":[{"taxonomy":"product_brand","embeddable":true,"href":"https:\/\/gpl-love.com\/es\/wp-json\/wp\/v2\/product_brand?post=113972"},{"taxonomy":"product_cat","embeddable":true,"href":"https:\/\/gpl-love.com\/es\/wp-json\/wp\/v2\/product_cat?post=113972"},{"taxonomy":"product_tag","embeddable":true,"href":"https:\/\/gpl-love.com\/es\/wp-json\/wp\/v2\/product_tag?post=113972"}],"curies":[{"name":"wp","href":"https:\/\/api.w.org\/{rel}","templated":true}]}}