{"id":113970,"date":"2024-12-03T00:00:00","date_gmt":"2024-12-03T05:00:00","guid":{"rendered":"http:\/\/gpl-love.com\/es\/?post_type=product&#038;p=113970"},"modified":"2026-03-09T07:33:02","modified_gmt":"2026-03-09T12:33:02","slug":"eventer-wordpress-event-y-booking-manager-plugin","status":"publish","type":"product","link":"https:\/\/gpl-love.com\/es\/producto\/eventer-wordpress-event-y-booking-manager-plugin\/","title":{"rendered":"Eventer WordPress Event y Booking Manager Plugin 3.9.6"},"content":{"rendered":"<h3>Eventer WordPress Event y Booking Manager Plugin Caracteristicas<\/h3>\n<p>Eventer WordPress Event and Booking Manager Plugin es una herramienta incre\u00edblemente robusta y din\u00e1mica que se ha desarrollado meticulosamente para ayudar a los usuarios a organizar y supervisar de manera eficiente y efectiva eventos en su sitio web de WordPress. Este complemento proporciona a los usuarios una extensa gama de caracter\u00edsticas y funcionalidades, que les brinda la capacidad de generar y personalizar las p\u00e1ginas de eventos, establecer y configurar diligentemente formularios de reserva y registro, enviar correos electr\u00f3nicos automatizados sin esfuerzo a los asistentes e incluso vender tickets ingeniosamente a trav\u00e9s de la integraci\u00f3n sin costura. con WooCommerce. Adem\u00e1s, este complemento excepcionalmente f\u00e1cil de usar se distingue a\u00fan m\u00e1s de otros competidores al ofrecer una variedad impresionante de opciones de personalizaci\u00f3n, lo que permite a los usuarios adaptar intrincadamente su proceso de gesti\u00f3n de eventos a sus requisitos distintos y espec\u00edficos. Ya sea que un individuo est\u00e9 orquestando un taller \u00edntimo o cura meticulosamente una conferencia grandiosa, la indispensabilidad del evento Eventer WordPress y el complemento del gerente de reserva en el arsenal de cualquier evento de eventos no se puede exagerar.<\/p>\n<ul>\n<li>Permite una gesti\u00f3n f\u00e1cil de eventos a trav\u00e9s de la plataforma de WordPress<\/li>\n<li>Proporciona formularios de reserva personalizables para los clientes<\/li>\n<li>Admite la integraci\u00f3n de pagos a trav\u00e9s de varias pasarelas de pago como PayPal y Stripe<\/li>\n<li>Env\u00eda notificaciones de correo electr\u00f3nico automatizadas a clientes y organizadores de eventos<\/li>\n<li>Proporciona el calendario de eventos con informaci\u00f3n detallada para eventos<\/li>\n<li>Permite la creaci\u00f3n de m\u00faltiples tipos de boletos y precios<\/li>\n<li>Proporciona la opci\u00f3n para limitar la cantidad de boletos y establecer una fecha l\u00edmite de reserva<\/li>\n<li>Proporciona la funci\u00f3n de escaneo de boletos para check-ins para eventos<\/li>\n<li>Permite la personalizaci\u00f3n de la confirmaci\u00f3n y las p\u00e1ginas de agradecimiento<\/li>\n<li>Proporciona informes y an\u00e1lisis exhaustivos de las ventas y reservas de boletos.<\/li>\n<\/ul>\n","protected":false},"excerpt":{"rendered":"<p>El complemento Eventer WordPress Event and Booking Manager es una herramienta altamente efectiva y eficiente que est\u00e1 espec\u00edficamente dise\u00f1ada para satisfacer las necesidades de las personas y las empresas que buscan administrar de manera efectiva eventos y reservas en sus sitios web. Su amplia gama de caracter\u00edsticas y funcionalidades permite a los usuarios crear y supervisar sin problemas una amplia gama de eventos, vender boletos sin esfuerzo y procesar las reservas sin problemas con la mayor facilidad y conveniencia. Una de las ventajas clave de este complemento excepcional se encuentra en su interfaz f\u00e1cil de usar, que permite a las personas personalizar sin problemas sus p\u00e1ginas de eventos de acuerdo con sus preferencias espec\u00edficas, que abarca un espectro extenso de temas, dise\u00f1os y esquemas de color. Adem\u00e1s, este complemento notable se forta a\u00fan m\u00e1s por la provisi\u00f3n de m\u00faltiples pasarelas de pago, lo que permite a los usuarios procesar las transacciones sin esfuerzo y facilitar los pagos a trav\u00e9s de diferentes canales. Adem\u00e1s, el complemento tambi\u00e9n incorpora un sistema de notificaci\u00f3n de correo electr\u00f3nico altamente sofisticado, que mantiene diligentemente a los usuarios informados y actualizados con respecto a los diversos aspectos de sus eventos y reservas. Adem\u00e1s, la capacidad del complemento para generar informes detallados es un activo invaluable, ya que permite a las personas analizar y evaluar de manera efectiva el rendimiento y el \u00e9xito de sus eventos y reservas, lo que les permite tomar las decisiones informadas e implementar las mejoras necesarias. En esencia, si uno est\u00e1 organizando una conferencia, concierto o evento deportivo, el complemento Eventer WordPress Event and Booking Manager realmente representa el ep\u00edtome de la excelencia, ya que ofrece un nivel incomparable de simplificaci\u00f3n y racionalizaci\u00f3n del proceso de evento de otro modo complejo e intrincado gesti\u00f3n.<\/p>\n","protected":false},"featured_media":166029,"comment_status":"open","ping_status":"open","template":"","meta":[],"product_brand":[2339],"product_cat":[1214,1206,1211],"product_tag":[1256],"class_list":{"0":"post-113970","1":"product","2":"type-product","3":"status-publish","4":"has-post-thumbnail","6":"product_brand-codecanyon","7":"product_cat-personalizacion","8":"product_cat-plugins","9":"product_cat-wordpress-plugins","10":"product_tag-codecanyon","11":"member-discount","12":"discount-restricted","14":"first","15":"instock","16":"sale","17":"downloadable","18":"virtual","19":"sold-individually","20":"purchasable","21":"product-type-simple"},"_links":{"self":[{"href":"https:\/\/gpl-love.com\/es\/wp-json\/wp\/v2\/product\/113970","targetHints":{"allow":["GET"]}}],"collection":[{"href":"https:\/\/gpl-love.com\/es\/wp-json\/wp\/v2\/product"}],"about":[{"href":"https:\/\/gpl-love.com\/es\/wp-json\/wp\/v2\/types\/product"}],"replies":[{"embeddable":true,"href":"https:\/\/gpl-love.com\/es\/wp-json\/wp\/v2\/comments?post=113970"}],"wp:featuredmedia":[{"embeddable":true,"href":"https:\/\/gpl-love.com\/es\/wp-json\/wp\/v2\/media\/166029"}],"wp:attachment":[{"href":"https:\/\/gpl-love.com\/es\/wp-json\/wp\/v2\/media?parent=113970"}],"wp:term":[{"taxonomy":"product_brand","embeddable":true,"href":"https:\/\/gpl-love.com\/es\/wp-json\/wp\/v2\/product_brand?post=113970"},{"taxonomy":"product_cat","embeddable":true,"href":"https:\/\/gpl-love.com\/es\/wp-json\/wp\/v2\/product_cat?post=113970"},{"taxonomy":"product_tag","embeddable":true,"href":"https:\/\/gpl-love.com\/es\/wp-json\/wp\/v2\/product_tag?post=113970"}],"curies":[{"name":"wp","href":"https:\/\/api.w.org\/{rel}","templated":true}]}}