{"id":113968,"date":"2022-02-01T00:00:00","date_gmt":"2022-02-01T05:00:00","guid":{"rendered":"http:\/\/gpl-love.com\/es\/?post_type=product&#038;p=113968"},"modified":"2026-03-13T17:15:31","modified_gmt":"2026-03-13T22:15:31","slug":"airtifact-portfolio-creative-wordpress-theme","status":"publish","type":"product","link":"https:\/\/gpl-love.com\/es\/producto\/airtifact-portfolio-creative-wordpress-theme\/","title":{"rendered":"Airtifact Portfolio Creative WordPress Theme 1.2.4"},"content":{"rendered":"<h3>Airtifact Portfolio Creative WordPress Theme Caracteristicas<\/h3>\n<p>El tema de WordPress Creative WordPress de AirTifact Portfolio es una herramienta incre\u00edblemente impresionante e invaluable para las personas en el sector creativo que buscan mostrar su trabajo en un entorno en l\u00ednea. Con un dise\u00f1o excepcionalmente elegante y contempor\u00e1neo, este tema presenta a los usuarios una extensa variedad de caracter\u00edsticas personalizables que tienen como objetivo ayudar a artistas, fot\u00f3grafos y dise\u00f1adores a elaborar carteras digitales visualmente impresionantes. Adem\u00e1s, es importante tener en cuenta que este tema es notablemente receptivo y funciona sin problemas en todos los dispositivos, asegurando as\u00ed que el trabajo exhibido parezca espl\u00e9ndido independientemente de la plataforma de visualizaci\u00f3n. Adem\u00e1s, el tema AirTifact exhibe un impresionante nivel de versatilidad, ya que ofrece a los usuarios una variedad de opciones de personalizaci\u00f3n que satisfacen sus preferencias \u00fanicas en t\u00e9rminos de dise\u00f1o, esquemas de color y selecciones de fuentes. Independientemente de si uno es un profesional experimentado o simplemente embarcando en su viaje creativo, es innegable que el tema creativo de WordPress creativo de la cartera de Airtifact sirve como una opci\u00f3n ejemplar para cualquiera que aspira a establecer una cartera en l\u00ednea que realmente sea visualmente sorprendente.<\/p>\n<ul>\n<li>Un dise\u00f1o impresionante y moderno perfecto para mostrar su trabajo creativo<\/li>\n<li>Opciones de personalizaci\u00f3n f\u00e1cil de usar para adaptar el tema a sus necesidades espec\u00edficas<\/li>\n<li>Compatibilidad de los dispositivos m\u00f3viles y del navegador m\u00f3vil para una experiencia de usuario perfecta<\/li>\n<li>M\u00faltiples opciones de dise\u00f1o de la p\u00e1gina de inicio para elegir<\/li>\n<li>Funcionalidad de cartera incorporada para mostrar bellamente sus proyectos<\/li>\n<li>Integraci\u00f3n con complementos populares como WooCommerce y el Formulario de contacto 7 para mayor flexibilidad y conveniencia<\/li>\n<li>SEO optimizado para mejorar la visibilidad del motor de b\u00fasqueda<\/li>\n<li>Actualizaciones y soporte regulares de los desarrolladores de temas para garantizar la usabilidad y la funcionalidad continuas<\/li>\n<\/ul>\n","protected":false},"excerpt":{"rendered":"<p>Presentando AirTifact, nuestro \u00faltimo tema creativo de WordPress creativo de cartera que es perfecto para creativos, trabajadores independientes y agencias. Con AirTifact, puede mostrar sin esfuerzo su trabajo en un formato profesional y visualmente atractivo. Este tema de WordPress ofrece una plataforma din\u00e1mica y personalizable que le permite crear una presencia en l\u00ednea \u00fanica. El tema incluye una variedad de opciones de dise\u00f1o, esquemas de color y widgets personalizados para adaptarse a su estilo personal. Adem\u00e1s, es totalmente receptivo, asegurando que su sitio web se vea genial en todos los dispositivos. AirTifact tambi\u00e9n es amigable con SEO, ayudando a su cartera a llegar a un p\u00fablico m\u00e1s amplio. Experimente los beneficios de una cartera bien elaborada con el tema de WordPress de AirTifact.<\/p>\n","protected":false},"featured_media":165338,"comment_status":"open","ping_status":"open","template":"","meta":[],"product_brand":[2337],"product_cat":[1267,1237,1238],"product_tag":[1391],"class_list":{"0":"post-113968","1":"product","2":"type-product","3":"status-publish","4":"has-post-thumbnail","6":"product_brand-themeforest","7":"product_cat-creativo","8":"product_cat-temas","9":"product_cat-wordpress-temas","10":"product_tag-themeforest","11":"member-discount","12":"discount-restricted","14":"first","15":"instock","16":"sale","17":"downloadable","18":"virtual","19":"sold-individually","20":"purchasable","21":"product-type-simple"},"_links":{"self":[{"href":"https:\/\/gpl-love.com\/es\/wp-json\/wp\/v2\/product\/113968","targetHints":{"allow":["GET"]}}],"collection":[{"href":"https:\/\/gpl-love.com\/es\/wp-json\/wp\/v2\/product"}],"about":[{"href":"https:\/\/gpl-love.com\/es\/wp-json\/wp\/v2\/types\/product"}],"replies":[{"embeddable":true,"href":"https:\/\/gpl-love.com\/es\/wp-json\/wp\/v2\/comments?post=113968"}],"wp:featuredmedia":[{"embeddable":true,"href":"https:\/\/gpl-love.com\/es\/wp-json\/wp\/v2\/media\/165338"}],"wp:attachment":[{"href":"https:\/\/gpl-love.com\/es\/wp-json\/wp\/v2\/media?parent=113968"}],"wp:term":[{"taxonomy":"product_brand","embeddable":true,"href":"https:\/\/gpl-love.com\/es\/wp-json\/wp\/v2\/product_brand?post=113968"},{"taxonomy":"product_cat","embeddable":true,"href":"https:\/\/gpl-love.com\/es\/wp-json\/wp\/v2\/product_cat?post=113968"},{"taxonomy":"product_tag","embeddable":true,"href":"https:\/\/gpl-love.com\/es\/wp-json\/wp\/v2\/product_tag?post=113968"}],"curies":[{"name":"wp","href":"https:\/\/api.w.org\/{rel}","templated":true}]}}