{"id":113966,"date":"2026-05-01T00:00:00","date_gmt":"2026-05-01T05:00:00","guid":{"rendered":"http:\/\/gpl-love.com\/es\/?post_type=product&#038;p=113966"},"modified":"2026-05-01T11:15:21","modified_gmt":"2026-05-01T16:15:21","slug":"advanced-ads-pro-wordpress-plugin","status":"publish","type":"product","link":"https:\/\/gpl-love.com\/es\/producto\/advanced-ads-pro-wordpress-plugin\/","title":{"rendered":"Advanced Ads Pro WordPress Plugin 3.0.12"},"content":{"rendered":"<h3>Advanced Ads Pro WordPress Plugin Caracteristicas<\/h3>\n<p>Advanced ADS Pro es un complemento de WordPress incre\u00edblemente robusto y efectivo que ha sido meticulosamente elaborado con la intenci\u00f3n de ayudar a los propietarios y blogueros de los sitios web a optimizar sus ingresos publicitarios al m\u00e1ximo potencial. Con una amplia gama de caracter\u00edsticas y una gran cantidad de opciones de personalizaci\u00f3n a su disposici\u00f3n, utilizar ADS Pro Advanced Pro para crear y administrar sus anuncios en su sitio de WordPress es un proceso sin costuras y sin esfuerzo. Desde sus capacidades de orientaci\u00f3n avanzada hasta su capacidad para realizar pruebas A\/B e implementar sin problemas la rotaci\u00f3n de anuncios, este complemento le permite mantener un control completo sobre las complejidades de sus campa\u00f1as publicitarias. Adem\u00e1s, este complemento est\u00e1 equipado con soporte para m\u00faltiples redes de anuncios y cuenta con un dise\u00f1o receptivo que garantiza que sus anuncios se presenten sin problemas en cualquier dispositivo. La gama integral de caracter\u00edsticas e interfaz f\u00e1cil de usar proporcionada por Advanced ADS Pro garantiza que sus anuncios est\u00e1n alcanzando efectivamente a su p\u00fablico previsto en el momento correcto. Independientemente de si usted es un novato o un anunciante experimentado, Advanced ADS Pro sirve como la mejor soluci\u00f3n para maximizar el potencial de ingresos de su sitio web.<\/p>\n<ul>\n<li>Administre y muestre f\u00e1cilmente anuncios en su sitio de WordPress con ADS ADS PRO avanzado.<\/li>\n<li>Cree y personalice las ubicaciones de anuncios para que coincida con el aspecto de su sitio.<\/li>\n<li>Aproveche las opciones de orientaci\u00f3n avanzada como la orientaci\u00f3n geogr\u00e1fica y la orientaci\u00f3n del dispositivo.<\/li>\n<li>Monitoree el rendimiento de anuncios con an\u00e1lisis integrales y caracter\u00edsticas de informes.<\/li>\n<li>Aumente los ingresos con la capacidad de mostrar m\u00faltiples anuncios por colocaci\u00f3n, rotar anuncios y configurar los horarios de anuncios.<\/li>\n<li>Disfrute de una integraci\u00f3n perfecta con redes publicitarias populares como Google Adsense y los anuncios de compras nativos de Amazon.<\/li>\n<li>Experimente los tiempos de carga r\u00e1pidos para los anuncios con la entrega de anuncios optimizado del complemento.<\/li>\n<li>Beneficiarse del soporte continuo y las actualizaciones frecuentes para garantizar la m\u00e1xima funcionalidad y compatibilidad con las actualizaciones de WordPress.<\/li>\n<\/ul>\n","protected":false},"excerpt":{"rendered":"<p>El complemento Advanced Ads Pro WordPress, una herramienta de publicidad de WordPress de alta calidad, es un activo excepcional para anunciantes y editores en l\u00ednea, incluidos bloggers y editores de revistas. Este complemento de nivel superior, dise\u00f1ado con funciones ADS PRO avanzadas, proporciona una gran cantidad de beneficios. Es una herramienta cuidadosamente elaborada que fomenta el crecimiento y el \u00e9xito, lo que lo convierte en una combinaci\u00f3n perfecta incluso para sitios de comercio electr\u00f3nico grandes.<\/p>\n<p>Con ADS PRO avanzado, los usuarios obtienen acceso a una variedad de caracter\u00edsticas avanzadas, como la rotaci\u00f3n de AD con ADS Pro Advanced Pro, GEO-Targeting en Advanced ADS Pro y el seguimiento e informes de anuncios con avanzados ADS Pro. Estas funcionalidades han sido ingeniosamente dise\u00f1adas para otorgar a los usuarios una capacidad incomparable para administrar sus campa\u00f1as publicitarias con avanzados ADS Pro.<\/p>\n<p>El complemento es intuitivo, ofreciendo una interfaz f\u00e1cil de usar que hace que la optimizaci\u00f3n de ubicaciones de anuncios con ADS AVANCE Pro sea una brisa. Esto, a su vez, ayuda a maximizar los ingresos con Advanced ADS Pro, una caracter\u00edstica que es beneficiosa para todos los usuarios, independientemente de su plataforma.<\/p>\n<p>Las funcionalidades excepcionales de los anuncios avanzados Pro ciertamente no terminan<\/p>\n","protected":false},"featured_media":165290,"comment_status":"open","ping_status":"open","template":"","meta":[],"product_brand":[2350],"product_cat":[1232,1206,1211],"product_tag":[2143],"class_list":{"0":"post-113966","1":"product","2":"type-product","3":"status-publish","4":"has-post-thumbnail","6":"product_brand-advanced-ads","7":"product_cat-marketing-wordpress-plugins","8":"product_cat-plugins","9":"product_cat-wordpress-plugins","10":"product_tag-advanced-ads","11":"member-discount","12":"discount-restricted","14":"first","15":"instock","16":"sale","17":"downloadable","18":"virtual","19":"sold-individually","20":"purchasable","21":"product-type-simple"},"_links":{"self":[{"href":"https:\/\/gpl-love.com\/es\/wp-json\/wp\/v2\/product\/113966","targetHints":{"allow":["GET"]}}],"collection":[{"href":"https:\/\/gpl-love.com\/es\/wp-json\/wp\/v2\/product"}],"about":[{"href":"https:\/\/gpl-love.com\/es\/wp-json\/wp\/v2\/types\/product"}],"replies":[{"embeddable":true,"href":"https:\/\/gpl-love.com\/es\/wp-json\/wp\/v2\/comments?post=113966"}],"wp:featuredmedia":[{"embeddable":true,"href":"https:\/\/gpl-love.com\/es\/wp-json\/wp\/v2\/media\/165290"}],"wp:attachment":[{"href":"https:\/\/gpl-love.com\/es\/wp-json\/wp\/v2\/media?parent=113966"}],"wp:term":[{"taxonomy":"product_brand","embeddable":true,"href":"https:\/\/gpl-love.com\/es\/wp-json\/wp\/v2\/product_brand?post=113966"},{"taxonomy":"product_cat","embeddable":true,"href":"https:\/\/gpl-love.com\/es\/wp-json\/wp\/v2\/product_cat?post=113966"},{"taxonomy":"product_tag","embeddable":true,"href":"https:\/\/gpl-love.com\/es\/wp-json\/wp\/v2\/product_tag?post=113966"}],"curies":[{"name":"wp","href":"https:\/\/api.w.org\/{rel}","templated":true}]}}