{"id":113964,"date":"2025-02-12T00:00:00","date_gmt":"2025-02-12T05:00:00","guid":{"rendered":"http:\/\/gpl-love.com\/es\/?post_type=product&#038;p=113964"},"modified":"2026-03-13T17:35:45","modified_gmt":"2026-03-13T22:35:45","slug":"zox-news-professional-wordpress-news-y-magazine-theme","status":"publish","type":"product","link":"https:\/\/gpl-love.com\/es\/producto\/zox-news-professional-wordpress-news-y-magazine-theme\/","title":{"rendered":"Zox News Professional WordPress News y Magazine Theme 3.17.1"},"content":{"rendered":"<h3>Zox News Professional WordPress News y Magazine Theme Caracteristicas<\/h3>\n<p>Zox News Professional WordPress News and Magazine Theme es un producto notablemente de primer nivel meticulosamente elaborado para adaptarse y cumplir con los requisitos de los sitios web de noticias y revistas. Con su interfaz incre\u00edblemente f\u00e1cil de usar e intuitiva, la administraci\u00f3n de contenido se vuelve muy f\u00e1cil, desprovista de complicaciones o problemas innecesarios. Este tema presenta una variedad de funcionalidades avanzadas, como una p\u00e1gina de inicio totalmente personalizable, diversos dise\u00f1os posteriores y m\u00faltiples ubicaciones de publicidad, todas las cuales contribuyen a su atractivo general. Adem\u00e1s, ofrece una gran cantidad de espacio para la pantalla perfecta de im\u00e1genes de alta resoluci\u00f3n y videos cautivadores, adem\u00e1s de su integraci\u00f3n perfecta con varias plataformas de redes sociales, lo que permite un compromiso m\u00e1ximo con el p\u00fablico objetivo. La excepcional capacidad de respuesta y la compatibilidad m\u00f3vil del tema lo hacen altamente accesible y adaptable en una amplia gama de dispositivos. Adem\u00e1s, su provisi\u00f3n de una excelente atenci\u00f3n al cliente y actualizaciones oportunas asegura que el producto est\u00e9 actualizado con las tendencias en constante evoluci\u00f3n y las \u00faltimas caracter\u00edsticas. En conclusi\u00f3n, el tema de las noticias y la revista de WordPress de Zox News Professional sirve como una inversi\u00f3n excepcional para las personas que buscan una soluci\u00f3n potente y altamente eficiente para sus estimados sitios web de noticias y revistas.<\/p>\n<ul>\n<li>Dise\u00f1o limpio y moderno adecuado para sitios web de noticias y revistas<\/li>\n<li>Dise\u00f1o receptivo que se adapta a todos los tama\u00f1os y dispositivos de pantalla<\/li>\n<li>P\u00e1gina de inicio personalizable con 8 dise\u00f1os diferentes para elegir<\/li>\n<li>4 dise\u00f1os de encabezado para darle a su sitio web un aspecto \u00fanico<\/li>\n<li>Panel de opciones de tema intuitivos para una f\u00e1cil personalizaci\u00f3n<\/li>\n<li>Admite complementos WP populares como Contact Form 7, JetPack y WooCommerce<\/li>\n<li>Integraci\u00f3n de redes sociales incorporadas para ayudarlo a hacer crecer sus seguidores en l\u00ednea<\/li>\n<li>C\u00f3digo optimizado de SEO para ayudarlo a clasificar m\u00e1s alto en los resultados del motor de b\u00fasqueda<\/li>\n<li>Traducci\u00f3n lista con soporte para varios idiomas<\/li>\n<li>Actualizaciones regulares y excelente soporte al cliente del desarrollador de temas.<\/li>\n<\/ul>\n","protected":false},"excerpt":{"rendered":"<p>Si se encuentra en busca de un tema elegante y sofisticado de noticias y revistas para su sitio de WordPress, su b\u00fasqueda ahora puede cesar, para Zox News Professional es la respuesta a su b\u00fasqueda. Este notable tema cuenta con un dise\u00f1o pr\u00edstino y contempor\u00e1neo, junto con la capacidad de personalizar sus widgets y aprovechar sus opciones de temas avanzados. Adem\u00e1s, su dise\u00f1o receptivo garantiza una adaptabilidad perfecta, y su compatibilidad armoniosa con complementos ampliamente utilizados le permite elaborar sin esfuerzo un sitio web que realmente se distingue en medio de la vasta extensi\u00f3n de noticias y medios en l\u00ednea. Comience su viaje de compartir narraciones cautivadoras y art\u00edculos perspicaces con las capacidades incomparables de Zox News Professional hoy.<\/p>\n","protected":false},"featured_media":168731,"comment_status":"open","ping_status":"open","template":"","meta":[],"product_brand":[2337],"product_cat":[1245,1237,1238],"product_tag":[1391],"class_list":{"0":"post-113964","1":"product","2":"type-product","3":"status-publish","4":"has-post-thumbnail","6":"product_brand-themeforest","7":"product_cat-blog-revista","8":"product_cat-temas","9":"product_cat-wordpress-temas","10":"product_tag-themeforest","11":"member-discount","12":"discount-restricted","14":"first","15":"instock","16":"sale","17":"downloadable","18":"virtual","19":"sold-individually","20":"product-type-simple"},"_links":{"self":[{"href":"https:\/\/gpl-love.com\/es\/wp-json\/wp\/v2\/product\/113964","targetHints":{"allow":["GET"]}}],"collection":[{"href":"https:\/\/gpl-love.com\/es\/wp-json\/wp\/v2\/product"}],"about":[{"href":"https:\/\/gpl-love.com\/es\/wp-json\/wp\/v2\/types\/product"}],"replies":[{"embeddable":true,"href":"https:\/\/gpl-love.com\/es\/wp-json\/wp\/v2\/comments?post=113964"}],"wp:featuredmedia":[{"embeddable":true,"href":"https:\/\/gpl-love.com\/es\/wp-json\/wp\/v2\/media\/168731"}],"wp:attachment":[{"href":"https:\/\/gpl-love.com\/es\/wp-json\/wp\/v2\/media?parent=113964"}],"wp:term":[{"taxonomy":"product_brand","embeddable":true,"href":"https:\/\/gpl-love.com\/es\/wp-json\/wp\/v2\/product_brand?post=113964"},{"taxonomy":"product_cat","embeddable":true,"href":"https:\/\/gpl-love.com\/es\/wp-json\/wp\/v2\/product_cat?post=113964"},{"taxonomy":"product_tag","embeddable":true,"href":"https:\/\/gpl-love.com\/es\/wp-json\/wp\/v2\/product_tag?post=113964"}],"curies":[{"name":"wp","href":"https:\/\/api.w.org\/{rel}","templated":true}]}}