{"id":113952,"date":"2025-06-03T00:00:00","date_gmt":"2025-06-03T05:00:00","guid":{"rendered":"http:\/\/gpl-love.com\/es\/?post_type=product&#038;p=113952"},"modified":"2026-03-09T07:26:30","modified_gmt":"2026-03-09T12:26:30","slug":"custom-payment-gateway-pro-para-woocommerce","status":"publish","type":"product","link":"https:\/\/gpl-love.com\/es\/producto\/custom-payment-gateway-pro-para-woocommerce\/","title":{"rendered":"Custom Payment Gateway Pro para WooCommerce 3.1.1"},"content":{"rendered":"<h3>Custom Payment Gateway Pro para WooCommerce Caracteristicas<\/h3>\n<p>La pasarela de pago personalizado para WooCommerce es una herramienta robusta y altamente eficiente que se ha desarrollado espec\u00edficamente para ayudar a las empresas a incorporar sin esfuerzo las pasarelas de pago personalizadas en sus tiendas de WooCommerce existentes. Al utilizar este complemento excepcional, los usuarios pueden agregar sin esfuerzo y administrar efectivamente numerosos m\u00e9todos de pago, personalizar el proceso de pago para alinearse perfectamente con sus requisitos individuales y garantizar que todas las transacciones realizadas en su plataforma est\u00e9n completamente seguras y protegidas para sus valiosos clientes. Adem\u00e1s, la instalaci\u00f3n y configuraci\u00f3n de este complemento es notablemente directa y f\u00e1cil de usar, lo que permite a las empresas comenzar de inmediato a aceptar los pagos de sus puertas de enlace preferidas sin ning\u00fan retraso o inconveniente innecesario. Adem\u00e1s, es imperativo destacar que la puerta de pasarela de pago personalizado para WooCommerce ofrece una variedad de caracter\u00edsticas avanzadas, como monitoreo de transacciones en tiempo real, notificaciones de pago totalmente personalizables e informes detallados e integrales que describen y documentan meticulosamente la totalidad de sus ventas y sus ventas y sus ventas y sus ventas. ganancia. En consecuencia, queda muy claro que este complemento extraordinario es inequ\u00edvocamente un recurso indispensable y fundamental para cualquier empresa comercial que se esfuerza activamente para optimizar y aumentar sus flujos de ingresos, al tiempo que garantiza una experiencia de comprobaci\u00f3n sin problemas y sin problemas por su cliente estimado y leyal. base.<\/p>\n<ul>\n<li>Soluci\u00f3n de pasarela de pago robusta y flexible para WooCommerce<\/li>\n<li>Opciones de procesamiento de pagos personalizables para comerciantes<\/li>\n<li>Proceso de pago sin problemas para los clientes<\/li>\n<li>Procesamiento de pago seguro y confiable<\/li>\n<li>Admite m\u00faltiples m\u00e9todos de pago que incluyen tarjetas de cr\u00e9dito, PayPal y m\u00e1s<\/li>\n<li>Integraci\u00f3n f\u00e1cil con la tienda WooCommerce<\/li>\n<li>Medidas avanzadas de detecci\u00f3n y prevenci\u00f3n de fraude<\/li>\n<li>Capacidad para administrar y rastrear transacciones y pagos<\/li>\n<li>Integraci\u00f3n perfecta con el dise\u00f1o y la marca existentes de la tienda<\/li>\n<li>Excelente soporte al cliente y documentaci\u00f3n<\/li>\n<\/ul>\n","protected":false},"excerpt":{"rendered":"<p>Custom Paying Gateway Pro para WooCommerce es una herramienta excepcional dise\u00f1ada para mejorar sus transacciones de comercio electr\u00f3nico. Este complemento de \u00faltima generaci\u00f3n le permite integrar sin problemas su pasarela de pago preferido en su tienda WooCommerce. Es una soluci\u00f3n definitiva que otorga flexibilidad y control sobre sus ventas en l\u00ednea, lo que brinda a sus clientes una elecci\u00f3n m\u00e1s amplia de m\u00e9todos de pago. Este complemento premium es f\u00e1cil de usar, f\u00e1cil de configurar y compatible con todos los temas de WooCommerce. Es imprescindible para cualquier comerciante en l\u00ednea, que brinde una experiencia de compra segura, eficiente y personalizada para los clientes a nivel mundial. Por lo tanto, aumente sus ventas y satisfacci\u00f3n del cliente hoy con Custom Paying Gateway Pro para WooCommerce.<\/p>\n","protected":false},"featured_media":165741,"comment_status":"open","ping_status":"open","template":"","meta":[],"product_brand":[2405],"product_cat":[1207,1426,1206],"product_tag":[2141],"class_list":{"0":"post-113952","1":"product","2":"type-product","3":"status-publish","4":"has-post-thumbnail","6":"product_brand-wpruby","7":"product_cat-comercio-electronico-plugins","8":"product_cat-pago-comercio-electronico-plugins","9":"product_cat-plugins","10":"product_tag-wpruby","11":"member-discount","12":"discount-restricted","14":"first","15":"instock","16":"sale","17":"downloadable","18":"virtual","19":"sold-individually","20":"purchasable","21":"product-type-simple"},"_links":{"self":[{"href":"https:\/\/gpl-love.com\/es\/wp-json\/wp\/v2\/product\/113952","targetHints":{"allow":["GET"]}}],"collection":[{"href":"https:\/\/gpl-love.com\/es\/wp-json\/wp\/v2\/product"}],"about":[{"href":"https:\/\/gpl-love.com\/es\/wp-json\/wp\/v2\/types\/product"}],"replies":[{"embeddable":true,"href":"https:\/\/gpl-love.com\/es\/wp-json\/wp\/v2\/comments?post=113952"}],"wp:featuredmedia":[{"embeddable":true,"href":"https:\/\/gpl-love.com\/es\/wp-json\/wp\/v2\/media\/165741"}],"wp:attachment":[{"href":"https:\/\/gpl-love.com\/es\/wp-json\/wp\/v2\/media?parent=113952"}],"wp:term":[{"taxonomy":"product_brand","embeddable":true,"href":"https:\/\/gpl-love.com\/es\/wp-json\/wp\/v2\/product_brand?post=113952"},{"taxonomy":"product_cat","embeddable":true,"href":"https:\/\/gpl-love.com\/es\/wp-json\/wp\/v2\/product_cat?post=113952"},{"taxonomy":"product_tag","embeddable":true,"href":"https:\/\/gpl-love.com\/es\/wp-json\/wp\/v2\/product_tag?post=113952"}],"curies":[{"name":"wp","href":"https:\/\/api.w.org\/{rel}","templated":true}]}}