{"id":113950,"date":"2021-08-05T00:00:00","date_gmt":"2021-08-05T05:00:00","guid":{"rendered":"http:\/\/gpl-love.com\/es\/?post_type=product&#038;p=113950"},"modified":"2026-03-13T17:17:31","modified_gmt":"2026-03-13T22:17:31","slug":"carspot-automotive-car-dealer-wordpress-classified-theme","status":"publish","type":"product","link":"https:\/\/gpl-love.com\/es\/producto\/carspot-automotive-car-dealer-wordpress-classified-theme\/","title":{"rendered":"CarSpot Automotive Car Dealer WordPress Classified Theme 2.3.2"},"content":{"rendered":"<h3>CarSpot Automotive Car Dealer WordPress Classified Theme Caracteristicas<\/h3>\n<p>Carspot Automotive Car Distader WordPress El tema clasificado de WordPress es una soluci\u00f3n que lo abarca todo y se atenta a los concesionarios de autom\u00f3viles y a los entusiastas de los autom\u00f3viles que buscan establecer una presencia profesional en l\u00ednea. Con una interfaz personalizable y f\u00e1cil de usar, este tema garantiza una navegaci\u00f3n f\u00e1cil y una experiencia de compra perfecta para clientes exigentes. Con una capacidad de respuesta completa y optimizaci\u00f3n de SEO, su sitio web ser\u00e1 f\u00e1cilmente accesible y descubierta por los motores de b\u00fasqueda. Carspot va m\u00e1s all\u00e1 con opciones avanzadas de b\u00fasqueda y filtrado, herramientas de comparaci\u00f3n de veh\u00edculos y una gran cantidad de opciones de pago y env\u00edo para optimizar el proceso de compra y venta de autom\u00f3viles. Adem\u00e1s, este tema incluye intercambio social incorporado, integraci\u00f3n de Google Maps y una variedad de otras caracter\u00edsticas para facilitar el crecimiento empresarial y la participaci\u00f3n de la audiencia. Al aprovechar el poder de Carspot Automotive Car Distader WordPress Clasificado Tema, podr\u00e1 construir una plataforma en l\u00ednea llamativa y din\u00e1mica que se destaca en medio de los competidores y lo impulsa a lograr sus objetivos de ventas y marketing.<\/p>\n<ul>\n<li>Un poderoso tema de WordPress de distribuidor de autom\u00f3viles dise\u00f1ado espec\u00edficamente para negocios automotrices<\/li>\n<li>Herramientas de b\u00fasqueda avanzadas incorporadas para ayudar a los usuarios a encontrar r\u00e1pidamente los autos que buscan<\/li>\n<li>Sistema de gesti\u00f3n de inventario din\u00e1mico para ayudar a los distribuidores a realizar un seguimiento de sus listados de veh\u00edculos<\/li>\n<li>Admite complementos de terceros como WooCommerce, Contact Form 7 y Revolution Slider<\/li>\n<li>Dise\u00f1o totalmente receptivo y amigable para m\u00f3viles para una experiencia de usuario perfecta en cualquier dispositivo<\/li>\n<li>Dise\u00f1o de la p\u00e1gina de inicio personalizable con una gama de widgets y un constructor de p\u00e1ginas de arrastrar y soltar<\/li>\n<li>Soporte de varios idiomas para atender a una audiencia global<\/li>\n<li>Optimizado para velocidades de carga r\u00e1pidas para mejorar la experiencia del usuario y las clasificaciones de los motores de b\u00fasqueda<\/li>\n<li>Construido con las mejores pr\u00e1cticas de SEO en mente para ayudar a los sitios web a clasificar m\u00e1s alto en las p\u00e1ginas de resultados de los motores de b\u00fasqueda<\/li>\n<li>Actualizaciones gratuitas de por vida y equipo de atenci\u00f3n al cliente dedicado.<\/li>\n<\/ul>\n","protected":false},"excerpt":{"rendered":"<p>Introducci\u00f3n de Carspot, un concesionario automotriz de WordPress clasificado de WordPress dise\u00f1ado para revolucionar su negocio de autom\u00f3viles. Combinando el poder de WordPress y nuestro dise\u00f1o innovador, este tema permite que los concesionarios de autom\u00f3viles muestren su inventario de manera elegante y profesional. CarSpot ofrece una caracter\u00edstica clasificada \u00fanica, que permite a los usuarios navegar a trav\u00e9s de una amplia gama de veh\u00edculos, ayudando a los clientes potenciales a encontrar su coincidencia perfecta. Con los sistemas de gesti\u00f3n de concesionarios integrados, puede administrar f\u00e1cilmente sus listados, rastrear clientes potenciales y garantizar una experiencia de cliente perfecta. Tambi\u00e9n incluye un dise\u00f1o receptivo, asegurando que su sitio web se ve y funcione sin problemas en todos los dispositivos. Transforme su negocio con Carspot, el mejor tema de WordPress para los concesionarios de autom\u00f3viles.<\/p>\n","protected":false},"featured_media":165599,"comment_status":"open","ping_status":"open","template":"","meta":[],"product_brand":[2337],"product_cat":[1267,1237,1238],"product_tag":[1391],"class_list":{"0":"post-113950","1":"product","2":"type-product","3":"status-publish","4":"has-post-thumbnail","6":"product_brand-themeforest","7":"product_cat-creativo","8":"product_cat-temas","9":"product_cat-wordpress-temas","10":"product_tag-themeforest","11":"member-discount","12":"discount-restricted","14":"first","15":"instock","16":"sale","17":"downloadable","18":"virtual","19":"sold-individually","20":"purchasable","21":"product-type-simple"},"_links":{"self":[{"href":"https:\/\/gpl-love.com\/es\/wp-json\/wp\/v2\/product\/113950","targetHints":{"allow":["GET"]}}],"collection":[{"href":"https:\/\/gpl-love.com\/es\/wp-json\/wp\/v2\/product"}],"about":[{"href":"https:\/\/gpl-love.com\/es\/wp-json\/wp\/v2\/types\/product"}],"replies":[{"embeddable":true,"href":"https:\/\/gpl-love.com\/es\/wp-json\/wp\/v2\/comments?post=113950"}],"wp:featuredmedia":[{"embeddable":true,"href":"https:\/\/gpl-love.com\/es\/wp-json\/wp\/v2\/media\/165599"}],"wp:attachment":[{"href":"https:\/\/gpl-love.com\/es\/wp-json\/wp\/v2\/media?parent=113950"}],"wp:term":[{"taxonomy":"product_brand","embeddable":true,"href":"https:\/\/gpl-love.com\/es\/wp-json\/wp\/v2\/product_brand?post=113950"},{"taxonomy":"product_cat","embeddable":true,"href":"https:\/\/gpl-love.com\/es\/wp-json\/wp\/v2\/product_cat?post=113950"},{"taxonomy":"product_tag","embeddable":true,"href":"https:\/\/gpl-love.com\/es\/wp-json\/wp\/v2\/product_tag?post=113950"}],"curies":[{"name":"wp","href":"https:\/\/api.w.org\/{rel}","templated":true}]}}