{"id":113948,"date":"2025-05-27T00:00:00","date_gmt":"2025-05-27T05:00:00","guid":{"rendered":"http:\/\/gpl-love.com\/es\/?post_type=product&#038;p=113948"},"modified":"2026-03-09T07:40:19","modified_gmt":"2026-03-09T12:40:19","slug":"gravity-forms-styles-pro-addon","status":"publish","type":"product","link":"https:\/\/gpl-love.com\/es\/producto\/gravity-forms-styles-pro-addon\/","title":{"rendered":"Gravity Forms Styles Pro Addon 3.1.4"},"content":{"rendered":"<h3>Gravity Forms Styles Pro Addon Caracteristicas<\/h3>\n<p>La gravedad forma Styles Pro Addon, una herramienta muy potente, sirve para mejorar el atractivo visual de sus formas de gravedad. Al emplear este complemento, puede moda sin esfuerzo formas exquisitas que se alinean sin problemas con la marca o la est\u00e9tica \u00fanica de su sitio web. Le otorga una interfaz de usuario intuitiva por la cual puede personalizar sin esfuerzo cada faceta de sus formularios, ya sea la tipograf\u00eda, la paleta de colores, los bordes o los fondos. Adem\u00e1s, tambi\u00e9n se le otorga la comodidad de seleccionar de una amplia gama de plantillas meticulosamente elaboradas, lo que le permite embarcar r\u00e1pidamente su esfuerzo de creaci\u00f3n de forma. En particular, la gravedad Forms Styles Pro Addon tambi\u00e9n extiende la facilidad de integrar animaciones y efectos cautivadores en sus formas, elevando as\u00ed su encanto e interactividad general, asegurando as\u00ed una experiencia de usuario superlativa. En consecuencia, con la ayuda de este complemento, posee el potencial de impulsar sus formas de gravedad a alturas sin precedentes, lo que aumenta fundamentalmente su experiencia de usuario.<\/p>\n<ul>\n<li>Mejora la apariencia y la funcionalidad de los formularios de gravedad en su sitio web de WordPress<\/li>\n<li>Incluye m\u00e1s de 25 estilos y dise\u00f1os listos para usar para elegir<\/li>\n<li>Opci\u00f3n para personalizar estilos y crear sus propios dise\u00f1os \u00fanicos<\/li>\n<li>La interfaz f\u00e1cil de usar hace que sea f\u00e1cil aplicar estilos y ajustes<\/li>\n<li>Compatible con todas las formas de gravedad y extensiones<\/li>\n<li>El dise\u00f1o receptivo garantiza que los formularios se vean bien en todos los dispositivos<\/li>\n<li>Aumenta el compromiso y mejora la experiencia del usuario para los visitantes del sitio web que completan formularios<\/li>\n<li>Las opciones de estilo flexible le permiten crear formularios que coincidan con la marca y el dise\u00f1o de su sitio web<\/li>\n<li>Actualizado continuamente con nuevas funciones y estilos<\/li>\n<li>Compra \u00fanica sin tarifas mensuales o suscripci\u00f3n requerida<\/li>\n<\/ul>\n","protected":false},"excerpt":{"rendered":"<p>El complemento de Gravity Forms Styles Pro es un complemento inmensamente robusto que proporciona a los usuarios la conveniencia de alterar sin esfuerzo los aspectos est\u00e9ticos de sus formas de gravedad. Este complemento le otorga la capacidad de dise\u00f1ar formas visualmente cautivadoras y elegantes que se alineen perfectamente con el dise\u00f1o y la marca de su sitio web. Est\u00e1 equipado con una amplia variedad de plantillas predise\u00f1adas y una variedad de opciones personalizables que abarcan fuentes, colores, fondos y una variedad de otras caracter\u00edsticas. Independientemente de si est\u00e1 construyendo formularios de contacto, encuestas o formularios de pedido, los estilos de formularios de gravedad Pro Addon est\u00e1n equipados con todas las herramientas necesarias para crear formularios que exuden un aire de profesionalismo, cautivando as\u00ed la atenci\u00f3n de los visitantes de su sitio web.<\/p>\n","protected":false},"featured_media":166332,"comment_status":"open","ping_status":"open","template":"","meta":[],"product_brand":[2339],"product_cat":[1214,1206,1211],"product_tag":[1256],"class_list":{"0":"post-113948","1":"product","2":"type-product","3":"status-publish","4":"has-post-thumbnail","6":"product_brand-codecanyon","7":"product_cat-personalizacion","8":"product_cat-plugins","9":"product_cat-wordpress-plugins","10":"product_tag-codecanyon","11":"member-discount","12":"discount-restricted","14":"first","15":"instock","16":"sale","17":"downloadable","18":"virtual","19":"sold-individually","20":"purchasable","21":"product-type-simple"},"_links":{"self":[{"href":"https:\/\/gpl-love.com\/es\/wp-json\/wp\/v2\/product\/113948","targetHints":{"allow":["GET"]}}],"collection":[{"href":"https:\/\/gpl-love.com\/es\/wp-json\/wp\/v2\/product"}],"about":[{"href":"https:\/\/gpl-love.com\/es\/wp-json\/wp\/v2\/types\/product"}],"replies":[{"embeddable":true,"href":"https:\/\/gpl-love.com\/es\/wp-json\/wp\/v2\/comments?post=113948"}],"wp:featuredmedia":[{"embeddable":true,"href":"https:\/\/gpl-love.com\/es\/wp-json\/wp\/v2\/media\/166332"}],"wp:attachment":[{"href":"https:\/\/gpl-love.com\/es\/wp-json\/wp\/v2\/media?parent=113948"}],"wp:term":[{"taxonomy":"product_brand","embeddable":true,"href":"https:\/\/gpl-love.com\/es\/wp-json\/wp\/v2\/product_brand?post=113948"},{"taxonomy":"product_cat","embeddable":true,"href":"https:\/\/gpl-love.com\/es\/wp-json\/wp\/v2\/product_cat?post=113948"},{"taxonomy":"product_tag","embeddable":true,"href":"https:\/\/gpl-love.com\/es\/wp-json\/wp\/v2\/product_tag?post=113948"}],"curies":[{"name":"wp","href":"https:\/\/api.w.org\/{rel}","templated":true}]}}