{"id":113944,"date":"2024-09-25T00:00:00","date_gmt":"2024-09-25T05:00:00","guid":{"rendered":"http:\/\/gpl-love.com\/es\/producto\/quform-wordpress-form-builder\/"},"modified":"2026-04-10T11:22:43","modified_gmt":"2026-04-10T16:22:43","slug":"quform-wordpress-form-builder","status":"publish","type":"product","link":"https:\/\/gpl-love.com\/es\/producto\/quform-wordpress-form-builder\/","title":{"rendered":"Quform WordPress Form Builder 2.21.1"},"content":{"rendered":"<h3>Quform WordPress Form Builder Caracteristicas<\/h3>\n<p>Quform, un constructor de formulario de WordPress altamente capaz, le permite construir sin esfuerzo formularios profesionales y a medida para su sitio web. Aprovechando su interfaz de arrastre y ca\u00edda f\u00e1cil de usar, puede adaptar sin esfuerzo sus formularios y campos para alinearse con su marca y recopilar sin esfuerzo la informaci\u00f3n necesaria de sus usuarios. Con una variedad de plantillas de formulario y caracter\u00edsticas sofisticadas, como la l\u00f3gica condicional, los formularios de m\u00faltiples pasos e integraci\u00f3n de pagos, Quform surge como la soluci\u00f3n por excelencia para cualquier sitio web que necesite un constructor de formularios confiable y eficiente. Adem\u00e1s, con su capacidad de respuesta inherente y compatibilidad en todos los dispositivos, puede garantizar la accesibilidad universal a sus formularios, en cualquier momento y en cualquier lugar. \u00a1No pierda el tiempo y adquiere Quform hoy para embarcarse en la realizaci\u00f3n de sus aspiraciones de construcci\u00f3n de forma!<\/p>\n<ul>\n<li>Formas personalizables de alta calidad dise\u00f1adas para sitios web de WordPress<\/li>\n<li>El constructor de formulario de arrastrar y soltar facilita la creaci\u00f3n de formularios sin codificar<\/li>\n<li>M\u00e1s de 20 tipos de campo para elegir, incluidos campos de texto, casillas de verificaci\u00f3n y cargas de archivos<\/li>\n<li>La l\u00f3gica condicional le permite crear formas din\u00e1micas que cambian seg\u00fan la entrada del usuario<\/li>\n<li>Las medidas anti-Spam incorporadas ayudan a prevenir las presentaciones no deseadas<\/li>\n<li>Se integra con servicios populares de marketing por correo electr\u00f3nico como MailChimp y Campaign Monitor<\/li>\n<li>Opciones de estilo de formulario flexible para que coincidan con la marca de su sitio web<\/li>\n<li>Los env\u00edos de formulario se pueden guardar en su base de datos de WordPress o enviarle un correo electr\u00f3nico directamente a usted<\/li>\n<li>Soporte para formularios de m\u00faltiples p\u00e1ginas y archivos adjuntos<\/li>\n<li>Desarrollador con ganchos y filtros para la personalizaci\u00f3n<\/li>\n<li>Actualizaciones regulares y excelente atenci\u00f3n al cliente del desarrollador.<\/li>\n<\/ul>\n","protected":false},"excerpt":{"rendered":"<p>Quform, un complemento de WordPress altamente vers\u00e1til, presenta a los usuarios la capacidad perfecta para generar formas a medida sin esfuerzo. Por medio de un constructor intuitivo de arrastrar y soltar, uno puede incorporar a la perfecci\u00f3n una serie de tipos de campo, desde componentes textuales y botones de radio hasta cargas de archivos y pasarelas de pago. Adem\u00e1s, QuForm abarca funcionalidades avanzadas que incluyen l\u00f3gica condicional, formularios de m\u00faltiples pasos y cumplimiento de GDPR, elevando as\u00ed su propuesta de valor general. Adem\u00e1s, su dise\u00f1o receptivo garantiza una presentaci\u00f3n de forma impecable en diferentes dispositivos, mientras que el potencial de integraci\u00f3n con estimadas plataformas de marketing por correo electr\u00f3nico, como MailChimp y Campion Monitor, permite a los usuarios acumular datos sin esfuerzo, fomentando as\u00ed los esfuerzos de expansi\u00f3n de su audiencia.<\/p>\n","protected":false},"featured_media":167303,"comment_status":"open","ping_status":"open","template":"","meta":[],"product_brand":[2339],"product_cat":[1216,1206,1211],"product_tag":[1256],"class_list":{"0":"post-113944","1":"product","2":"type-product","3":"status-publish","4":"has-post-thumbnail","6":"product_brand-codecanyon","7":"product_cat-formas","8":"product_cat-plugins","9":"product_cat-wordpress-plugins","10":"product_tag-codecanyon","11":"member-discount","12":"discount-restricted","14":"first","15":"instock","16":"sale","17":"downloadable","18":"virtual","19":"sold-individually","20":"purchasable","21":"product-type-simple"},"_links":{"self":[{"href":"https:\/\/gpl-love.com\/es\/wp-json\/wp\/v2\/product\/113944","targetHints":{"allow":["GET"]}}],"collection":[{"href":"https:\/\/gpl-love.com\/es\/wp-json\/wp\/v2\/product"}],"about":[{"href":"https:\/\/gpl-love.com\/es\/wp-json\/wp\/v2\/types\/product"}],"replies":[{"embeddable":true,"href":"https:\/\/gpl-love.com\/es\/wp-json\/wp\/v2\/comments?post=113944"}],"wp:featuredmedia":[{"embeddable":true,"href":"https:\/\/gpl-love.com\/es\/wp-json\/wp\/v2\/media\/167303"}],"wp:attachment":[{"href":"https:\/\/gpl-love.com\/es\/wp-json\/wp\/v2\/media?parent=113944"}],"wp:term":[{"taxonomy":"product_brand","embeddable":true,"href":"https:\/\/gpl-love.com\/es\/wp-json\/wp\/v2\/product_brand?post=113944"},{"taxonomy":"product_cat","embeddable":true,"href":"https:\/\/gpl-love.com\/es\/wp-json\/wp\/v2\/product_cat?post=113944"},{"taxonomy":"product_tag","embeddable":true,"href":"https:\/\/gpl-love.com\/es\/wp-json\/wp\/v2\/product_tag?post=113944"}],"curies":[{"name":"wp","href":"https:\/\/api.w.org\/{rel}","templated":true}]}}