{"id":113942,"date":"2022-03-30T00:00:00","date_gmt":"2022-03-30T05:00:00","guid":{"rendered":"http:\/\/gpl-love.com\/es\/producto\/edumodo-education-wordpress-theme\/"},"modified":"2026-03-13T17:19:49","modified_gmt":"2026-03-13T22:19:49","slug":"edumodo-education-wordpress-theme","status":"publish","type":"product","link":"https:\/\/gpl-love.com\/es\/producto\/edumodo-education-wordpress-theme\/","title":{"rendered":"Edumodo Education WordPress Theme 4.3.1"},"content":{"rendered":"<h3>Edumodo Education WordPress Theme Caracteristicas<\/h3>\n<p>Edumodo Education WordPress El tema es una soluci\u00f3n extensa y f\u00e1cil de usar que satisface las necesidades de instituciones educativas, proveedores de cursos en l\u00ednea e instructores individuales. Este tema ofrece una gran cantidad de caracter\u00edsticas innovadoras que racionalizan el proceso de creaci\u00f3n y gesti\u00f3n de sitios web espec\u00edficamente dise\u00f1ados para fines educativos. Adem\u00e1s, es totalmente receptivo, lo que garantiza un rendimiento \u00f3ptimo en todos los dispositivos. En particular, el tema proporciona plantillas personalizables, facilita el uso de constructores de p\u00e1ginas de arrastrar y soltar, y ofrece un panel de opciones de tema robusto que otorga a los usuarios la capacidad de personalizar la apariencia y la funcionalidad de su sitio web. Adem\u00e1s, el tema de Edumodo Education WordPress cuenta con una variedad de demostraciones preconstruidas que aceleran el proceso de configuraci\u00f3n del sitio web con un esfuerzo m\u00ednimo. Equipado con sus herramientas de aprendizaje electr\u00f3nico incorporadas, este tema faculta a los usuarios generar y supervisar cursos, cuestionarios y tareas sin esfuerzo. En esencia, el tema de Edumodo Education WordPress personifica una soluci\u00f3n todo en uno para la creaci\u00f3n y gesti\u00f3n perfecta de los sitios web educativos.<\/p>\n<ul>\n<li>Dise\u00f1o receptivo y personalizable<\/li>\n<li>Compatible con complementos populares de aprendizaje electr\u00f3nico<\/li>\n<li>Sistema de gesti\u00f3n y seguimiento de cursos incorporados<\/li>\n<li>Procesamiento de pagos integrado para ventas de cursos<\/li>\n<li>Soporte multiling\u00fce para los mercados educativos globales<\/li>\n<li>Optimizado para la clasificaci\u00f3n del motor de b\u00fasqueda y la participaci\u00f3n del estudiante<\/li>\n<li>Constructor de p\u00e1gina de arrastrar y soltar f\u00e1ciles de usar<\/li>\n<li>Integraci\u00f3n de redes sociales para compartir contenido del curso<\/li>\n<li>Actualizaciones de por vida y soporte dedicado del desarrollador<\/li>\n<li>Una amplia gama de opciones de personalizaci\u00f3n para la marca y la personalizaci\u00f3n.<\/li>\n<\/ul>\n","protected":false},"excerpt":{"rendered":"<p>El tema de WordPress de Edumodo Education es una soluci\u00f3n excepcional adaptada espec\u00edficamente para los educadores que aspiran a establecer una presencia en l\u00ednea sofisticada y cautivadora. Con su dise\u00f1o elegante y contempor\u00e1neo, este tema muestra un dise\u00f1o f\u00e1cil de usar complementado por una gran cantidad de opciones personalizables. Sirve como una plataforma perfecta para mostrar efectivamente una gran cantidad de contenido educativo, incluidos cursos, horarios de clases y mucho m\u00e1s. Con una variedad de caracter\u00edsticas impresionantes, Edumodo abarca un dise\u00f1o receptivo, que ofrece una adaptabilidad perfecta en m\u00faltiples dispositivos. Adem\u00e1s, ofrece varios dise\u00f1os de encabezado y pie de p\u00e1gina, que atienden a diversas preferencias est\u00e9ticas. Como una ventaja adicional, este tema est\u00e1 equipado con p\u00e1ginas predise\u00f1adas para testimonios, precios y preguntas frecuentes, facilitando la navegaci\u00f3n simplificada y la experiencia mejorada del usuario. NoteWorthy es la funci\u00f3n intuitiva de creador de p\u00e1ginas de arrastrar y soltar, que permite la creaci\u00f3n de p\u00e1ginas visualmente impresionantes sin necesitar habilidades de codificaci\u00f3n avanzadas. Tenga la seguridad, con Edumodo al tim\u00f3n, su sitio web exudar\u00e1 una sensaci\u00f3n de inspiraci\u00f3n y cautivar\u00e1 la atenci\u00f3n de los estudiantes, los padres y cualquier persona con un ferviente deseo de adquirir conocimiento.<\/p>\n","protected":false},"featured_media":165918,"comment_status":"open","ping_status":"open","template":"","meta":[],"product_brand":[2337],"product_cat":[1267,1237,1238],"product_tag":[1391],"class_list":{"0":"post-113942","1":"product","2":"type-product","3":"status-publish","4":"has-post-thumbnail","6":"product_brand-themeforest","7":"product_cat-creativo","8":"product_cat-temas","9":"product_cat-wordpress-temas","10":"product_tag-themeforest","11":"member-discount","12":"discount-restricted","14":"first","15":"instock","16":"sale","17":"downloadable","18":"virtual","19":"sold-individually","20":"purchasable","21":"product-type-simple"},"_links":{"self":[{"href":"https:\/\/gpl-love.com\/es\/wp-json\/wp\/v2\/product\/113942","targetHints":{"allow":["GET"]}}],"collection":[{"href":"https:\/\/gpl-love.com\/es\/wp-json\/wp\/v2\/product"}],"about":[{"href":"https:\/\/gpl-love.com\/es\/wp-json\/wp\/v2\/types\/product"}],"replies":[{"embeddable":true,"href":"https:\/\/gpl-love.com\/es\/wp-json\/wp\/v2\/comments?post=113942"}],"wp:featuredmedia":[{"embeddable":true,"href":"https:\/\/gpl-love.com\/es\/wp-json\/wp\/v2\/media\/165918"}],"wp:attachment":[{"href":"https:\/\/gpl-love.com\/es\/wp-json\/wp\/v2\/media?parent=113942"}],"wp:term":[{"taxonomy":"product_brand","embeddable":true,"href":"https:\/\/gpl-love.com\/es\/wp-json\/wp\/v2\/product_brand?post=113942"},{"taxonomy":"product_cat","embeddable":true,"href":"https:\/\/gpl-love.com\/es\/wp-json\/wp\/v2\/product_cat?post=113942"},{"taxonomy":"product_tag","embeddable":true,"href":"https:\/\/gpl-love.com\/es\/wp-json\/wp\/v2\/product_tag?post=113942"}],"curies":[{"name":"wp","href":"https:\/\/api.w.org\/{rel}","templated":true}]}}