{"id":113938,"date":"2025-09-09T00:00:00","date_gmt":"2025-09-09T05:00:00","guid":{"rendered":"http:\/\/gpl-love.com\/es\/producto\/totalpoll-pro-responsive-wordpress-poll-plugin\/"},"modified":"2026-04-10T11:28:59","modified_gmt":"2026-04-10T16:28:59","slug":"totalpoll-pro-responsive-wordpress-poll-plugin","status":"publish","type":"product","link":"https:\/\/gpl-love.com\/es\/producto\/totalpoll-pro-responsive-wordpress-poll-plugin\/","title":{"rendered":"Total Poll Pro Responsive WordPress Poll Plugin 4.12.0"},"content":{"rendered":"<h3>Total Poll Pro Responsive WordPress Poll Plugin Caracteristicas<\/h3>\n<p>Total Poll Pro es un complemento de encuesta de WordPress altamente receptivo y sofisticado que faculta a los usuarios crear y administrar efectivamente las encuestas directamente en su sitio web. Con una interfaz perfecta y f\u00e1cil de usar, TotalPoll Pro ofrece una gran cantidad de opciones personalizables que permiten a los propietarios de sitios web comprometerse activamente con su audiencia y acumular comentarios invaluables. Hecho en mente con WordPress, este complemento se integra perfectamente con la plataforma, asegurando un proceso de configuraci\u00f3n optimizado que sea muy f\u00e1cil de instalar. Repleto de funcionalidades avanzadas que incluyen el seguimiento de resultados en tiempo real, las capacidades de intercambio de redes sociales y m\u00faltiples opciones de votaci\u00f3n, TotalPoll Pro demuestra ser una herramienta indispensable para cualquier sitio web que se esfuerce por enriquecer la participaci\u00f3n del usuario y la interacci\u00f3n de refuerzo. Ya sea que opere un modesto blog personal o un sitio web comercial en expansi\u00f3n, TotalPoll Pro sirve sin esfuerzo como la mejor soluci\u00f3n para generar encuestas din\u00e1micas y cautivadoras que innegan innegablemente atraer\u00e1n a sus visitantes a devolver una y otra vez.<\/p>\n<ul>\n<li>Cree encuestas ilimitadas con una variedad de tipos de preguntas, que incluyen opci\u00f3n \u00fanica, opci\u00f3n m\u00faltiple y finalizaci\u00f3n abierta.<\/li>\n<li>Personalice la apariencia de sus encuestas con un constructor de arrastre y saliva y m\u00e1s de 10 temas para elegir.<\/li>\n<li>Configurar configuraciones detalladas, como l\u00edmites de voto, fechas de vencimiento y restricciones por direcci\u00f3n IP o rol de usuario.<\/li>\n<li>Muestre sus encuestas de varias maneras, incluso como ventanas emergentes, widgets o incrustados directamente en su contenido.<\/li>\n<li>Analice los resultados de su encuesta con estad\u00edsticas y gr\u00e1ficos detallados, incluida la capacidad de exportar datos como archivos CSV.<\/li>\n<li>Utilice las opciones de intercambio social incorporadas para aumentar el compromiso y para ayudar a sus encuestas a ser virales.<\/li>\n<li>Aproveche el dise\u00f1o receptivo que garantice que sus encuestas se vean hermosas y funcionen perfectamente en cualquier dispositivo.<\/li>\n<li>Obtenga acceso al soporte premium del equipo TotalPoll, as\u00ed como actualizaciones regulares y nuevas funciones.<\/li>\n<\/ul>\n","protected":false},"excerpt":{"rendered":"<p>Total Poll Pro es un complemento de encuesta de WordPress incre\u00edblemente receptivo y f\u00e1cil de usar que le otorga la capacidad de construir y personalizar las encuestas de acuerdo con sus requisitos espec\u00edficos. Con una variedad de funcionalidades interactivas y posibilidades de personalizaci\u00f3n, este complemento se presenta como la respuesta final para bloggers, creadores de contenido y empresas con el objetivo de cautivar a sus audiencias a trav\u00e9s de experiencias de encuestas inmersivas. Adem\u00e1s, este complemento ofrece versiones gratuitas y profesionales, lo que brinda a los usuarios la oportunidad de disfrutar de sus caracter\u00edsticas avanzadas, incluidos temas personalizados, capacidades de intercambio social y an\u00e1lisis en profundidad. Como tal, Total Poll Pro emerge como una herramienta indispensable para cualquier individuo intenci\u00f3n de aprovechar el inmenso potencial inherente a la retroalimentaci\u00f3n de los usuarios.<\/p>\n","protected":false},"featured_media":167841,"comment_status":"open","ping_status":"open","template":"","meta":[],"product_brand":[2339],"product_cat":[1214,1206,1211],"product_tag":[1256],"class_list":{"0":"post-113938","1":"product","2":"type-product","3":"status-publish","4":"has-post-thumbnail","6":"product_brand-codecanyon","7":"product_cat-personalizacion","8":"product_cat-plugins","9":"product_cat-wordpress-plugins","10":"product_tag-codecanyon","11":"member-discount","12":"discount-restricted","14":"first","15":"instock","16":"sale","17":"downloadable","18":"virtual","19":"sold-individually","20":"purchasable","21":"product-type-simple"},"_links":{"self":[{"href":"https:\/\/gpl-love.com\/es\/wp-json\/wp\/v2\/product\/113938","targetHints":{"allow":["GET"]}}],"collection":[{"href":"https:\/\/gpl-love.com\/es\/wp-json\/wp\/v2\/product"}],"about":[{"href":"https:\/\/gpl-love.com\/es\/wp-json\/wp\/v2\/types\/product"}],"replies":[{"embeddable":true,"href":"https:\/\/gpl-love.com\/es\/wp-json\/wp\/v2\/comments?post=113938"}],"wp:featuredmedia":[{"embeddable":true,"href":"https:\/\/gpl-love.com\/es\/wp-json\/wp\/v2\/media\/167841"}],"wp:attachment":[{"href":"https:\/\/gpl-love.com\/es\/wp-json\/wp\/v2\/media?parent=113938"}],"wp:term":[{"taxonomy":"product_brand","embeddable":true,"href":"https:\/\/gpl-love.com\/es\/wp-json\/wp\/v2\/product_brand?post=113938"},{"taxonomy":"product_cat","embeddable":true,"href":"https:\/\/gpl-love.com\/es\/wp-json\/wp\/v2\/product_cat?post=113938"},{"taxonomy":"product_tag","embeddable":true,"href":"https:\/\/gpl-love.com\/es\/wp-json\/wp\/v2\/product_tag?post=113938"}],"curies":[{"name":"wp","href":"https:\/\/api.w.org\/{rel}","templated":true}]}}