{"id":113901,"date":"2025-12-11T00:00:00","date_gmt":"2025-12-11T05:00:00","guid":{"rendered":"http:\/\/gpl-love.com\/es\/?post_type=product&#038;p=113901"},"modified":"2026-03-09T07:43:05","modified_gmt":"2026-03-09T12:43:05","slug":"iconic-flux-checkout-para-woocommerce","status":"publish","type":"product","link":"https:\/\/gpl-love.com\/es\/producto\/iconic-flux-checkout-para-woocommerce\/","title":{"rendered":"Flux Checkout para WooCommerce 2.24.0"},"content":{"rendered":"<h3>Flux Checkout para WooCommerce Caracteristicas<\/h3>\n<p>El pago de flujo ic\u00f3nico para WooCommerce es un complemento de pago notablemente potente y adaptable que simplifica de manera efectiva el proceso de compra para su estimada tienda de WooCommerce. En virtud de su interfaz extraordinariamente intuitiva y f\u00e1cil de usar, los clientes pueden navegar sin esfuerzo a trav\u00e9s del proceso de pago y consumir sus compras con una facilidad sin igual. El complemento ofrece una extensa variedad de caracter\u00edsticas altamente personalizables, que abarca, pero no se limita a m\u00faltiples pasarelas de pago, detecci\u00f3n autom\u00e1tica de la ubicaci\u00f3n del cliente, una variedad de opciones de env\u00edo y una gran cantidad de funcionalidades adicionales. Adem\u00e1s, el pago ic\u00f3nico de flujo para WooCommerce est\u00e1 ingeniosamente dise\u00f1ado para integrarse perfectamente con una variedad diversa de temas y complementos, lo que hace que la opci\u00f3n por excelencia para cualquier propietario de la tienda de WooCommerce que aspira a aumentar su proceso de comprobaci\u00f3n y viola el contenido del cliente.<\/p>\n<ul>\n<li>Un sistema de pago potente y lleno de caracter\u00edsticas para WooCommerce<\/li>\n<li>Optimiza el proceso de pago y reduce las tasas de abandono del carrito<\/li>\n<li>Ofrece un procesamiento de pagos suave y seguro a trav\u00e9s de pasarelas de pago populares como Stripe, PayPal y Authorize.net<\/li>\n<li>Opciones de dise\u00f1o personalizables para que coincidan con el tema de su marca y sitio web<\/li>\n<li>El dise\u00f1o de receptivo y amigable para dispositivos m\u00f3viles garantiza una experiencia de pago perfecta en todos los dispositivos<\/li>\n<li>Proporciona varias opciones de env\u00edo y m\u00e9todos de c\u00e1lculo de impuestos para alinearse con las necesidades de su negocio<\/li>\n<li>Admite varios idiomas y monedas para atender a una audiencia global<\/li>\n<li>Proporciona informes detallados y an\u00e1lisis de ventas, tasas de conversi\u00f3n y tasas de abandono de CART para ayudar a las empresas a tomar decisiones basadas en datos.<\/li>\n<\/ul>\n","protected":false},"excerpt":{"rendered":"<p>El ic\u00f3nico pago de flujo para WooCommerce representa un complemento de vanguardia y que cambia el juego que ha sido dise\u00f1ado diligentemente para elevar y mejorar la experiencia general de pago para sus estimados clientes. Ofreciendo una interfaz de usuario notablemente elegante y sin esfuerzo intuitiva, nuestro complemento excepcional agiliza meticulosamente y simplifica el intrincado proceso de comprar sus productos invaluables, aumentando significativamente las tasas de conversi\u00f3n y mitigando efectivamente el problema prevalente del abandono del carrito. Adem\u00e1s, armado con una variedad de opciones de personalizaci\u00f3n sofisticadas, posee la capacidad invaluable para adaptar y ajustar meticulosamente el proceso de pago de una manera exquisita y a medida que est\u00e1 perfectamente alineada con la esencia distintiva y el panache incomparable de su marca estimada, que finalmente culmin\u00f3. En un viaje del cliente ininterrumpido y perfectamente perfecto que comienza desde la iniciaci\u00f3n y culmina con gracia justo en la culminaci\u00f3n triunfante. Aproveche esta notable oportunidad para amplificar y optimizar su experiencia de pago de WooCommerce adoptando r\u00e1pidamente la destreza extraordinaria e incomparable de la ic\u00f3nica pago de flujo.<\/p>\n","protected":false},"featured_media":166452,"comment_status":"open","ping_status":"open","template":"","meta":[],"product_brand":[2476],"product_cat":[1207,1248,1206],"product_tag":[1603],"class_list":{"0":"post-113901","1":"product","2":"type-product","3":"status-publish","4":"has-post-thumbnail","6":"product_brand-iconic","7":"product_cat-comercio-electronico-plugins","8":"product_cat-personalizacion-comercio-electronico-plugins","9":"product_cat-plugins","10":"product_tag-iconic","11":"member-discount","12":"discount-restricted","14":"first","15":"instock","16":"sale","17":"downloadable","18":"virtual","19":"sold-individually","20":"purchasable","21":"product-type-simple"},"_links":{"self":[{"href":"https:\/\/gpl-love.com\/es\/wp-json\/wp\/v2\/product\/113901","targetHints":{"allow":["GET"]}}],"collection":[{"href":"https:\/\/gpl-love.com\/es\/wp-json\/wp\/v2\/product"}],"about":[{"href":"https:\/\/gpl-love.com\/es\/wp-json\/wp\/v2\/types\/product"}],"replies":[{"embeddable":true,"href":"https:\/\/gpl-love.com\/es\/wp-json\/wp\/v2\/comments?post=113901"}],"wp:featuredmedia":[{"embeddable":true,"href":"https:\/\/gpl-love.com\/es\/wp-json\/wp\/v2\/media\/166452"}],"wp:attachment":[{"href":"https:\/\/gpl-love.com\/es\/wp-json\/wp\/v2\/media?parent=113901"}],"wp:term":[{"taxonomy":"product_brand","embeddable":true,"href":"https:\/\/gpl-love.com\/es\/wp-json\/wp\/v2\/product_brand?post=113901"},{"taxonomy":"product_cat","embeddable":true,"href":"https:\/\/gpl-love.com\/es\/wp-json\/wp\/v2\/product_cat?post=113901"},{"taxonomy":"product_tag","embeddable":true,"href":"https:\/\/gpl-love.com\/es\/wp-json\/wp\/v2\/product_tag?post=113901"}],"curies":[{"name":"wp","href":"https:\/\/api.w.org\/{rel}","templated":true}]}}