{"id":113863,"date":"2022-02-11T00:00:00","date_gmt":"2022-02-11T05:00:00","guid":{"rendered":"http:\/\/gpl-love.com\/es\/?post_type=product&#038;p=113863"},"modified":"2026-03-09T07:27:40","modified_gmt":"2026-03-09T12:27:40","slug":"docket-woocommerce-collections-wordpress-plugin","status":"publish","type":"product","link":"https:\/\/gpl-love.com\/es\/producto\/docket-woocommerce-collections-wordpress-plugin\/","title":{"rendered":"Docket WooCommerce Collections WordPress Plugin 1.4.6"},"content":{"rendered":"<h3>Docket WooCommerce Collections WordPress Plugin Caracteristicas<\/h3>\n<p>Docket WooCommerce Collections, un complemento robusto de WordPress, se ha desarrollado meticulosamente para optimizar el proceso de generaci\u00f3n de colecciones de productos en las tiendas de WooCommerce. Al utilizar este complemento, los usuarios est\u00e1n facultados para colecciones personalizadas de productos personalizadas sin esfuerzo y los exhiben en su tienda en l\u00ednea, lo que brinda a los clientes la oportunidad de examinar a trav\u00e9s de la mercanc\u00eda y emitir decisiones de compra informadas. El complemento en s\u00ed es altamente adaptable, y otorga a los usuarios la libertad de determinar la cantidad de productos dentro de cada colecci\u00f3n, el dise\u00f1o de dichas colecciones y la secuencia en la que se presentan los productos. Adem\u00e1s, una variedad de caracter\u00edsticas y funcionalidades se abarcan dentro del complemento, facilitando la gesti\u00f3n sin esfuerzo y la organizaci\u00f3n de las colecciones. Dichas caracter\u00edsticas abarcan la capacidad de complementar, modificar o erradicar colecciones, as\u00ed como la capacidad de analizar el rendimiento de cada colecci\u00f3n individual. A trav\u00e9s de la utilizaci\u00f3n de las colecciones de WooCommerce de Docket magn\u00e1nimo, los propietarios de las tiendas de WooCommerce pueden mostrar efectivamente sus ofertas de productos, estimulando posteriormente las ventas.<\/p>\n<ul>\n<li>Los propietarios de tiendas crean colecciones personalizables de productos dentro de su tienda WooCommerce<\/li>\n<li>Integraci\u00f3n f\u00e1cil con la configuraci\u00f3n existente de WooCommerce<\/li>\n<li>Opciones de dise\u00f1o de colecci\u00f3n personalizables disponibles<\/li>\n<li>Capacidad para crear m\u00faltiples colecciones para diferentes grupos de productos<\/li>\n<li>Organizaci\u00f3n simple de los productos de arrastrar y soltar dentro de las colecciones<\/li>\n<li>Experiencia de usuario mejorada para los clientes al navegar y comprar productos<\/li>\n<li>Mejora el dise\u00f1o y la est\u00e9tica del sitio web con pantallas visualmente atractivas<\/li>\n<li>Aumenta el potencial para la venta cruzada y la venta de productos dentro de las colecciones<\/li>\n<li>Puede aumentar las ventas generales para los propietarios de las tiendas de WooCommerce<\/li>\n<li>Actualizaciones regulares y atenci\u00f3n al cliente proporcionadas por el equipo de Docket.<\/li>\n<\/ul>\n","protected":false},"excerpt":{"rendered":"<p>Este eficiente Docket WooCommerce Collections WordPress Plugin para sitios web de WordPress es la herramienta ideal para la gesti\u00f3n de comercio electr\u00f3nico sin esfuerzo. Permite a los usuarios crear colecciones de productos ilimitadas, mejorando la experiencia del usuario al hacer que la navegaci\u00f3n del producto sea m\u00e1s simple y m\u00e1s organizada. Con su integraci\u00f3n perfecta con WooCommerce, este complemento simplifica sus operaciones de comercio electr\u00f3nico, proporcionando una tienda en l\u00ednea m\u00e1s simplificada y eficiente. El complemento tambi\u00e9n ofrece la caracter\u00edstica \u00fanica de permitir a los usuarios compartir sus colecciones en las plataformas de redes sociales, aumentando as\u00ed la visibilidad del producto y las ventas de impulso. Tambi\u00e9n admite la personalizaci\u00f3n, lo que le brinda control total sobre la apariencia de sus colecciones. Por lo tanto, actualice su sitio web de WordPress hoy con el complemento Docket WooCommerce WordPress y convierta a los visitantes en clientes leales.<\/p>\n","protected":false},"featured_media":165796,"comment_status":"open","ping_status":"open","template":"","meta":[],"product_brand":[2339],"product_cat":[1207,1248,1206],"product_tag":[1256],"class_list":{"0":"post-113863","1":"product","2":"type-product","3":"status-publish","4":"has-post-thumbnail","6":"product_brand-codecanyon","7":"product_cat-comercio-electronico-plugins","8":"product_cat-personalizacion-comercio-electronico-plugins","9":"product_cat-plugins","10":"product_tag-codecanyon","11":"member-discount","12":"discount-restricted","14":"first","15":"instock","16":"sale","17":"downloadable","18":"virtual","19":"sold-individually","20":"purchasable","21":"product-type-simple"},"_links":{"self":[{"href":"https:\/\/gpl-love.com\/es\/wp-json\/wp\/v2\/product\/113863","targetHints":{"allow":["GET"]}}],"collection":[{"href":"https:\/\/gpl-love.com\/es\/wp-json\/wp\/v2\/product"}],"about":[{"href":"https:\/\/gpl-love.com\/es\/wp-json\/wp\/v2\/types\/product"}],"replies":[{"embeddable":true,"href":"https:\/\/gpl-love.com\/es\/wp-json\/wp\/v2\/comments?post=113863"}],"wp:featuredmedia":[{"embeddable":true,"href":"https:\/\/gpl-love.com\/es\/wp-json\/wp\/v2\/media\/165796"}],"wp:attachment":[{"href":"https:\/\/gpl-love.com\/es\/wp-json\/wp\/v2\/media?parent=113863"}],"wp:term":[{"taxonomy":"product_brand","embeddable":true,"href":"https:\/\/gpl-love.com\/es\/wp-json\/wp\/v2\/product_brand?post=113863"},{"taxonomy":"product_cat","embeddable":true,"href":"https:\/\/gpl-love.com\/es\/wp-json\/wp\/v2\/product_cat?post=113863"},{"taxonomy":"product_tag","embeddable":true,"href":"https:\/\/gpl-love.com\/es\/wp-json\/wp\/v2\/product_tag?post=113863"}],"curies":[{"name":"wp","href":"https:\/\/api.w.org\/{rel}","templated":true}]}}