{"id":113861,"date":"2024-02-06T00:00:00","date_gmt":"2024-02-06T05:00:00","guid":{"rendered":"http:\/\/gpl-love.com\/es\/?post_type=product&#038;p=113861"},"modified":"2026-04-10T11:21:18","modified_gmt":"2026-04-10T16:21:18","slug":"payna-clean-minimal-woocommerce-theme","status":"publish","type":"product","link":"https:\/\/gpl-love.com\/es\/producto\/payna-clean-minimal-woocommerce-theme\/","title":{"rendered":"Payna Clean Minimal WooCommerce Theme 1.2.4"},"content":{"rendered":"<h3>Payna Clean Minimal WooCommerce Theme Caracteristicas<\/h3>\n<p>El tema de WooCommerce m\u00ednimo de Payna Clean es un tema de WordPress excepcionalmente elegante y contempor\u00e1neo que ha sido meticulosamente elaborado para facilitar el establecimiento sin problemas de una tienda en l\u00ednea. Con un dise\u00f1o minimalista est\u00e9ticamente agradable y un dise\u00f1o impecablemente pr\u00edstino, este tema es una bendici\u00f3n absoluta para las personas que buscan exhibir su mercanc\u00eda sin encontrar ninguna distracci\u00f3n superfluas. Adem\u00e1s, el tema es totalmente receptivo, asegurando as\u00ed que su sitio web irradia excelencia en todos los dispositivos. Adem\u00e1s, ofrece una amplia gama de opciones de personalizaci\u00f3n, lo que le otorg\u00f3 la capacidad de adaptar la est\u00e9tica visual de su tienda de acuerdo con sus propias preferencias idiosincr\u00e1ticas. En particular, el tema de WooCommerce m\u00ednimo de Payna Clean tambi\u00e9n abarca una mir\u00edada de caracter\u00edsticas indispensables, que incluyen, entre otros, un control deslizante din\u00e1mico de productos, una innovadora funcionalidad de zoom de productos e integraci\u00f3n perfecta con varias plataformas de redes sociales. Estas caracter\u00edsticas racionalizan efectivamente la experiencia del consumidor, empoder\u00e1ndolos para descubrir sin esfuerzo y posteriormente compartir sus productos con su red. Con el tema de WooCommerce m\u00ednimo de Payna Clean a su disposici\u00f3n, puede manifestar una tienda en l\u00ednea de alto calibre y cautivador que sin duda servir\u00e1 como catalizador para un crecimiento exponencial dentro de sus empresas comerciales.<\/p>\n<ul>\n<li>Dise\u00f1o elegante y m\u00ednimo<\/li>\n<li>Totalmente receptivo y amigable para m\u00f3viles<\/li>\n<li>Dise\u00f1os y esquemas de color personalizables<\/li>\n<li>Compatible con WooCommerce<\/li>\n<li>Control deslizante de productos incorporado y carrusel<\/li>\n<li>M\u00faltiples dise\u00f1os de blog disponibles<\/li>\n<li>SEO optimizado para una mejor clasificaci\u00f3n de motores de b\u00fasqueda<\/li>\n<li>Instalaci\u00f3n y configuraci\u00f3n f\u00e1ciles<\/li>\n<li>Compatibilidad de navegador cruzado<\/li>\n<li>Velocidad de carga r\u00e1pida<\/li>\n<li>Excelente soporte al cliente y documentaci\u00f3n<\/li>\n<\/ul>\n","protected":false},"excerpt":{"rendered":"<p>El tema de WooCommerce m\u00ednimo de Payna Clean, un tema de comercio electr\u00f3nico incre\u00edblemente vers\u00e1til y exquisito de moda, ha sido ingeniosamente elaborado para empoderar a los empresarios para establecer sin esfuerzo una tienda en l\u00ednea floreciente. Este tema extremadamente f\u00e1cil de usar cuenta con un dise\u00f1o pr\u00edstino y minimalista, lo que le permite presentar su mercanc\u00eda de manera est\u00e9ticamente cautivadora. Viene equipado con compatibilidad incorporada de WooCommerce, otorgando una flexibilidad ilimitada en t\u00e9rminos de personalizaci\u00f3n del tema, y \u200b\u200bcuenta con un dise\u00f1o notablemente receptivo, garantizando as\u00ed una experiencia visual impecable en todos los dispositivos concebibles. Con el advenimiento de Payna Clean Minimal, la ardua tarea de construir y adaptar su sitio de comercio electr\u00f3nico se ha simplificado inequ\u00edvocamente en un grado sin precedentes.<\/p>\n","protected":false},"featured_media":167175,"comment_status":"open","ping_status":"open","template":"","meta":[],"product_brand":[2337],"product_cat":[1263,1469,1237],"product_tag":[1391],"class_list":{"0":"post-113861","1":"product","2":"type-product","3":"status-publish","4":"has-post-thumbnail","6":"product_brand-themeforest","7":"product_cat-comercio-electronico-temas","8":"product_cat-creativo-comercio-electronico-temas","9":"product_cat-temas","10":"product_tag-themeforest","11":"member-discount","12":"discount-restricted","14":"first","15":"instock","16":"sale","17":"downloadable","18":"virtual","19":"sold-individually","20":"purchasable","21":"product-type-simple"},"_links":{"self":[{"href":"https:\/\/gpl-love.com\/es\/wp-json\/wp\/v2\/product\/113861","targetHints":{"allow":["GET"]}}],"collection":[{"href":"https:\/\/gpl-love.com\/es\/wp-json\/wp\/v2\/product"}],"about":[{"href":"https:\/\/gpl-love.com\/es\/wp-json\/wp\/v2\/types\/product"}],"replies":[{"embeddable":true,"href":"https:\/\/gpl-love.com\/es\/wp-json\/wp\/v2\/comments?post=113861"}],"wp:featuredmedia":[{"embeddable":true,"href":"https:\/\/gpl-love.com\/es\/wp-json\/wp\/v2\/media\/167175"}],"wp:attachment":[{"href":"https:\/\/gpl-love.com\/es\/wp-json\/wp\/v2\/media?parent=113861"}],"wp:term":[{"taxonomy":"product_brand","embeddable":true,"href":"https:\/\/gpl-love.com\/es\/wp-json\/wp\/v2\/product_brand?post=113861"},{"taxonomy":"product_cat","embeddable":true,"href":"https:\/\/gpl-love.com\/es\/wp-json\/wp\/v2\/product_cat?post=113861"},{"taxonomy":"product_tag","embeddable":true,"href":"https:\/\/gpl-love.com\/es\/wp-json\/wp\/v2\/product_tag?post=113861"}],"curies":[{"name":"wp","href":"https:\/\/api.w.org\/{rel}","templated":true}]}}