{"id":113859,"date":"2021-06-02T00:00:00","date_gmt":"2021-06-02T05:00:00","guid":{"rendered":"http:\/\/gpl-love.com\/es\/?post_type=product&#038;p=113859"},"modified":"2026-03-13T17:15:41","modified_gmt":"2026-03-13T22:15:41","slug":"anchord-creative-agency-portfolio-y-freelancer-wordpress-theme","status":"publish","type":"product","link":"https:\/\/gpl-love.com\/es\/producto\/anchord-creative-agency-portfolio-y-freelancer-wordpress-theme\/","title":{"rendered":"Anchord Creative Agency Portfolio y Freelancer WordPress Theme 3.0.0"},"content":{"rendered":"<h3>Anchord Creative Agency Portfolio y Freelancer WordPress Theme Caracteristicas<\/h3>\n<p>La cartera de la agencia creativa de Anchord y el tema freelancer WordPress es una soluci\u00f3n incre\u00edblemente vers\u00e1til y contempor\u00e1nea que atiende a las personas que buscan exhibir su trabajo en un \u00e1mbito en l\u00ednea. Este tema en particular es impecablemente adecuado para agencias creativas, trabajadores independientes y cualquier otra persona que desee un dise\u00f1o de sitios web inmaculado y refinado. Muestra un dise\u00f1o completamente receptivo, asegurando as\u00ed que su sitio web exude excelencia y atractivo est\u00e9tico, independientemente del dispositivo desde el que se acceda, ya sea un escritorio o un dispositivo m\u00f3vil. Adem\u00e1s, este tema cuenta con una variedad de opciones de personalizaci\u00f3n que le permiten adaptarlo sin esfuerzo a sus requisitos espec\u00edficos. En virtud de sus plantillas de cartera personalizables, puede curar sin esfuerzo una exhibici\u00f3n impresionante de su trabajo, lo que facilita la capacidad de los clientes o empleadores potenciales para discernir el calibre y la brillantez de su producci\u00f3n creativa. Adem\u00e1s, este tema abarca la integraci\u00f3n de las redes sociales incorporadas, lo que le otorga la capacidad de conectarse sin esfuerzo con su audiencia en una multitud de plataformas. En resumen, la cartera de la agencia creativa de Anchord y el tema independiente de WordPress representa una opci\u00f3n excepcional para cualquier individuo que busque forjar un sitio web profesional, cautivador y visualmente atractivo.<\/p>\n<ul>\n<li>Un tema de WordPress moderno y profesional de WordPress dise\u00f1ado para agencias creativas<\/li>\n<li>Totalmente receptivo en todos los dispositivos, asegurando una experiencia de usuario perfecta tanto para clientes como para trabajadores independientes<\/li>\n<li>Incluye una variedad de dise\u00f1os de demostraci\u00f3n prefabricados para una f\u00e1cil personalizaci\u00f3n y una configuraci\u00f3n r\u00e1pida<\/li>\n<li>Viene con un potente constructor de p\u00e1ginas de arrastrar y soltar, lo que permite a los usuarios personalizar f\u00e1cilmente su sitio sin ning\u00fan conocimiento de codificaci\u00f3n<\/li>\n<li>Cartera incorporada, blog y p\u00e1ginas de exhibici\u00f3n de proyectos, perfectas para exhibir trabajos anteriores y atraer nuevos clientes<\/li>\n<li>Se integra a la perfecci\u00f3n con complementos populares como WooCommerce y el Formulario de contacto 7<\/li>\n<li>Incluye una variedad de encabezados personalizables, pies de p\u00e1gina y barras laterales para ayudar a los usuarios a crear un sitio web \u00fanico y personalizado.<\/li>\n<li>Construido con la optimizaci\u00f3n de SEO en mente, ayudando a aumentar la clasificaci\u00f3n de los motores de b\u00fasqueda y atraer m\u00e1s visitantes a su sitio<\/li>\n<li>Incluye actualizaciones gratuitas de por vida y soporte dedicado para todos los usuarios, asegurando la mejor experiencia posible.<\/li>\n<\/ul>\n","protected":false},"excerpt":{"rendered":"<p>Descubra la soluci\u00f3n perfecta para freelancers y agencias creativas con la cartera de la agencia creativa de Anchord y el tema independiente de WordPress. Este tema de WordPress robusto y f\u00e1cil de usar est\u00e1 dise\u00f1ado para mostrar sus talentos, proyectos y servicios de una manera visualmente impresionante y profesional. Con una interfaz intuitiva, Anchord le permite crear y personalizar un sitio web \u00fanico que realmente represente su marca. El tema es amigable con SEO, asegurando que su cartera llegue a un p\u00fablico m\u00e1s amplio. Adem\u00e1s, es compatible con varios complementos, lo que le ofrece posibilidades ilimitadas para mejorar la funcionalidad de su sitio. Con el tema de Anchord WordPress, puede administrar sin esfuerzo su negocio, atraer clientes potenciales y destacarse en el mercado competitivo. Su dise\u00f1o receptivo garantiza que su sitio se vea perfecto en todos los dispositivos. Si est\u00e1 buscando una forma confiable y efectiva de presentar su cartera o ejecutar su agencia creativa en l\u00ednea, el tema de la agencia creativa de Anchord y el tema de WordPress independiente es su mejor opci\u00f3n.<\/p>\n","protected":false},"featured_media":165373,"comment_status":"open","ping_status":"open","template":"","meta":[],"product_brand":[2337],"product_cat":[1267,1237,1238],"product_tag":[1391],"class_list":{"0":"post-113859","1":"product","2":"type-product","3":"status-publish","4":"has-post-thumbnail","6":"product_brand-themeforest","7":"product_cat-creativo","8":"product_cat-temas","9":"product_cat-wordpress-temas","10":"product_tag-themeforest","11":"member-discount","12":"discount-restricted","14":"first","15":"instock","16":"sale","17":"downloadable","18":"virtual","19":"sold-individually","20":"purchasable","21":"product-type-simple"},"_links":{"self":[{"href":"https:\/\/gpl-love.com\/es\/wp-json\/wp\/v2\/product\/113859","targetHints":{"allow":["GET"]}}],"collection":[{"href":"https:\/\/gpl-love.com\/es\/wp-json\/wp\/v2\/product"}],"about":[{"href":"https:\/\/gpl-love.com\/es\/wp-json\/wp\/v2\/types\/product"}],"replies":[{"embeddable":true,"href":"https:\/\/gpl-love.com\/es\/wp-json\/wp\/v2\/comments?post=113859"}],"wp:featuredmedia":[{"embeddable":true,"href":"https:\/\/gpl-love.com\/es\/wp-json\/wp\/v2\/media\/165373"}],"wp:attachment":[{"href":"https:\/\/gpl-love.com\/es\/wp-json\/wp\/v2\/media?parent=113859"}],"wp:term":[{"taxonomy":"product_brand","embeddable":true,"href":"https:\/\/gpl-love.com\/es\/wp-json\/wp\/v2\/product_brand?post=113859"},{"taxonomy":"product_cat","embeddable":true,"href":"https:\/\/gpl-love.com\/es\/wp-json\/wp\/v2\/product_cat?post=113859"},{"taxonomy":"product_tag","embeddable":true,"href":"https:\/\/gpl-love.com\/es\/wp-json\/wp\/v2\/product_tag?post=113859"}],"curies":[{"name":"wp","href":"https:\/\/api.w.org\/{rel}","templated":true}]}}