{"id":113857,"date":"2026-04-18T00:00:00","date_gmt":"2026-04-18T05:00:00","guid":{"rendered":"http:\/\/gpl-love.com\/es\/?post_type=product&#038;p=113857"},"modified":"2026-04-18T17:15:35","modified_gmt":"2026-04-18T22:15:35","slug":"fontpress-wordpress-font-manager","status":"publish","type":"product","link":"https:\/\/gpl-love.com\/es\/producto\/fontpress-wordpress-font-manager\/","title":{"rendered":"FontPress WordPress Font Manager 3.4.8"},"content":{"rendered":"<h3>FontPress WordPress Font Manager Caracteristicas<\/h3>\n<p>Fontpress WordPress Font Manager es una herramienta incre\u00edblemente robusta y rica en caracter\u00edsticas que permite a los usuarios administrar las fuentes sin esfuerzo en sus sitios web de WordPress. A trav\u00e9s de la utilizaci\u00f3n de FontPress, los individuos tienen la capacidad de adaptar sin problemas y sin esfuerzo la tipograf\u00eda de sus sitios web aprovechando una amplia variedad de fuentes y estilos de fuentes. Este impresionante complemento ofrece a los usuarios la oportunidad de cargar e incorporar sin esfuerzo fuentes personalizadas, crear combinaciones de fuentes cautivadoras y armoniosas, as\u00ed como aplicar h\u00e1bilmente fuentes a elementos espec\u00edficos dispersos en sus sitios web. La interfaz intuitiva y f\u00e1cil de usar que FontPress proporciona a las l\u00edneas de agitaci\u00f3n el proceso de administraci\u00f3n de fuentes, lo que permite a los usuarios navegar sin esfuerzo y administrar de manera efectiva sus fuentes. Adem\u00e1s, la integraci\u00f3n perfecta con los temas de WordPress mejora a\u00fan m\u00e1s la experiencia del usuario. Fontpress demuestra ser un activo invaluable para dise\u00f1adores, desarrolladores y blogueros por igual, ya que ofrece una gran cantidad de oportunidades para mejorar el encanto visual y la legibilidad de sus respectivos sitios web.<\/p>\n<ul>\n<li>Administrar sin esfuerzo fuentes en su sitio de WordPress con FontPress<\/li>\n<li>F\u00e1cil de instalar y usar, no se requieren habilidades de codificaci\u00f3n<\/li>\n<li>Elija entre una amplia gama de fuentes de Google o cargue sus propias fuentes personalizadas<\/li>\n<li>Asigne fuentes personalizadas a diferentes \u00e1reas de su sitio web, incluidos encabezados, texto del cuerpo y widgets<\/li>\n<li>Vista previa de fuentes antes de aplicarlas a su sitio para garantizar la coincidencia perfecta<\/li>\n<li>Cambiar tama\u00f1os y pesas de fuente con facilidad<\/li>\n<li>Crear pares de fuentes y gu\u00e1rdelos para uso futuro<\/li>\n<li>Mejorar el dise\u00f1o general y la legibilidad de su sitio web con una tipograf\u00eda de aspecto profesional<\/li>\n<li>Actualizaciones regulares y atenci\u00f3n al cliente dedicada del equipo de FontPress.<\/li>\n<\/ul>\n","protected":false},"excerpt":{"rendered":"<p>Fontpress WordPress Font Manager es una herramienta incre\u00edblemente potente y f\u00e1cil de usar que ofrece una variedad de caracter\u00edsticas para administrar y manipular sin esfuerzo las fuentes utilizadas en su sitio de WordPress. Con la utilizaci\u00f3n de FontPress, obtiene la capacidad de modificar y ajustar sin esfuerzo el tipo de fuente, el tama\u00f1o y el color no solo del texto de su sitio web, sino tambi\u00e9n encabezados y varios otros elementos, todos sin necesidad de ning\u00fan conocimiento o experiencia de codificaci\u00f3n previa. Adem\u00e1s, la inclusi\u00f3n de una extensa compilaci\u00f3n de fuentes dentro de este complemento le permite otorgar a su sitio una apariencia y ambiente sin igual y distintivos. Adem\u00e1s, FontPress le otorga la opci\u00f3n de cargar e integrar perfectamente sus propias fuentes personalizadas, aumentando a\u00fan m\u00e1s el nivel de personalizaci\u00f3n exhibido en todo su sitio web. Esta herramienta invaluable e indispensable sirve como un mecanismo simplificado y efectivo para supervisar y adaptar las fuentes de su sitio web, mejorando significativamente tanto su atractivo est\u00e9tico como su legibilidad general.<\/p>\n","protected":false},"featured_media":166129,"comment_status":"open","ping_status":"open","template":"","meta":[],"product_brand":[2339],"product_cat":[1214,1206,1211],"product_tag":[1256],"class_list":{"0":"post-113857","1":"product","2":"type-product","3":"status-publish","4":"has-post-thumbnail","6":"product_brand-codecanyon","7":"product_cat-personalizacion","8":"product_cat-plugins","9":"product_cat-wordpress-plugins","10":"product_tag-codecanyon","11":"member-discount","12":"discount-restricted","14":"first","15":"instock","16":"sale","17":"downloadable","18":"virtual","19":"sold-individually","20":"purchasable","21":"product-type-simple"},"_links":{"self":[{"href":"https:\/\/gpl-love.com\/es\/wp-json\/wp\/v2\/product\/113857","targetHints":{"allow":["GET"]}}],"collection":[{"href":"https:\/\/gpl-love.com\/es\/wp-json\/wp\/v2\/product"}],"about":[{"href":"https:\/\/gpl-love.com\/es\/wp-json\/wp\/v2\/types\/product"}],"replies":[{"embeddable":true,"href":"https:\/\/gpl-love.com\/es\/wp-json\/wp\/v2\/comments?post=113857"}],"wp:featuredmedia":[{"embeddable":true,"href":"https:\/\/gpl-love.com\/es\/wp-json\/wp\/v2\/media\/166129"}],"wp:attachment":[{"href":"https:\/\/gpl-love.com\/es\/wp-json\/wp\/v2\/media?parent=113857"}],"wp:term":[{"taxonomy":"product_brand","embeddable":true,"href":"https:\/\/gpl-love.com\/es\/wp-json\/wp\/v2\/product_brand?post=113857"},{"taxonomy":"product_cat","embeddable":true,"href":"https:\/\/gpl-love.com\/es\/wp-json\/wp\/v2\/product_cat?post=113857"},{"taxonomy":"product_tag","embeddable":true,"href":"https:\/\/gpl-love.com\/es\/wp-json\/wp\/v2\/product_tag?post=113857"}],"curies":[{"name":"wp","href":"https:\/\/api.w.org\/{rel}","templated":true}]}}