{"id":113853,"date":"2023-09-28T00:00:00","date_gmt":"2023-09-28T05:00:00","guid":{"rendered":"http:\/\/gpl-love.com\/es\/?post_type=product&#038;p=113853"},"modified":"2026-03-09T07:18:31","modified_gmt":"2026-03-09T12:18:31","slug":"arena-products-store","status":"publish","type":"product","link":"https:\/\/gpl-love.com\/es\/producto\/arena-products-store\/","title":{"rendered":"Arena Products Store 3.1"},"content":{"rendered":"<h3>Arena Products Store Caracteristicas<\/h3>\n<p>En Arena Products Store, descubrir\u00e1 una variedad expansiva de mercanc\u00edas que abarca varias categor\u00edas, como ropa, calzado y accesorios, todos atendiendo sus necesidades deportivas y de condici\u00f3n f\u00edsica. Este establecimiento se enorgullece de su especializaci\u00f3n en el \u00e1mbito de la nataci\u00f3n, la carrera, el ciclismo, el triatl\u00f3n y una variedad de otras disciplinas atl\u00e9ticas. Los art\u00edculos disponibles en este establecimiento est\u00e1n meticulosamente elaborados con materiales de primer nivel, lo que garantiza un rendimiento \u00f3ptimo y una comodidad inigualable para el cliente exigente. Adem\u00e1s, la tienda facilita una experiencia de compra perfecta a trav\u00e9s de su interfaz f\u00e1cil de usar, permitiendo una navegaci\u00f3n sin esfuerzo y proporcionando detalles completos del producto. No busque m\u00e1s que Arena Products Store para saciar su fervor para el deporte y el estado f\u00edsico, ya que abarca todo lo que necesita en la b\u00fasqueda de sus aspiraciones atl\u00e9ticas.<\/p>\n<ul>\n<li>Amplia variedad de productos para diversos deportes y actividades<\/li>\n<li>Materiales de alta calidad utilizados en todos los productos<\/li>\n<li>Precio asequible<\/li>\n<li>Tama\u00f1os disponibles para todas las edades y niveles de habilidad<\/li>\n<li>Proceso f\u00e1cil de pedidos en l\u00ednea con env\u00edo r\u00e1pido<\/li>\n<li>Opciones de personalizaci\u00f3n para pedidos de equipo<\/li>\n<li>Asesoramiento experto y atenci\u00f3n al cliente del personal experto<\/li>\n<li>Garant\u00eda de satisfacci\u00f3n en todos los productos<\/li>\n<\/ul>\n","protected":false},"excerpt":{"rendered":"<p>\u00a1Experimente la mejor experiencia de compra en Arena Products Store! Ofrecemos una amplia gama de productos de primera calidad y de alta calidad que van desde equipos deportivos hasta electrodom\u00e9sticos. Somos su ventanilla \u00fanica para todas sus necesidades, proporcionando un valor incomparable con precios competitivos y un servicio al cliente excepcional. En Arena Products Store, entendemos la importancia de la calidad y la durabilidad. Es por eso que seleccionamos nuestros productos, asegurando que cumplan con los m\u00e1s altos est\u00e1ndares. \u00a1Explore nuestra gama de productos hoy y aproveche nuestro r\u00e1pido servicio de entrega! Estamos comprometidos a brindarle una experiencia de compra perfecta y agradable. Compre con nosotros y descubra el verdadero valor de los productos de calidad en la tienda de productos Arena.<\/p>\n","protected":false},"featured_media":165391,"comment_status":"open","ping_status":"open","template":"","meta":[],"product_brand":[2339],"product_cat":[1207,1248,1206],"product_tag":[1256],"class_list":{"0":"post-113853","1":"product","2":"type-product","3":"status-publish","4":"has-post-thumbnail","6":"product_brand-codecanyon","7":"product_cat-comercio-electronico-plugins","8":"product_cat-personalizacion-comercio-electronico-plugins","9":"product_cat-plugins","10":"product_tag-codecanyon","11":"member-discount","12":"discount-restricted","14":"first","15":"instock","16":"sale","17":"downloadable","18":"virtual","19":"sold-individually","20":"purchasable","21":"product-type-simple"},"_links":{"self":[{"href":"https:\/\/gpl-love.com\/es\/wp-json\/wp\/v2\/product\/113853","targetHints":{"allow":["GET"]}}],"collection":[{"href":"https:\/\/gpl-love.com\/es\/wp-json\/wp\/v2\/product"}],"about":[{"href":"https:\/\/gpl-love.com\/es\/wp-json\/wp\/v2\/types\/product"}],"replies":[{"embeddable":true,"href":"https:\/\/gpl-love.com\/es\/wp-json\/wp\/v2\/comments?post=113853"}],"wp:featuredmedia":[{"embeddable":true,"href":"https:\/\/gpl-love.com\/es\/wp-json\/wp\/v2\/media\/165391"}],"wp:attachment":[{"href":"https:\/\/gpl-love.com\/es\/wp-json\/wp\/v2\/media?parent=113853"}],"wp:term":[{"taxonomy":"product_brand","embeddable":true,"href":"https:\/\/gpl-love.com\/es\/wp-json\/wp\/v2\/product_brand?post=113853"},{"taxonomy":"product_cat","embeddable":true,"href":"https:\/\/gpl-love.com\/es\/wp-json\/wp\/v2\/product_cat?post=113853"},{"taxonomy":"product_tag","embeddable":true,"href":"https:\/\/gpl-love.com\/es\/wp-json\/wp\/v2\/product_tag?post=113853"}],"curies":[{"name":"wp","href":"https:\/\/api.w.org\/{rel}","templated":true}]}}