{"id":113851,"date":"2024-11-03T00:00:00","date_gmt":"2024-11-03T05:00:00","guid":{"rendered":"http:\/\/gpl-love.com\/es\/?post_type=product&#038;p=113851"},"modified":"2026-03-13T17:15:35","modified_gmt":"2026-03-13T22:15:35","slug":"alico-insurance-wordpress","status":"publish","type":"product","link":"https:\/\/gpl-love.com\/es\/producto\/alico-insurance-wordpress\/","title":{"rendered":"Alico Insurance WordPress 1.2.0"},"content":{"rendered":"<h3>Alico Insurance WordPress Caracteristicas<\/h3>\n<p>Alico Insurance WordPress es una herramienta excepcionalmente robusta y formidable que confiere a las compa\u00f1\u00edas de seguros la capacidad de administrar y exhibir de manera eficaz y conveniente sus innumerables servicios en su sitio web. Este complemento ejemplar e incomparable se ha dise\u00f1ado y dise\u00f1ado meticulosamente con el prop\u00f3sito expreso de acelerar y optimizar el proceso de seguro general para una gran cantidad de empresas y clientes por igual. En virtud de su interfaz notablemente f\u00e1cil de usar e intuitivamente navegable, uno es capaz de generar sin esfuerzo y sin problemas formas a medida e individualizadas, administrar y regular las afirmaciones con la perfecci\u00f3n con las puertas de pago m\u00e1s populares y ampliamente utilizadas. Adem\u00e1s, es importante tener en cuenta que ALICO Insurance WordPress tambi\u00e9n ofrece y extiende una amplia gama de plantillas y temas que no solo son f\u00e1cilmente personalizables, sino que tambi\u00e9n pueden adaptarse espec\u00edficamente y modificarse para incorporar impecablemente y encapsular la esencia y ethos distintivos y \u00fanicos de su Brand, por lo tanto, lo que es un verdadero cinqu\u00edn para curar y cultivar una presencia en l\u00ednea profesional y coherente. Es un hecho indiscutible e incontrovertible que, independientemente de si su objetivo principal y general es aumentar la participaci\u00f3n del cliente o maximizar las conversiones, Alico Insurance WordPress, sin una duda, es una herramienta indispensable y requerida que no hay una compa\u00f1\u00eda de seguros juiciosa y juiciosa Puede darse el lujo de renunciar o pasar por alto si son genuina y sinceramente deseosos de fortalecer y reforzar su huella en l\u00ednea y su presencia digital.<\/p>\n<ul>\n<li>Una soluci\u00f3n de seguro integral para sitios web de WordPress<\/li>\n<li>Integraci\u00f3n f\u00e1cil con su configuraci\u00f3n actual de WordPress<\/li>\n<li>Proporciona cobertura para una amplia gama de eventos y riesgos, que incluyen responsabilidad, da\u00f1os a la propiedad y ataques cibern\u00e9ticos.<\/li>\n<li>Ofrece opciones de pol\u00edtica personalizables para satisfacer las necesidades \u00fanicas de su negocio<\/li>\n<li>Soporte 24\/7 de expertos en seguros de Alico para ayudarlo a administrar reclamos y trabajar a trav\u00e9s de cualquier problema<\/li>\n<li>Interfaz simple y f\u00e1cil de usar para que la administraci\u00f3n de su cobertura de seguro sea r\u00e1pida y eficiente<\/li>\n<li>Plataforma segura que protege su informaci\u00f3n personal y confidencial<\/li>\n<li>Precios asequibles que lo hacen accesible para empresas de todos los tama\u00f1os y presupuestos<\/li>\n<li>Le ayuda a cumplir con los requisitos legales y las regulaciones de la industria<\/li>\n<li>Minimiza los riesgos financieros asociados con eventos inesperados o reclamos legales<\/li>\n<li>Proporciona tranquilidad para usted y sus clientes, sabiendo que est\u00e1 asegurado adecuadamente.<\/li>\n<\/ul>\n","protected":false},"excerpt":{"rendered":"<p>Introducci\u00f3n de Alico Insurance WordPress, una plataforma robusta y confiable dise\u00f1ada para todas sus necesidades de seguro. Nuestra configuraci\u00f3n de WordPress ofrece una experiencia de usuario perfecta, lo que le permite navegar a trav\u00e9s de varios planes de seguro y p\u00f3lizas con facilidad. La plataforma de Alico se caracteriza por su flexibilidad, adaptada para acomodar los requisitos de cualquier compa\u00f1\u00eda de seguros. Entendemos el panorama en constante evoluci\u00f3n de la industria de seguros, y nuestra plataforma funciona para mantenerse a la vanguardia, ofreciendo caracter\u00edsticas que atienden a los modelos de seguros modernos y tradicionales. Nuestra configuraci\u00f3n de WordPress es f\u00e1cil de usar, que requiere un conocimiento tecnol\u00f3gico m\u00ednimo, lo que la convierte en una herramienta accesible para todos. Alico Insurance WordPress es la clave para racionalizar sus operaciones de seguro, proporcionar una soluci\u00f3n \u00fanica para gestionar las pol\u00edticas, manejar reclamos e interactuar con los clientes. Descubra la ventaja de Alico hoy y revolucione su proceso de seguro.<\/p>\n","protected":false},"featured_media":165345,"comment_status":"open","ping_status":"open","template":"","meta":[],"product_brand":[2337],"product_cat":[1307,1237,1238],"product_tag":[1391],"class_list":{"0":"post-113851","1":"product","2":"type-product","3":"status-publish","4":"has-post-thumbnail","6":"product_brand-themeforest","7":"product_cat-negocio-wordpress-temas","8":"product_cat-temas","9":"product_cat-wordpress-temas","10":"product_tag-themeforest","11":"member-discount","12":"discount-restricted","14":"first","15":"instock","16":"sale","17":"downloadable","18":"virtual","19":"sold-individually","20":"purchasable","21":"product-type-simple"},"_links":{"self":[{"href":"https:\/\/gpl-love.com\/es\/wp-json\/wp\/v2\/product\/113851","targetHints":{"allow":["GET"]}}],"collection":[{"href":"https:\/\/gpl-love.com\/es\/wp-json\/wp\/v2\/product"}],"about":[{"href":"https:\/\/gpl-love.com\/es\/wp-json\/wp\/v2\/types\/product"}],"replies":[{"embeddable":true,"href":"https:\/\/gpl-love.com\/es\/wp-json\/wp\/v2\/comments?post=113851"}],"wp:featuredmedia":[{"embeddable":true,"href":"https:\/\/gpl-love.com\/es\/wp-json\/wp\/v2\/media\/165345"}],"wp:attachment":[{"href":"https:\/\/gpl-love.com\/es\/wp-json\/wp\/v2\/media?parent=113851"}],"wp:term":[{"taxonomy":"product_brand","embeddable":true,"href":"https:\/\/gpl-love.com\/es\/wp-json\/wp\/v2\/product_brand?post=113851"},{"taxonomy":"product_cat","embeddable":true,"href":"https:\/\/gpl-love.com\/es\/wp-json\/wp\/v2\/product_cat?post=113851"},{"taxonomy":"product_tag","embeddable":true,"href":"https:\/\/gpl-love.com\/es\/wp-json\/wp\/v2\/product_tag?post=113851"}],"curies":[{"name":"wp","href":"https:\/\/api.w.org\/{rel}","templated":true}]}}