{"id":113849,"date":"2025-06-19T00:00:00","date_gmt":"2025-06-19T05:00:00","guid":{"rendered":"http:\/\/gpl-love.com\/es\/?post_type=product&#038;p=113849"},"modified":"2026-03-09T07:45:56","modified_gmt":"2026-03-09T12:45:56","slug":"league-table-wordpress-plugin","status":"publish","type":"product","link":"https:\/\/gpl-love.com\/es\/producto\/league-table-wordpress-plugin\/","title":{"rendered":"League Table WordPress Plugin 2.25"},"content":{"rendered":"<h3>League Table WordPress Plugin Caracteristicas<\/h3>\n<p>El complemento de WordPress de la Tabla de la Liga, una herramienta extremadamente potente meticulosamente elaborada para ayudar a las personas a exhibir tablas de liga din\u00e1micas y adaptables en sus respectivos sitios web, est\u00e1 a la vanguardia de la innovaci\u00f3n tecnol\u00f3gica. Este complemento revolucionario cuenta con una interfaz f\u00e1cil de usar que permite a los usuarios fabricar y administrar tablas para una extensa gama de eventos deportivos y torneos. Ofreciendo una gran cantidad de caracter\u00edsticas notables que incluyen, entre otros, opciones de clasificaci\u00f3n y filtrado, columnas personalizables y la capacidad de acentuar los logros excepcionales de los equipos o jugadores de alto rendimiento, este complemento demuestra ser un activo indispensable. Adem\u00e1s, el complemento garantiza la experiencia de visualizaci\u00f3n \u00f3ptima en cualquier dispositivo a trav\u00e9s de su dise\u00f1o receptivo, mientras que su inquebrantable asistencia y documentaci\u00f3n integral facilitan a los usuarios en el establecimiento y la personalizaci\u00f3n de sus tablas. Independientemente de si uno est\u00e1 encabezando una liga deportiva o simplemente anhelando mostrar las clasificaciones m\u00e1s recientes en su sitio web, el complemento de WordPress de la tabla de la liga se presenta inequ\u00edvocamente como la soluci\u00f3n por excelencia para todos los requisitos de la tabla de su liga.<\/p>\n<ul>\n<li>Proporciona una mesa de liga de aspecto profesional para su sitio de WordPress<\/li>\n<li>Le permite mostrar f\u00e1cilmente las clasificaciones de equipo, los resultados de los coincidencias y otra informaci\u00f3n relevante<\/li>\n<li>Incluye opciones personalizables para colores, fuentes y dimensiones<\/li>\n<li>Se puede usar para una variedad de ligas y competiciones<\/li>\n<li>Dise\u00f1o de respuesta m\u00f3vil para una visualizaci\u00f3n \u00f3ptima en cualquier dispositivo<\/li>\n<li>Actualiza autom\u00e1ticamente la tabla de la liga en funci\u00f3n de los datos ingresados<\/li>\n<li>Incluye un brevemente para facilitar la inserci\u00f3n en cualquier publicaci\u00f3n o p\u00e1gina<\/li>\n<li>Permite que se muestren varias tablas de liga en un sitio<\/li>\n<li>Compatible con la mayor\u00eda de los temas y complementos de WordPress<\/li>\n<li>Proporciona atenci\u00f3n al cliente y actualizaciones peri\u00f3dicas para garantizar la compatibilidad con las nuevas versiones de WordPress.<\/li>\n<\/ul>\n","protected":false},"excerpt":{"rendered":"<p>Si usted es el propietario de un sitio web deportivo y est\u00e1 en busca de un medio para presentar su clasificaci\u00f3n de liga de manera ordenada y pulida, entonces el complemento de WordPress de la tabla de la liga es una necesidad absoluta para usted. Con una amplia gama de opciones de personalizaci\u00f3n, este complemento le brinda la oportunidad de exhibir sin esfuerzo logotipos de equipos, estad\u00edsticas y resultados de coincidencias, todo dentro de un formato que sea adaptable y compatible con dispositivos m\u00f3viles. Al utilizar actualizaciones autom\u00e1ticas e integrarse sin problemas con su sitio de WordPress, podr\u00e1 economizar tanto en el tiempo como en el esfuerzo. Adem\u00e1s, su audiencia estar\u00e1 cautivada por un medio interactivo y fascinante por los cuales pueden permanecer actualizados con sus amados equipos en tiempo real. No dudes m\u00e1s; Obtenga el complemento de WordPress de la tabla de la liga hoy y ser\u00e1 testigo de un avance sorprendente en la calidad de su sitio web deportivo.<\/p>\n","protected":false},"featured_media":166574,"comment_status":"open","ping_status":"open","template":"","meta":[],"product_brand":[2339],"product_cat":[1214,1206,1211],"product_tag":[1256],"class_list":{"0":"post-113849","1":"product","2":"type-product","3":"status-publish","4":"has-post-thumbnail","6":"product_brand-codecanyon","7":"product_cat-personalizacion","8":"product_cat-plugins","9":"product_cat-wordpress-plugins","10":"product_tag-codecanyon","11":"member-discount","12":"discount-restricted","14":"first","15":"instock","16":"sale","17":"downloadable","18":"virtual","19":"sold-individually","20":"purchasable","21":"product-type-simple"},"_links":{"self":[{"href":"https:\/\/gpl-love.com\/es\/wp-json\/wp\/v2\/product\/113849","targetHints":{"allow":["GET"]}}],"collection":[{"href":"https:\/\/gpl-love.com\/es\/wp-json\/wp\/v2\/product"}],"about":[{"href":"https:\/\/gpl-love.com\/es\/wp-json\/wp\/v2\/types\/product"}],"replies":[{"embeddable":true,"href":"https:\/\/gpl-love.com\/es\/wp-json\/wp\/v2\/comments?post=113849"}],"wp:featuredmedia":[{"embeddable":true,"href":"https:\/\/gpl-love.com\/es\/wp-json\/wp\/v2\/media\/166574"}],"wp:attachment":[{"href":"https:\/\/gpl-love.com\/es\/wp-json\/wp\/v2\/media?parent=113849"}],"wp:term":[{"taxonomy":"product_brand","embeddable":true,"href":"https:\/\/gpl-love.com\/es\/wp-json\/wp\/v2\/product_brand?post=113849"},{"taxonomy":"product_cat","embeddable":true,"href":"https:\/\/gpl-love.com\/es\/wp-json\/wp\/v2\/product_cat?post=113849"},{"taxonomy":"product_tag","embeddable":true,"href":"https:\/\/gpl-love.com\/es\/wp-json\/wp\/v2\/product_tag?post=113849"}],"curies":[{"name":"wp","href":"https:\/\/api.w.org\/{rel}","templated":true}]}}