{"id":113847,"date":"2021-06-01T00:00:00","date_gmt":"2021-06-01T05:00:00","guid":{"rendered":"http:\/\/gpl-love.com\/es\/?post_type=product&#038;p=113847"},"modified":"2026-03-13T17:17:11","modified_gmt":"2026-03-13T22:17:11","slug":"builderpress-construction-y-architecture-wordpress-theme","status":"publish","type":"product","link":"https:\/\/gpl-love.com\/es\/producto\/builderpress-construction-y-architecture-wordpress-theme\/","title":{"rendered":"BuilderPress Construction y Architecture WordPress Theme 1.2.4"},"content":{"rendered":"<h3>BuilderPress Construction y Architecture WordPress Theme Caracteristicas<\/h3>\n<p>El tema de WordPress de construcci\u00f3n y arquitectura de BuilderPress es un tema incre\u00edblemente robusto y altamente vers\u00e1til dise\u00f1ado por la construcci\u00f3n y las industrias arquitect\u00f3nicas. Con un dise\u00f1o elegante y contempor\u00e1neo, BuilderPress presenta sin esfuerzo una extensa gama de atributos y herramientas personalizables que se adaptan espec\u00edficamente a la ayuda en la creaci\u00f3n de un sitio web exquisito y altamente funcional. Ofreciendo una abundancia de plantillas y dise\u00f1os predise\u00f1ados, as\u00ed como una gran cantidad de opciones de personalizaci\u00f3n avanzada, este tema notable posee todos los elementos necesarios para mostrar efectivamente su negocio y sus servicios en el dominio en l\u00ednea. Adem\u00e1s, BuilderPress muestra su adaptabilidad al incorporar un dise\u00f1o receptivo y una interfaz f\u00e1cil de usar, lo que lo convierte en el ep\u00edtome de una soluci\u00f3n perfecta para establecer una presencia en l\u00ednea profesional e impactante para sus esfuerzos de construcci\u00f3n y arquitectura.<\/p>\n<ul>\n<li>Dise\u00f1o receptivo y personalizable<\/li>\n<li>Construido con HTML5, CSS3 y Marco de Bootstrap<\/li>\n<li>Compatibilidad de navegador cruzado<\/li>\n<li>Integraci\u00f3n de WooCommerce<\/li>\n<li>6 dise\u00f1os de p\u00e1gina de inicio prefabricados<\/li>\n<li>Arrastrar y soltar el constructor de la p\u00e1gina<\/li>\n<li>Slider Revolution y Slider de capa incluidos<\/li>\n<li>Importador de demostraci\u00f3n de un solo clic<\/li>\n<li>Panel de opciones de tema avanzado<\/li>\n<li>Esquemas de color ilimitados<\/li>\n<li>Traducci\u00f3n lista<\/li>\n<li>Soporte RTL<\/li>\n<li>Integraci\u00f3n de Google Fonts<\/li>\n<li>Documentaci\u00f3n y apoyo extenso<\/li>\n<\/ul>\n","protected":false},"excerpt":{"rendered":"<p>Para todas sus necesidades comerciales de construcci\u00f3n y arquitectura, no busque m\u00e1s que el tema de WordPress de construcci\u00f3n y arquitectura de BuilderPress. Este tema elaborado por expertos es perfecto para empresas de construcci\u00f3n, constructores, arquitectos y cualquier negocio en la industria de la construcci\u00f3n. Con sus caracter\u00edsticas avanzadas y su dise\u00f1o personalizable, puede crear un sitio web profesional y atractivo que exhiba efectivamente su negocio.<\/p>\n<p>BuilderPress es un tema de WordPress que cuenta con un dise\u00f1o receptivo: hacer que su sitio web sea accesible y agradable visualmente en cualquier dispositivo. Tambi\u00e9n admite una variedad de complementos, incluido WooCommerce, para transacciones f\u00e1ciles en l\u00ednea. Este tema est\u00e1 construido con SEO en mente, asegurando que su negocio se clasifique en los resultados de los motores de b\u00fasqueda.<\/p>\n<p>El tema BuilderPress incluye m\u00faltiples opciones de dise\u00f1o, por lo que puede personalizar su sitio web para que coincida perfectamente con la identidad de su marca. Tambi\u00e9n viene con un constructor de p\u00e1ginas de arrastrar y soltar, lo que facilita incluso para los principiantes dise\u00f1ar su propio sitio web.<\/p>\n<p>Con el tema de WordPress de construcci\u00f3n y arquitectura de BuilderPress, puede presentar sus proyectos y servicios de manera elegante y profesional. No es solo<\/p>\n","protected":false},"featured_media":165571,"comment_status":"open","ping_status":"open","template":"","meta":[],"product_brand":[2337],"product_cat":[1267,1237,1238],"product_tag":[1391],"class_list":{"0":"post-113847","1":"product","2":"type-product","3":"status-publish","4":"has-post-thumbnail","6":"product_brand-themeforest","7":"product_cat-creativo","8":"product_cat-temas","9":"product_cat-wordpress-temas","10":"product_tag-themeforest","11":"member-discount","12":"discount-restricted","14":"first","15":"instock","16":"sale","17":"downloadable","18":"virtual","19":"sold-individually","20":"purchasable","21":"product-type-simple"},"_links":{"self":[{"href":"https:\/\/gpl-love.com\/es\/wp-json\/wp\/v2\/product\/113847","targetHints":{"allow":["GET"]}}],"collection":[{"href":"https:\/\/gpl-love.com\/es\/wp-json\/wp\/v2\/product"}],"about":[{"href":"https:\/\/gpl-love.com\/es\/wp-json\/wp\/v2\/types\/product"}],"replies":[{"embeddable":true,"href":"https:\/\/gpl-love.com\/es\/wp-json\/wp\/v2\/comments?post=113847"}],"wp:featuredmedia":[{"embeddable":true,"href":"https:\/\/gpl-love.com\/es\/wp-json\/wp\/v2\/media\/165571"}],"wp:attachment":[{"href":"https:\/\/gpl-love.com\/es\/wp-json\/wp\/v2\/media?parent=113847"}],"wp:term":[{"taxonomy":"product_brand","embeddable":true,"href":"https:\/\/gpl-love.com\/es\/wp-json\/wp\/v2\/product_brand?post=113847"},{"taxonomy":"product_cat","embeddable":true,"href":"https:\/\/gpl-love.com\/es\/wp-json\/wp\/v2\/product_cat?post=113847"},{"taxonomy":"product_tag","embeddable":true,"href":"https:\/\/gpl-love.com\/es\/wp-json\/wp\/v2\/product_tag?post=113847"}],"curies":[{"name":"wp","href":"https:\/\/api.w.org\/{rel}","templated":true}]}}