{"id":113845,"date":"2021-06-01T00:00:00","date_gmt":"2021-06-01T05:00:00","guid":{"rendered":"http:\/\/gpl-love.com\/es\/?post_type=product&#038;p=113845"},"modified":"2026-04-10T11:18:38","modified_gmt":"2026-04-10T16:18:38","slug":"navian-multi-purpose-responsive-wordpress-theme","status":"publish","type":"product","link":"https:\/\/gpl-love.com\/es\/producto\/navian-multi-purpose-responsive-wordpress-theme\/","title":{"rendered":"Navian Multi Purpose Responsive WordPress Theme 1.2.9"},"content":{"rendered":"<h3>Navian Multi Purpose Responsive WordPress Theme Caracteristicas<\/h3>\n<p>El tema de WordPress de m\u00faltiples usos de Navia cuenta con una impresionante variedad de caracter\u00edsticas, lo que lo convierte en una opci\u00f3n ideal para las personas que buscan un tema altamente adaptable y personalizado para su sitio web. En particular, su dise\u00f1o receptivo garantiza que su sitio web mantenga su apariencia visualmente atractiva en una multitud de dispositivos, ya sea una computadora de escritorio tradicional, una tableta elegante o un tel\u00e9fono inteligente conveniente. Adem\u00e1s, la amplia gama de ofertas del tema incluye un impresionante repertorio de m\u00e1s de 30 demostraciones preconstruidas, lo que permite la personalizaci\u00f3n perfecta. Con una asombrosa cantidad de m\u00e1s de 400 opciones personalizables a su disposici\u00f3n, la adaptaci\u00f3n de su sitio web a sus especificaciones \u00fanicas nunca ha sido m\u00e1s f\u00e1cil. Adem\u00e1s, la inclusi\u00f3n de un poderoso constructor de p\u00e1ginas dentro del marco del tema permite incluso al m\u00e1s novato de los creadores de sitios web para construir p\u00e1ginas personalizadas sin esfuerzo que exuden profesionalismo y sofisticaci\u00f3n. Para mejorar a\u00fan m\u00e1s el atractivo visual de su sitio web, Navian se fusiona a la perfecci\u00f3n con una mir\u00edada de complementos premium, incluidos los ilustre revoluci\u00f3n del control deslizante y complementos de compositor visual, lo que le permite crear contenido visualmente impresionante que cautiva a su audiencia. Con su dise\u00f1o elegante y desenfrenado, el tema ofrece una flexibilidad incomparable cuando se trata de opciones de dise\u00f1o, asegurando que su sitio web exude una est\u00e9tica moderna y simplificada. Por \u00faltimo, las herramientas de personalizaci\u00f3n intuitivas de Navian act\u00faan como un faro de accesibilidad, por lo que es una opci\u00f3n ideal para las personas de todos los niveles de habilidad. En resumen, Navian emerge como la mejor opci\u00f3n para aquellos que buscan construir un sitio web profesional y contempor\u00e1neo que se alinee perfectamente con su visi\u00f3n \u00fanica.<\/p>\n<ul>\n<li>Dise\u00f1o totalmente receptivo que se adapta a cualquier dispositivo o tama\u00f1o de pantalla<\/li>\n<li>Opciones de color ilimitadas y tipograf\u00eda personalizable<\/li>\n<li>M\u00faltiples dise\u00f1os de p\u00e1gina de inicio para elegir<\/li>\n<li>La importaci\u00f3n de demostraci\u00f3n de un solo clic para configurar r\u00e1pidamente su sitio web con plantillas prefabricadas<\/li>\n<li>Opciones personalizables de encabezado y pie de p\u00e1gina<\/li>\n<li>Compatibilidad de WooCommerce para una f\u00e1cil integraci\u00f3n de tiendas en l\u00ednea<\/li>\n<li>SEO optimizado para una mejor clasificaci\u00f3n de motores de b\u00fasqueda<\/li>\n<li>Integraci\u00f3n de redes sociales incorporadas<\/li>\n<li>Velocidad de carga r\u00e1pida para una mejor experiencia de usuario<\/li>\n<li>M\u00faltiples formatos de publicaci\u00f3n para mostrar su contenido de diferentes maneras<\/li>\n<li>Compatible con complementos populares de WordPress para una funcionalidad adicional<\/li>\n<\/ul>\n","protected":false},"excerpt":{"rendered":"<p>Navian, un tema de WordPress multiprop\u00f3sito altamente vers\u00e1til y funcional, cuenta con una impresionante gama de opciones de personalizaci\u00f3n dise\u00f1adas para capacitarlo en elaboraci\u00f3n de un sitio web realmente notable. Con un fuerte \u00e9nfasis en la capacidad de respuesta, Navian se adapta perfectamente a todo tipo de dispositivos, ya sea un monitor de escritorio extenso, una tableta elegante o un servicio inteligente \u00fatil. Adem\u00e1s, este tema incluye una multitud de dise\u00f1os de p\u00e1gina de inicio predise\u00f1ados, cada uno que exude un encanto \u00fanico, as\u00ed como una cartera visualmente impresionante para mostrar sus obras maestras. Adem\u00e1s, el intuitivo Builder de la p\u00e1gina de arrastrar y soltar con el suministro de Navian facilita la creaci\u00f3n r\u00e1pida y sin esfuerzo de p\u00e1ginas a medida adaptadas a sus especificaciones exactas. La funcionalidad avanzada es un sello distintivo de este tema, lo que permite una integraci\u00f3n perfecta con complementos populares como WooCommerce, WPML y el Formulario de contacto 7, lo que le da a Navian una opci\u00f3n \u00f3ptima para cualquier sitio web que aspire a establecer.<\/p>\n","protected":false},"featured_media":166953,"comment_status":"open","ping_status":"open","template":"","meta":[],"product_brand":[2337],"product_cat":[1239,1237,1238],"product_tag":[1391],"class_list":{"0":"post-113845","1":"product","2":"type-product","3":"status-publish","4":"has-post-thumbnail","6":"product_brand-themeforest","7":"product_cat-de-multiples-fines","8":"product_cat-temas","9":"product_cat-wordpress-temas","10":"product_tag-themeforest","11":"member-discount","12":"discount-restricted","14":"first","15":"instock","16":"sale","17":"downloadable","18":"virtual","19":"sold-individually","20":"purchasable","21":"product-type-simple"},"_links":{"self":[{"href":"https:\/\/gpl-love.com\/es\/wp-json\/wp\/v2\/product\/113845","targetHints":{"allow":["GET"]}}],"collection":[{"href":"https:\/\/gpl-love.com\/es\/wp-json\/wp\/v2\/product"}],"about":[{"href":"https:\/\/gpl-love.com\/es\/wp-json\/wp\/v2\/types\/product"}],"replies":[{"embeddable":true,"href":"https:\/\/gpl-love.com\/es\/wp-json\/wp\/v2\/comments?post=113845"}],"wp:featuredmedia":[{"embeddable":true,"href":"https:\/\/gpl-love.com\/es\/wp-json\/wp\/v2\/media\/166953"}],"wp:attachment":[{"href":"https:\/\/gpl-love.com\/es\/wp-json\/wp\/v2\/media?parent=113845"}],"wp:term":[{"taxonomy":"product_brand","embeddable":true,"href":"https:\/\/gpl-love.com\/es\/wp-json\/wp\/v2\/product_brand?post=113845"},{"taxonomy":"product_cat","embeddable":true,"href":"https:\/\/gpl-love.com\/es\/wp-json\/wp\/v2\/product_cat?post=113845"},{"taxonomy":"product_tag","embeddable":true,"href":"https:\/\/gpl-love.com\/es\/wp-json\/wp\/v2\/product_tag?post=113845"}],"curies":[{"name":"wp","href":"https:\/\/api.w.org\/{rel}","templated":true}]}}