{"id":113843,"date":"2025-06-14T00:00:00","date_gmt":"2025-06-14T05:00:00","guid":{"rendered":"http:\/\/gpl-love.com\/es\/?post_type=product&#038;p=113843"},"modified":"2026-04-10T11:25:11","modified_gmt":"2026-04-10T16:25:11","slug":"sns-vicky-cosmetic-woocommerce-wordpress-theme","status":"publish","type":"product","link":"https:\/\/gpl-love.com\/es\/producto\/sns-vicky-cosmetic-woocommerce-wordpress-theme\/","title":{"rendered":"SNS Vicky Cosmetic WooCommerce WordPress Theme 3.8"},"content":{"rendered":"<h3>SNS Vicky Cosmetic WooCommerce WordPress Theme Caracteristicas<\/h3>\n<p>El tema de WordPress cosm\u00e9tico SNS Vicky WooCommerce, con su impresionante dise\u00f1o y capacidad de respuesta, presenta una soluci\u00f3n ideal para las tiendas cosm\u00e9ticas que buscan establecer una fuerte presencia en l\u00ednea. Al ofrecer una gran cantidad de opciones de personalizaci\u00f3n, este tema facilita la sastrer\u00eda sin esfuerzo para alinearse con su identidad de marca mientras muestra cautivadoramente su gama de productos. Adem\u00e1s, el tema se integra perfectamente con WooCommerce, racionalizando el establecimiento y la administraci\u00f3n de su escaparate virtual. Ya sea que su enfoque se encuentre en la venta de maquillaje, mercanc\u00edas para el cuidado de la piel o accesorios de belleza, el tema de WordPress de WooCommerce Cosmetic Sns Vicky surge como una selecci\u00f3n excepcional, lo que permite a las empresas de cosm\u00e9ticos mejorar sus flujos de ingresos digitales.<\/p>\n<ul>\n<li>Un tema de WordPress de WooCommerce totalmente receptivo dise\u00f1ado espec\u00edficamente para sitios web cosm\u00e9ticos y de belleza<\/li>\n<li>Viene con una interfaz f\u00e1cil de usar y personalizable que le permite ajustar el dise\u00f1o para satisfacer sus necesidades<\/li>\n<li>Incluye un control deslizante de p\u00e1gina de inicio, carrusel de productos y secci\u00f3n de banner, lo que facilita la exhibici\u00f3n de sus productos y promociones.<\/li>\n<li>Cuenta con una opci\u00f3n de vista r\u00e1pida del producto, para que sus clientes puedan navegar f\u00e1cilmente y comprar productos<\/li>\n<li>Tiene un formulario de suscripci\u00f3n de bolet\u00edn incorporado, lo que le permite hacer crecer su lista de correo electr\u00f3nico y convertir m\u00e1s ventas<\/li>\n<li>Admite m\u00faltiples pasarelas de pago, incluidas PayPal y Stripe, haciendo que la pago fuera sin problemas para sus clientes<\/li>\n<li>Incluye la integraci\u00f3n de las redes sociales, para que pueda conectarse f\u00e1cilmente con sus clientes y mostrar sus \u00faltimas publicaciones y actualizaciones<\/li>\n<li>Tiene una funci\u00f3n de comparaci\u00f3n de productos, que permite a sus clientes comparar diferentes productos y tomar una decisi\u00f3n de compra informada<\/li>\n<li>Ofrece una poderosa funcionalidad de b\u00fasqueda, lo que permite a sus clientes buscar productos basados \u200b\u200ben diferentes criterios<\/li>\n<li>Incluye documentaci\u00f3n detallada y atenci\u00f3n al cliente 24\/7, asegurando que tenga todos los recursos que necesita para comenzar y tener \u00e9xito.<\/li>\n<\/ul>\n","protected":false},"excerpt":{"rendered":"<p>El tema de WordPress cosm\u00e9tico SNS Vicky posee un dise\u00f1o visualmente atractivo y est\u00e9ticamente agradable, y est\u00e1 espec\u00edficamente elaborado para satisfacer las necesidades de las personas que operan dentro de la industria cosm\u00e9tica. Este tema, con su dise\u00f1o elegante y contempor\u00e1neo, garantiza que sus productos cosm\u00e9ticos irradiar\u00e1n y cautivar\u00e1n la atenci\u00f3n de sus clientes potenciales. Su amplia gama de caracter\u00edsticas esenciales, como un cat\u00e1logo de productos navegable sin esfuerzo, una amplia selecci\u00f3n de m\u00e9todos de pago y una capacidad de b\u00fasqueda avanzada, asegura que su sitio web de comercio electr\u00f3nico prospere y florezca. Adem\u00e1s, este tema ofrece una gran cantidad de opciones de personalizaci\u00f3n, facilitando la adaptaci\u00f3n sin esfuerzo y la personalizaci\u00f3n del tema para alinearse perfectamente con sus requisitos distintos y \u00fanicos. Para cualquier marca cosm\u00e9tica que se esfuerce por establecer una tienda en l\u00ednea visualmente llamativa y sin esfuerzo, este tema es inequ\u00edvocamente indispensable y muy ventajoso.<\/p>\n","protected":false},"featured_media":167519,"comment_status":"open","ping_status":"open","template":"","meta":[],"product_brand":[2337],"product_cat":[1263,1469,1237],"product_tag":[1391],"class_list":{"0":"post-113843","1":"product","2":"type-product","3":"status-publish","4":"has-post-thumbnail","6":"product_brand-themeforest","7":"product_cat-comercio-electronico-temas","8":"product_cat-creativo-comercio-electronico-temas","9":"product_cat-temas","10":"product_tag-themeforest","11":"member-discount","12":"discount-restricted","14":"first","15":"instock","16":"sale","17":"downloadable","18":"virtual","19":"sold-individually","20":"purchasable","21":"product-type-simple"},"_links":{"self":[{"href":"https:\/\/gpl-love.com\/es\/wp-json\/wp\/v2\/product\/113843","targetHints":{"allow":["GET"]}}],"collection":[{"href":"https:\/\/gpl-love.com\/es\/wp-json\/wp\/v2\/product"}],"about":[{"href":"https:\/\/gpl-love.com\/es\/wp-json\/wp\/v2\/types\/product"}],"replies":[{"embeddable":true,"href":"https:\/\/gpl-love.com\/es\/wp-json\/wp\/v2\/comments?post=113843"}],"wp:featuredmedia":[{"embeddable":true,"href":"https:\/\/gpl-love.com\/es\/wp-json\/wp\/v2\/media\/167519"}],"wp:attachment":[{"href":"https:\/\/gpl-love.com\/es\/wp-json\/wp\/v2\/media?parent=113843"}],"wp:term":[{"taxonomy":"product_brand","embeddable":true,"href":"https:\/\/gpl-love.com\/es\/wp-json\/wp\/v2\/product_brand?post=113843"},{"taxonomy":"product_cat","embeddable":true,"href":"https:\/\/gpl-love.com\/es\/wp-json\/wp\/v2\/product_cat?post=113843"},{"taxonomy":"product_tag","embeddable":true,"href":"https:\/\/gpl-love.com\/es\/wp-json\/wp\/v2\/product_tag?post=113843"}],"curies":[{"name":"wp","href":"https:\/\/api.w.org\/{rel}","templated":true}]}}