{"id":113840,"date":"2026-03-25T00:00:00","date_gmt":"2026-03-25T05:00:00","guid":{"rendered":"http:\/\/gpl-love.com\/es\/?post_type=product&#038;p=113840"},"modified":"2026-03-30T11:16:13","modified_gmt":"2026-03-30T16:16:13","slug":"woocommerce-usps-shipping-method","status":"publish","type":"product","link":"https:\/\/gpl-love.com\/es\/producto\/woocommerce-usps-shipping-method\/","title":{"rendered":"WooCommerce USPS Shipping Method 5.5.3"},"content":{"rendered":"<h3>WooCommerce USPS Shipping Method Caracteristicas<\/h3>\n<p>El m\u00e9todo de env\u00edo de WooCommerce USPS es una soluci\u00f3n de env\u00edo extremadamente robusta que atiende a las tiendas en l\u00ednea que aprovecha la plataforma WooCommerce. Este complemento impecable incorpora perfectamente con el Servicio Postal de los Estados Unidos (USPS), lo que permite la provisi\u00f3n de tarifas de env\u00edo altamente precisas a sus valiosos clientes, adem\u00e1s de ofrecer una variedad de opciones de confirmaci\u00f3n de seguimiento y entrega. Adem\u00e1s, este complemento est\u00e1 dise\u00f1ado para acomodar sin esfuerzo m\u00faltiples alternativas de env\u00edo, lo que le brinda la oportunidad de presentar a sus clientes una selecci\u00f3n diversa de velocidades de env\u00edo y precios correspondientes. Al incorporar el m\u00e9todo de env\u00edo de WooCommerce USPS en sus operaciones, puede optimizar sin problemas su proceso de env\u00edo, mitigando significativamente la probabilidad de errores, todo al tiempo que garantiza una mejor experiencia del cliente. Adem\u00e1s, la instalaci\u00f3n y configuraci\u00f3n de este complemento es muy f\u00e1cil, por lo que puede comenzar de inmediato a disfrutar de sus numerosos beneficios.<\/p>\n<ul>\n<li>F\u00e1cil integraci\u00f3n con WooCommerce<\/li>\n<li>Tarifas de env\u00edo precisas basadas en el precio de USPS y las dimensiones del paquete<\/li>\n<li>Opciones de env\u00edo flexibles, que incluyen correo prioritario, correo de primera clase y correo de medios<\/li>\n<li>Informaci\u00f3n de seguimiento en tiempo real para clientes<\/li>\n<li>Impresi\u00f3n de etiqueta sin problemas y seguimiento de paquetes<\/li>\n<li>Capacidad para enviar internacionalmente con f\u00e1cil generaci\u00f3n de formularios aduaneros<\/li>\n<li>Soporte de paquetes m\u00faltiples para pedidos con m\u00faltiples elementos<\/li>\n<li>Ajustes de tarifa autom\u00e1tica para precios de peso dimensionales<\/li>\n<li>Capacidad para habilitar o deshabilitar servicios de USPS espec\u00edficos<\/li>\n<li>Actualizaciones y soporte regulares de los desarrolladores de complementos.<\/li>\n<\/ul>\n","protected":false},"excerpt":{"rendered":"<p>El m\u00e9todo de env\u00edo de WooCommerce USPS sirve como una herramienta altamente efectiva y eficiente que las empresas pueden emplear para mejorar y optimizar su proceso de env\u00edo. Este notable complemento cuenta con la capacidad de proporcionar a los usuarios tarifas de env\u00edo en tiempo real e informaci\u00f3n de seguimiento, obtenida directamente del Servicio Postal de los Estados Unidos (USPS), asegurando as\u00ed la m\u00e1xima precisi\u00f3n y puntualidad en la representaci\u00f3n de los costos de env\u00edo a su estimada clientela. Al integrarse sin problemas con su tienda WooCommerce, este invaluable recurso le permite ofrecer una variedad diversa de opciones y tarifas de env\u00edo, adaptadas meticulosamente para satisfacer los requisitos \u00fanicos de sus clientes. Adopte el inmenso potencial del m\u00e9todo de env\u00edo de WooCommerce USPS y experimente ahorros incomparables tanto en el tiempo como en los recursos financieros.<\/p>\n","protected":false},"featured_media":168299,"comment_status":"open","ping_status":"open","template":"","meta":[],"product_brand":[2344],"product_cat":[1207,1248,1206],"product_tag":[1423],"class_list":{"0":"post-113840","1":"product","2":"type-product","3":"status-publish","4":"has-post-thumbnail","6":"product_brand-woocommerce","7":"product_cat-comercio-electronico-plugins","8":"product_cat-personalizacion-comercio-electronico-plugins","9":"product_cat-plugins","10":"product_tag-woocommerce","11":"member-discount","12":"discount-restricted","14":"first","15":"instock","16":"sale","17":"downloadable","18":"virtual","19":"sold-individually","20":"purchasable","21":"product-type-simple"},"_links":{"self":[{"href":"https:\/\/gpl-love.com\/es\/wp-json\/wp\/v2\/product\/113840","targetHints":{"allow":["GET"]}}],"collection":[{"href":"https:\/\/gpl-love.com\/es\/wp-json\/wp\/v2\/product"}],"about":[{"href":"https:\/\/gpl-love.com\/es\/wp-json\/wp\/v2\/types\/product"}],"replies":[{"embeddable":true,"href":"https:\/\/gpl-love.com\/es\/wp-json\/wp\/v2\/comments?post=113840"}],"wp:featuredmedia":[{"embeddable":true,"href":"https:\/\/gpl-love.com\/es\/wp-json\/wp\/v2\/media\/168299"}],"wp:attachment":[{"href":"https:\/\/gpl-love.com\/es\/wp-json\/wp\/v2\/media?parent=113840"}],"wp:term":[{"taxonomy":"product_brand","embeddable":true,"href":"https:\/\/gpl-love.com\/es\/wp-json\/wp\/v2\/product_brand?post=113840"},{"taxonomy":"product_cat","embeddable":true,"href":"https:\/\/gpl-love.com\/es\/wp-json\/wp\/v2\/product_cat?post=113840"},{"taxonomy":"product_tag","embeddable":true,"href":"https:\/\/gpl-love.com\/es\/wp-json\/wp\/v2\/product_tag?post=113840"}],"curies":[{"name":"wp","href":"https:\/\/api.w.org\/{rel}","templated":true}]}}