{"id":113824,"date":"2024-02-23T00:00:00","date_gmt":"2024-02-23T05:00:00","guid":{"rendered":"http:\/\/gpl-love.com\/es\/?post_type=product&#038;p=113824"},"modified":"2026-03-09T07:15:34","modified_gmt":"2026-03-09T12:15:34","slug":"additional-variation-images-gallery-para-woocommerce","status":"publish","type":"product","link":"https:\/\/gpl-love.com\/es\/producto\/additional-variation-images-gallery-para-woocommerce\/","title":{"rendered":"Additional Variation Images Gallery para WooCommerce 1.3.16"},"content":{"rendered":"<h3>Additional Variation Images Gallery para WooCommerce Caracteristicas<\/h3>\n<p>La galer\u00eda de im\u00e1genes de variaciones adicionales para WooCommerce emerge como una herramienta extremadamente potente, lo que permite a los propietarios de tiendas en l\u00ednea a exhibir una multitud de im\u00e1genes para cada variaci\u00f3n individual del producto. A trav\u00e9s de la utilizaci\u00f3n de este notable complemento, los futuros compradores pueden examinar sin esfuerzo diversas perspectivas, tonos y estilos de un producto determinado antes de finalizar su decisi\u00f3n de compra. Esta invaluable herramienta es particularmente adecuada para las empresas que atienden a productos o versatilidades personalizables, como ropa o ofertas de muebles. Facilitando una integraci\u00f3n perfecta con WooCommerce, este complemento ofrece a los propietarios de tiendas un proceso de instalaci\u00f3n f\u00e1cil de usar y sin complicaciones, al tiempo que les permite administrar y organizar con homenaje su amplia gama de im\u00e1genes de productos. Al dotar a la clientela con una apreciaci\u00f3n v\u00edvida y tangible de cada variaci\u00f3n distinta del producto, la galer\u00eda de im\u00e1genes de variaciones adicionales para WooCommerce aumenta efectivamente la participaci\u00f3n del cliente, que finalmente culmina en un marcado aumento de las tasas de conversi\u00f3n.<\/p>\n<ul>\n<li>Agregue f\u00e1cilmente varias im\u00e1genes para cada variaci\u00f3n de sus productos WooCommerce<\/li>\n<li>Muestre todas las variaciones de su producto en un formato de galer\u00eda f\u00e1cil de usar<\/li>\n<li>Mejore la experiencia de compra para sus clientes, lo que les permite ver todas las opciones disponibles de un vistazo<\/li>\n<li>Personalice el dise\u00f1o de la galer\u00eda para adaptarse al dise\u00f1o y la marca de su sitio web<\/li>\n<li>Administre todas las im\u00e1genes de variaci\u00f3n de la misma p\u00e1gina de producto en su tablero de WooCommerce<\/li>\n<li>Aumentar las conversiones proporcionando una imagen m\u00e1s clara de sus opciones de producto a los clientes potenciales<\/li>\n<li>Mejorar el SEO de productos al incluir datos de imagen adicionales para cada variaci\u00f3n<\/li>\n<li>Compatible con temas y complementos populares de WooCommerce para una integraci\u00f3n perfecta en su tienda en l\u00ednea.<\/li>\n<\/ul>\n","protected":false},"excerpt":{"rendered":"<p>\u00a1Aumente su empresa en l\u00ednea con nuestro complemento avanzado de WooCommerce para el \u00e9xito del comercio electr\u00f3nico! La galer\u00eda de im\u00e1genes de variaciones adicionales para WooCommerce mejora el atractivo visual de su plataforma de comercio electr\u00f3nico. Este activo invaluable para cualquier sitio web de WooCommerce le permite mejorar su presentaci\u00f3n de mercanc\u00edas en l\u00ednea con im\u00e1genes de alta resoluci\u00f3n.<\/p>\n<p>El complemento de WooCommerce para una vista de producto detallada le brinda la capacidad de presentar una galer\u00eda de im\u00e1genes detallada para los productos de WooCommerce. Sus clientes pueden explorar varios \u00e1ngulos de productos con el complemento de WooCommerce, analizando cada detalle intrincado en alta resoluci\u00f3n. Esto les permite realizar compras informadas con el complemento de WooCommerce, aumentando sus ventas de WooCommerce con im\u00e1genes de alta calidad.<\/p>\n<p>El complemento de WooCommerce de instalaci\u00f3n f\u00e1cil viene con funciones personalizables para WooCommerce, por lo que es una adici\u00f3n vers\u00e1til a su plataforma de comercio electr\u00f3nico. Aproveche la oportunidad de adquirir este notable complemento de WooCommerce para im\u00e1genes de alta resoluci\u00f3n y catapultar su negocio en l\u00ednea a alturas de \u00e9xito sin precedentes. Es m\u00e1s que una simple galer\u00eda de im\u00e1genes de variaci\u00f3n adicional; Es una herramienta integral para mejorar su negocio.<\/p>\n","protected":false},"featured_media":165258,"comment_status":"open","ping_status":"open","template":"","meta":[],"product_brand":[2343],"product_cat":[1207,1248,1206],"product_tag":[1601],"class_list":{"0":"post-113824","1":"product","2":"type-product","3":"status-publish","4":"has-post-thumbnail","6":"product_brand-getwooplugins","7":"product_cat-comercio-electronico-plugins","8":"product_cat-personalizacion-comercio-electronico-plugins","9":"product_cat-plugins","10":"product_tag-getwooplugins","11":"member-discount","12":"discount-restricted","14":"first","15":"instock","16":"sale","17":"downloadable","18":"virtual","19":"sold-individually","20":"purchasable","21":"product-type-simple"},"_links":{"self":[{"href":"https:\/\/gpl-love.com\/es\/wp-json\/wp\/v2\/product\/113824","targetHints":{"allow":["GET"]}}],"collection":[{"href":"https:\/\/gpl-love.com\/es\/wp-json\/wp\/v2\/product"}],"about":[{"href":"https:\/\/gpl-love.com\/es\/wp-json\/wp\/v2\/types\/product"}],"replies":[{"embeddable":true,"href":"https:\/\/gpl-love.com\/es\/wp-json\/wp\/v2\/comments?post=113824"}],"wp:featuredmedia":[{"embeddable":true,"href":"https:\/\/gpl-love.com\/es\/wp-json\/wp\/v2\/media\/165258"}],"wp:attachment":[{"href":"https:\/\/gpl-love.com\/es\/wp-json\/wp\/v2\/media?parent=113824"}],"wp:term":[{"taxonomy":"product_brand","embeddable":true,"href":"https:\/\/gpl-love.com\/es\/wp-json\/wp\/v2\/product_brand?post=113824"},{"taxonomy":"product_cat","embeddable":true,"href":"https:\/\/gpl-love.com\/es\/wp-json\/wp\/v2\/product_cat?post=113824"},{"taxonomy":"product_tag","embeddable":true,"href":"https:\/\/gpl-love.com\/es\/wp-json\/wp\/v2\/product_tag?post=113824"}],"curies":[{"name":"wp","href":"https:\/\/api.w.org\/{rel}","templated":true}]}}