{"id":113820,"date":"2021-02-09T00:00:00","date_gmt":"2021-02-09T05:00:00","guid":{"rendered":"http:\/\/gpl-love.com\/es\/producto\/mythemeshop-top-wordpress-theme\/"},"modified":"2026-04-10T11:18:27","modified_gmt":"2026-04-10T16:18:27","slug":"mythemeshop-top-wordpress-theme","status":"publish","type":"product","link":"https:\/\/gpl-love.com\/es\/producto\/mythemeshop-top-wordpress-theme\/","title":{"rendered":"MyThemeShop Top WordPress Theme 1.2.1"},"content":{"rendered":"<h3>MyThemeShop Top WordPress Theme Caracteristicas<\/h3>\n<p>El tema de Mythemeshop Top WordPress cuenta con una variedad de cualidades excepcionales que seguramente elevar\u00e1n el atractivo est\u00e9tico y la profesionalidad de su sitio web. Este tema premium de WordPress ofrece una gran cantidad de caracter\u00edsticas personalizables, lo que le permite imbuir su sitio web con un toque \u00fanico y personalizado. Adem\u00e1s, su dise\u00f1o receptivo garantiza que su sitio web exude excelencia en todos los dispositivos, ya sean escritorios, tabletas o tel\u00e9fonos inteligentes. Adem\u00e1s, vale la pena se\u00f1alar que este tema ha sido meticulosamente elaborado para ser amigable con SEO, asegurando que su sitio web atraiga la atenci\u00f3n que merece de los motores de b\u00fasqueda. Ya sea que sea un blogger, un emprendedor o una entidad comercial, el tema de Mythemeshop Top WordPress es la opci\u00f3n ideal para personas que buscan un tema de WordPress f\u00e1cil de usar, visualmente cautivador y robusto.<\/p>\n<ul>\n<li>Dise\u00f1o moderno y de alta calidad para su sitio web de WordPress<\/li>\n<li>Totalmente receptivo y amigable para los dispositivos m\u00f3viles para una experiencia de usuario perfecta<\/li>\n<li>Opciones de personalizaci\u00f3n f\u00e1ciles para el control final sobre la apariencia y la sensaci\u00f3n de su sitio<\/li>\n<li>Caracter\u00edsticas de optimizaci\u00f3n incorporadas para mejorar la velocidad del sitio y el ranking de SEO<\/li>\n<li>M\u00faltiples dise\u00f1os y plantillas prefabricados para una f\u00e1cil instalaci\u00f3n y personalizaci\u00f3n<\/li>\n<li>Actualizaciones y soporte continuos del equipo Mythemeshop para la m\u00e1xima funcionalidad y seguridad<\/li>\n<li>Opciones de precios flexibles para adaptarse a cualquier presupuesto o necesidad<\/li>\n<li>Confiado en miles de usuarios satisfechos y respaldado por una garant\u00eda de devoluci\u00f3n de dinero de 30 d\u00edas.<\/li>\n<\/ul>\n","protected":false},"excerpt":{"rendered":"<p>El tema Mythemeshop Top WordPress es un tema extremadamente contempor\u00e1neo y altamente receptivo que satisface las necesidades de los bloggers, empresarios y empresas por igual. Con una interfaz de usuario notablemente intuitiva, este tema ofrece una multitud de dise\u00f1os personalizables y una amplia gama de caracter\u00edsticas que le permiten a la moda el sitio web que siempre ha imaginado. Con su capacidad innata para la optimizaci\u00f3n de motores de b\u00fasqueda y su velocidad de carga r\u00e1pida, el tema de Mythemeshop Top WordPress garantiza una experiencia de usuario sin problemas para todos sus estimados visitantes. Independientemente de si aspira a construir un blog, cartera o tienda en l\u00ednea, este tema es el ep\u00edtome inequ\u00edvoco de una selecci\u00f3n ideal para mostrar la esencia de su marca distintiva y creatividad sin restricciones.<\/p>\n","protected":false},"featured_media":166938,"comment_status":"open","ping_status":"open","template":"","meta":[],"product_brand":[2505],"product_cat":[1245,1237,1238],"product_tag":[1334],"class_list":{"0":"post-113820","1":"product","2":"type-product","3":"status-publish","4":"has-post-thumbnail","6":"product_brand-my-theme-shop","7":"product_cat-blog-revista","8":"product_cat-temas","9":"product_cat-wordpress-temas","10":"product_tag-my-theme-shop","11":"member-discount","12":"discount-restricted","14":"first","15":"instock","16":"sale","17":"downloadable","18":"virtual","19":"sold-individually","20":"purchasable","21":"product-type-simple"},"_links":{"self":[{"href":"https:\/\/gpl-love.com\/es\/wp-json\/wp\/v2\/product\/113820","targetHints":{"allow":["GET"]}}],"collection":[{"href":"https:\/\/gpl-love.com\/es\/wp-json\/wp\/v2\/product"}],"about":[{"href":"https:\/\/gpl-love.com\/es\/wp-json\/wp\/v2\/types\/product"}],"replies":[{"embeddable":true,"href":"https:\/\/gpl-love.com\/es\/wp-json\/wp\/v2\/comments?post=113820"}],"wp:featuredmedia":[{"embeddable":true,"href":"https:\/\/gpl-love.com\/es\/wp-json\/wp\/v2\/media\/166938"}],"wp:attachment":[{"href":"https:\/\/gpl-love.com\/es\/wp-json\/wp\/v2\/media?parent=113820"}],"wp:term":[{"taxonomy":"product_brand","embeddable":true,"href":"https:\/\/gpl-love.com\/es\/wp-json\/wp\/v2\/product_brand?post=113820"},{"taxonomy":"product_cat","embeddable":true,"href":"https:\/\/gpl-love.com\/es\/wp-json\/wp\/v2\/product_cat?post=113820"},{"taxonomy":"product_tag","embeddable":true,"href":"https:\/\/gpl-love.com\/es\/wp-json\/wp\/v2\/product_tag?post=113820"}],"curies":[{"name":"wp","href":"https:\/\/api.w.org\/{rel}","templated":true}]}}