{"id":113818,"date":"2021-10-12T00:00:00","date_gmt":"2021-10-12T05:00:00","guid":{"rendered":"http:\/\/gpl-love.com\/es\/producto\/mythemeshop-schema-wordpress-theme\/"},"modified":"2026-03-13T17:25:47","modified_gmt":"2026-03-13T22:25:47","slug":"mythemeshop-schema-wordpress-theme","status":"publish","type":"product","link":"https:\/\/gpl-love.com\/es\/producto\/mythemeshop-schema-wordpress-theme\/","title":{"rendered":"MyThemeShop Schema WordPress Theme 3.9.23"},"content":{"rendered":"<h3>MyThemeShop Schema WordPress Theme Caracteristicas<\/h3>\n<p>El tema de WordPress del esquema Mythemeshop es un tema incre\u00edblemente robusto y adaptable que atiende las demandas de los sitios web que buscan optimizaci\u00f3n para los motores de b\u00fasqueda. Posee una capacidad inherente para garantizar que su contenido alcance el n\u00famero m\u00e1ximo de individuos presentando una v\u00eda perfecta para la creaci\u00f3n de fragmentos ricos, una herramienta indispensable para amplificar la clasificaci\u00f3n de los motores de b\u00fasqueda. Adem\u00e1s, este tema le brinda el lujo de la personalizaci\u00f3n completa, otorg\u00e1ndole la autonom\u00eda para dise\u00f1ar un sitio web que no solo sea distintivo sino que tambi\u00e9n sea perfectamente adaptado a sus requisitos previos espec\u00edficos. Con un dise\u00f1o est\u00e9ticamente agradable y contempor\u00e1neo, elementos tipogr\u00e1ficos excepcionales, y una gran cantidad de opciones personalizables, el esquema Mythemeshop es una selecci\u00f3n ejemplar para aquellos individuos que anhelan engendrar una presencia en l\u00ednea profesional e impactante. Independientemente de si est\u00e1 estableciendo un blog, una plataforma de comercio electr\u00f3nico o un sitio web corporativo, este tema personifica una soluci\u00f3n integral que est\u00e1 garantizada para allanar el camino para su triunfo.<\/p>\n<ul>\n<li>Dise\u00f1o limpio y minimalista para sitios web profesionales<\/li>\n<li>Totalmente compatible con todos los principales navegadores y dispositivos<\/li>\n<li>Optimizaci\u00f3n de SEO incorporada para clasificaciones m\u00e1s altas en los resultados del motor de b\u00fasqueda<\/li>\n<li>M\u00faltiples dise\u00f1os predise\u00f1ados para p\u00e1ginas de inicio y p\u00e1ginas internas<\/li>\n<li>Panel de opciones de temas personalizables con f\u00e1cil de usar<\/li>\n<li>Velocidad de carga r\u00e1pida para un mejor rendimiento del sitio web<\/li>\n<li>Integraci\u00f3n con complementos populares como WooCommerce y el Formulario de contacto 7<\/li>\n<li>Traducci\u00f3n lista con soporte para varios idiomas<\/li>\n<li>Equipo de soporte dedicado para ayuda y soluci\u00f3n de problemas<\/li>\n<li>Actualizaciones y mejoras regulares para la funcionalidad y seguridad continuas<\/li>\n<\/ul>\n","protected":false},"excerpt":{"rendered":"<p>El tema de WordPress del esquema Mythemeshop es un tema exquisitamente elaborado y altamente funcional que satisface las necesidades de los bloggers y las empresas con elegancia incomparable. Con un dise\u00f1o pr\u00edstino y contempor\u00e1neo, este tema proporciona una experiencia de navegaci\u00f3n sin esfuerzo, facilitando a los visitantes para descubrir sin esfuerzo su contenido deseado. En particular, este tema est\u00e1 meticulosamente optimizado para la optimizaci\u00f3n de motores de b\u00fasqueda (SEO), lo que garantiza una visibilidad mejorada y un alcance m\u00e1s amplio para su valioso contenido. Adem\u00e1s, este tema exhibe un dise\u00f1o totalmente receptivo, asegurando una adaptabilidad perfecta en varios dispositivos, al tiempo que ofrece una multitud de opciones de personalizaci\u00f3n, lo que lo permite adaptarlo precisamente a sus requisitos \u00fanicos. Ya sea que aspira a iniciar un blog cautivador o se embarca en una ambiciosa promoci\u00f3n comercial, el tema de WordPress de Mythemeshop Schema surge como la mejor elecci\u00f3n, que encarna la versatilidad y la excelencia.<\/p>\n","protected":false},"featured_media":166929,"comment_status":"open","ping_status":"open","template":"","meta":[],"product_brand":[2505],"product_cat":[1267,1237,1238],"product_tag":[1334],"class_list":{"0":"post-113818","1":"product","2":"type-product","3":"status-publish","4":"has-post-thumbnail","6":"product_brand-my-theme-shop","7":"product_cat-creativo","8":"product_cat-temas","9":"product_cat-wordpress-temas","10":"product_tag-my-theme-shop","11":"member-discount","12":"discount-restricted","14":"first","15":"instock","16":"sale","17":"downloadable","18":"virtual","19":"sold-individually","20":"purchasable","21":"product-type-simple"},"_links":{"self":[{"href":"https:\/\/gpl-love.com\/es\/wp-json\/wp\/v2\/product\/113818","targetHints":{"allow":["GET"]}}],"collection":[{"href":"https:\/\/gpl-love.com\/es\/wp-json\/wp\/v2\/product"}],"about":[{"href":"https:\/\/gpl-love.com\/es\/wp-json\/wp\/v2\/types\/product"}],"replies":[{"embeddable":true,"href":"https:\/\/gpl-love.com\/es\/wp-json\/wp\/v2\/comments?post=113818"}],"wp:featuredmedia":[{"embeddable":true,"href":"https:\/\/gpl-love.com\/es\/wp-json\/wp\/v2\/media\/166929"}],"wp:attachment":[{"href":"https:\/\/gpl-love.com\/es\/wp-json\/wp\/v2\/media?parent=113818"}],"wp:term":[{"taxonomy":"product_brand","embeddable":true,"href":"https:\/\/gpl-love.com\/es\/wp-json\/wp\/v2\/product_brand?post=113818"},{"taxonomy":"product_cat","embeddable":true,"href":"https:\/\/gpl-love.com\/es\/wp-json\/wp\/v2\/product_cat?post=113818"},{"taxonomy":"product_tag","embeddable":true,"href":"https:\/\/gpl-love.com\/es\/wp-json\/wp\/v2\/product_tag?post=113818"}],"curies":[{"name":"wp","href":"https:\/\/api.w.org\/{rel}","templated":true}]}}