{"id":113816,"date":"2021-05-30T00:00:00","date_gmt":"2021-05-30T05:00:00","guid":{"rendered":"http:\/\/gpl-love.com\/es\/producto\/mythemeshop-justfit-wordpress-theme\/"},"modified":"2026-04-10T11:18:05","modified_gmt":"2026-04-10T16:18:05","slug":"mythemeshop-justfit-wordpress-theme","status":"publish","type":"product","link":"https:\/\/gpl-love.com\/es\/producto\/mythemeshop-justfit-wordpress-theme\/","title":{"rendered":"MyThemeShop JustFit WordPress Theme 2.2.5"},"content":{"rendered":"<h3>MyThemeShop JustFit WordPress Theme Caracteristicas<\/h3>\n<p>Si es un gimnasio o entusiasta de la condici\u00f3n f\u00edsica en el buscar un sitio web excepcional, no busque m\u00e1s que el tema de Mythemeshop JustFit WordPress. Resplandeciente con su dise\u00f1o elegante y moderno, JustFit proporciona una variedad de caracter\u00edsticas que facilitan la personalizaci\u00f3n f\u00e1cil y la creaci\u00f3n de un sitio de aspecto excepcionalmente profesional. Con su poderoso panel de opciones de temas, dise\u00f1os de p\u00e1gina flexibles y innumerables widgets personalizados para mostrar su contenido, este tema no deja piedra sin mover. Adem\u00e1s, JustFit cuenta con una capacidad de respuesta completa, lo que significa que su sitio web se ver\u00e1 igualmente impresionante en todos los dispositivos. Adem\u00e1s, JustFit se integra perfectamente con complementos populares como WooCommerce, Contact Form 7 y varias otras herramientas codiciadas de terceros. Con todos estos atributos notables, el tema de JustFit de Mythemeshop realmente abarca todo lo esencial para elaborar un sitio web de fitness de primer nivel, garantizado para dejar a sus visitantes asombrados.<\/p>\n<ul>\n<li>Dise\u00f1o limpio y moderno con un enfoque en el estado f\u00edsico y la salud<\/li>\n<li>Dise\u00f1o totalmente receptivo que se ve muy bien en cualquier dispositivo<\/li>\n<li>M\u00faltiples dise\u00f1os de p\u00e1gina de inicio para elegir<\/li>\n<li>Compatible con constructores de p\u00e1ginas populares como Elementor y Beaver Builder<\/li>\n<li>Integrado con complementos populares de fitness y salud, como el rastreador de peso y el rastreador de dieta<\/li>\n<li>Panel de opciones avanzadas para una f\u00e1cil personalizaci\u00f3n de colores, fuentes y dise\u00f1os<\/li>\n<li>SEO optimizado para una mejor clasificaci\u00f3n de motores de b\u00fasqueda<\/li>\n<li>R\u00e1pido y confiable con c\u00f3digo optimizado y marcado limpio<\/li>\n<li>Importaci\u00f3n de demostraci\u00f3n de un solo clic para comenzar r\u00e1pidamente con plantillas preconstruidas<\/li>\n<li>Equipo de apoyo dedicado para ayudar con cualquier problema o pregunta<\/li>\n<\/ul>\n","protected":false},"excerpt":{"rendered":"<p>El tema de Mythemeshop JustFit WordPress atiende a las necesidades de los bloggers, entusiastas del estado f\u00edsico y entrenadores de salud que valoran una combinaci\u00f3n perfecta de funcionalidad, estilo y facilidad de uso. Su dise\u00f1o elegante, dise\u00f1o personalizable y capacidad de respuesta m\u00f3vil funcionan armoniosamente para capacitarlo en establecer una presencia virtual profesional y cautivadora que muestre impecablemente su contenido y servicios excepcionales. Con una gran cantidad de caracter\u00edsticas notables, como un encabezado altamente personalizable, diversos dise\u00f1os de la p\u00e1gina de inicio y una amplia gama de widgets personalizables, JustFit ofrece una flexibilidad y versatilidad incomparables. Adem\u00e1s, su marco est\u00e1 meticulosamente dise\u00f1ado para una visibilidad \u00f3ptima del motor de b\u00fasqueda, lo que garantiza que su presencia en l\u00ednea atraiga la atenci\u00f3n y el reconocimiento merece leg\u00edtimamente. Para mejorar a\u00fan m\u00e1s su experiencia, JustFit es apoyado por un equipo dedicado y conocedor que siempre est\u00e1 listo para brindarle una asistencia excepcional. Si sus aspiraciones giran en torno a alcanzar sus objetivos de aptitud y salud a trav\u00e9s de un tema excepcional de WordPress, entonces no busque m\u00e1s, JustFit es sin duda el ep\u00edtome de una opci\u00f3n ideal.<\/p>\n","protected":false},"featured_media":166905,"comment_status":"open","ping_status":"open","template":"","meta":[],"product_brand":[2505],"product_cat":[1267,1237,1238],"product_tag":[1334],"class_list":{"0":"post-113816","1":"product","2":"type-product","3":"status-publish","4":"has-post-thumbnail","6":"product_brand-my-theme-shop","7":"product_cat-creativo","8":"product_cat-temas","9":"product_cat-wordpress-temas","10":"product_tag-my-theme-shop","11":"member-discount","12":"discount-restricted","14":"first","15":"instock","16":"sale","17":"downloadable","18":"virtual","19":"sold-individually","20":"purchasable","21":"product-type-simple"},"_links":{"self":[{"href":"https:\/\/gpl-love.com\/es\/wp-json\/wp\/v2\/product\/113816","targetHints":{"allow":["GET"]}}],"collection":[{"href":"https:\/\/gpl-love.com\/es\/wp-json\/wp\/v2\/product"}],"about":[{"href":"https:\/\/gpl-love.com\/es\/wp-json\/wp\/v2\/types\/product"}],"replies":[{"embeddable":true,"href":"https:\/\/gpl-love.com\/es\/wp-json\/wp\/v2\/comments?post=113816"}],"wp:featuredmedia":[{"embeddable":true,"href":"https:\/\/gpl-love.com\/es\/wp-json\/wp\/v2\/media\/166905"}],"wp:attachment":[{"href":"https:\/\/gpl-love.com\/es\/wp-json\/wp\/v2\/media?parent=113816"}],"wp:term":[{"taxonomy":"product_brand","embeddable":true,"href":"https:\/\/gpl-love.com\/es\/wp-json\/wp\/v2\/product_brand?post=113816"},{"taxonomy":"product_cat","embeddable":true,"href":"https:\/\/gpl-love.com\/es\/wp-json\/wp\/v2\/product_cat?post=113816"},{"taxonomy":"product_tag","embeddable":true,"href":"https:\/\/gpl-love.com\/es\/wp-json\/wp\/v2\/product_tag?post=113816"}],"curies":[{"name":"wp","href":"https:\/\/api.w.org\/{rel}","templated":true}]}}