{"id":113814,"date":"2021-06-20T00:00:00","date_gmt":"2021-06-20T05:00:00","guid":{"rendered":"http:\/\/gpl-love.com\/es\/producto\/mythemeshop-corporate-wordpress-theme\/"},"modified":"2026-04-10T11:17:55","modified_gmt":"2026-04-10T16:17:55","slug":"mythemeshop-corporate-wordpress-theme","status":"publish","type":"product","link":"https:\/\/gpl-love.com\/es\/producto\/mythemeshop-corporate-wordpress-theme\/","title":{"rendered":"MyThemeShop Corporate WordPress Theme 1.4.6"},"content":{"rendered":"<h3>MyThemeShop Corporate WordPress Theme Caracteristicas<\/h3>\n<p>El tema Corporate WordPress de Mythemeshop es un tema extremadamente personalizable y profesional que es absolutamente perfecto para empresas y sitios web corporativos. Sin esfuerzo presenta un dise\u00f1o supremamente elegante e innegablemente moderno que cuenta con una variedad de diversas opciones de dise\u00f1o y una gran cantidad de widgets personalizados incorporados. Adem\u00e1s, este tema es maravillosamente receptivo y maravillosamente optimizado para la velocidad, lo que garantiza que su sitio web operar\u00e1 sin problemas en todos los dispositivos concebibles. Adem\u00e1s, con sus opciones de personalizaci\u00f3n incre\u00edblemente f\u00e1ciles de usar y su documentaci\u00f3n extremadamente integral, la corporativa mythemeshop surge inequ\u00edvocamente como la opci\u00f3n por excelencia para las empresas de todos los tama\u00f1os que aspiran a crear una presencia en l\u00ednea profundamente profesional e irresistiblemente cautivadora.<\/p>\n<ul>\n<li>Dise\u00f1o profesional y moderno adecuado para sitios web corporativos<\/li>\n<li>Dise\u00f1o totalmente receptivo que se adapta a cualquier tama\u00f1o de pantalla<\/li>\n<li>M\u00faltiples opciones de dise\u00f1o de la p\u00e1gina de inicio para la personalizaci\u00f3n<\/li>\n<li>Panel de opciones de tema f\u00e1cil de usar para una personalizaci\u00f3n r\u00e1pida<\/li>\n<li>Widgets y c\u00f3digos cortos personalizados para una funcionalidad adicional<\/li>\n<li>SEO optimizado para una mejor clasificaci\u00f3n de motores de b\u00fasqueda<\/li>\n<li>Compatible con complementos populares como WooCommerce y el Formulario de contacto 7<\/li>\n<li>Traducci\u00f3n lista para audiencias internacionales<\/li>\n<li>Velocidades de carga r\u00e1pida para una gran experiencia de usuario<\/li>\n<li>Equipo de apoyo dedicado y una amplia documentaci\u00f3n incluida.<\/li>\n<\/ul>\n","protected":false},"excerpt":{"rendered":"<p>Cuando se trata de empresas que buscan una presencia sofisticada en l\u00ednea, el tema de WordPress corporativo de Mythemeshop surge como la respuesta final. Al abarcar un dise\u00f1o impecablemente elegante y contempor\u00e1neo, este tema presenta una amplia gama de opciones de personalizaci\u00f3n, lo que le permite moldear intrincadamente su sitio web para alinearse con su identidad de marca \u00fanica. Adem\u00e1s, este tema integra perfectamente una multitud de funcionalidades indispensables, que incluyen un dise\u00f1o receptivo, optimizaci\u00f3n de optimizaci\u00f3n de motores de b\u00fasqueda (SEO) y c\u00f3digos cortos integrados. Adem\u00e1s, con la provisi\u00f3n de soporte inquebrantable y actualizaciones consistentes, Mythemeshop garantiza que su sitio web permanezca perpetuamente actual y operar\u00e1 sin problemas.<\/p>\n","protected":false},"featured_media":166892,"comment_status":"open","ping_status":"open","template":"","meta":[],"product_brand":[2505],"product_cat":[1307,1237,1238],"product_tag":[1334],"class_list":{"0":"post-113814","1":"product","2":"type-product","3":"status-publish","4":"has-post-thumbnail","6":"product_brand-my-theme-shop","7":"product_cat-negocio-wordpress-temas","8":"product_cat-temas","9":"product_cat-wordpress-temas","10":"product_tag-my-theme-shop","11":"member-discount","12":"discount-restricted","14":"first","15":"instock","16":"sale","17":"downloadable","18":"virtual","19":"sold-individually","20":"purchasable","21":"product-type-simple"},"_links":{"self":[{"href":"https:\/\/gpl-love.com\/es\/wp-json\/wp\/v2\/product\/113814","targetHints":{"allow":["GET"]}}],"collection":[{"href":"https:\/\/gpl-love.com\/es\/wp-json\/wp\/v2\/product"}],"about":[{"href":"https:\/\/gpl-love.com\/es\/wp-json\/wp\/v2\/types\/product"}],"replies":[{"embeddable":true,"href":"https:\/\/gpl-love.com\/es\/wp-json\/wp\/v2\/comments?post=113814"}],"wp:featuredmedia":[{"embeddable":true,"href":"https:\/\/gpl-love.com\/es\/wp-json\/wp\/v2\/media\/166892"}],"wp:attachment":[{"href":"https:\/\/gpl-love.com\/es\/wp-json\/wp\/v2\/media?parent=113814"}],"wp:term":[{"taxonomy":"product_brand","embeddable":true,"href":"https:\/\/gpl-love.com\/es\/wp-json\/wp\/v2\/product_brand?post=113814"},{"taxonomy":"product_cat","embeddable":true,"href":"https:\/\/gpl-love.com\/es\/wp-json\/wp\/v2\/product_cat?post=113814"},{"taxonomy":"product_tag","embeddable":true,"href":"https:\/\/gpl-love.com\/es\/wp-json\/wp\/v2\/product_tag?post=113814"}],"curies":[{"name":"wp","href":"https:\/\/api.w.org\/{rel}","templated":true}]}}