{"id":113812,"date":"2021-02-09T00:00:00","date_gmt":"2021-02-09T05:00:00","guid":{"rendered":"http:\/\/gpl-love.com\/es\/producto\/mythemeshop-cool-wordpress-theme\/"},"modified":"2026-03-13T17:25:16","modified_gmt":"2026-03-13T22:25:16","slug":"mythemeshop-cool-wordpress-theme","status":"publish","type":"product","link":"https:\/\/gpl-love.com\/es\/producto\/mythemeshop-cool-wordpress-theme\/","title":{"rendered":"MyThemeShop Cool WordPress Theme 1.1.5"},"content":{"rendered":"<h3>MyThemeShop Cool WordPress Theme Caracteristicas<\/h3>\n<p>Mythemeshop Cool WordPress Temo, con su gran cantidad de widgets y plantillas de p\u00e1gina personalizables, es una soluci\u00f3n ideal para las personas que buscan construir un sitio web visualmente cautivador y notablemente funcional. Este tema no solo cuenta con una amplia gama de caracter\u00edsticas, sino que tambi\u00e9n ofrece opciones de personalizaci\u00f3n f\u00e1ciles, lo que permite a los usuarios personalizar sus sitios sin esfuerzo. Adem\u00e1s, la capacidad de respuesta completa del tema garantiza que su sitio web parezca espl\u00e9ndido en cualquier dispositivo desde el que se accede. Adem\u00e1s de eso, el tema Mythemeshop Cool WordPress est\u00e1 meticulosamente optimizado tanto para la r\u00e1pida y el SEO, facilitando los tiempos de carga r\u00e1pidos y las clasificaciones elevadas dentro de los resultados del motor de b\u00fasqueda. Ya sea que sea un blogger, propietario de un negocio o simplemente alguien que desee curar un sitio web exquisito, tenga la seguridad de que el tema de Mythemeshop Cool WordPress proporciona todas las herramientas y recursos necesarios para embarcarse en su viaje en l\u00ednea.<\/p>\n<ul>\n<li>Un dise\u00f1o elegante y moderno que es totalmente personalizable<\/li>\n<li>Amigable con los dispositivos m\u00f3viles con un dise\u00f1o receptivo<\/li>\n<li>Optimizado para tiempos de carga r\u00e1pidas<\/li>\n<li>Optimizaci\u00f3n de SEO incorporada<\/li>\n<li>M\u00faltiples esquemas de color para elegir<\/li>\n<li>Compatibilidad con complementos populares de WordPress<\/li>\n<li>Widgets personalizados incorporados<\/li>\n<li>F\u00e1cil de usar y personalizar a trav\u00e9s del panel de opciones intuitivas<\/li>\n<li>Documentaci\u00f3n y apoyo integrales<\/li>\n<li>Actualizaciones y mejoras regulares<\/li>\n<li>Precios asequibles con una opci\u00f3n de compra \u00fanica<\/li>\n<\/ul>\n","protected":false},"excerpt":{"rendered":"<p>Mythemeshop Cool, un tema premium de WordPress, presenta un dise\u00f1o exquisito y contempor\u00e1neo, lo que lo hace ideal para diversos g\u00e9neros de sitios web. Abarca una amplia gama de caracter\u00edsticas personalizables, como una paleta de colores ilimitada, selecci\u00f3n de fuente, un sistema de revisi\u00f3n incorporado y capacidades de gesti\u00f3n de anuncios. Este tema se enorgullece de su total responsabilidad, garantizando un atractivo visual impecable en todos los dispositivos. Adem\u00e1s, incorpora un constructor de p\u00e1ginas de inicio f\u00e1cil de arrastrar y soltar el uso de usuarios, lo que permite la creaci\u00f3n sin esfuerzo de dise\u00f1os distintivos. Con sus notables funcionalidades e interfaz f\u00e1cil de usar, Mythemeshop Cool surge como la mejor opci\u00f3n para aquellos que buscan crear un sitio web extraordinario de WordPress.<\/p>\n","protected":false},"featured_media":166891,"comment_status":"open","ping_status":"open","template":"","meta":[],"product_brand":[2505],"product_cat":[1267,1237,1238],"product_tag":[1334],"class_list":{"0":"post-113812","1":"product","2":"type-product","3":"status-publish","4":"has-post-thumbnail","6":"product_brand-my-theme-shop","7":"product_cat-creativo","8":"product_cat-temas","9":"product_cat-wordpress-temas","10":"product_tag-my-theme-shop","11":"member-discount","12":"discount-restricted","14":"first","15":"instock","16":"sale","17":"downloadable","18":"virtual","19":"sold-individually","20":"purchasable","21":"product-type-simple"},"_links":{"self":[{"href":"https:\/\/gpl-love.com\/es\/wp-json\/wp\/v2\/product\/113812","targetHints":{"allow":["GET"]}}],"collection":[{"href":"https:\/\/gpl-love.com\/es\/wp-json\/wp\/v2\/product"}],"about":[{"href":"https:\/\/gpl-love.com\/es\/wp-json\/wp\/v2\/types\/product"}],"replies":[{"embeddable":true,"href":"https:\/\/gpl-love.com\/es\/wp-json\/wp\/v2\/comments?post=113812"}],"wp:featuredmedia":[{"embeddable":true,"href":"https:\/\/gpl-love.com\/es\/wp-json\/wp\/v2\/media\/166891"}],"wp:attachment":[{"href":"https:\/\/gpl-love.com\/es\/wp-json\/wp\/v2\/media?parent=113812"}],"wp:term":[{"taxonomy":"product_brand","embeddable":true,"href":"https:\/\/gpl-love.com\/es\/wp-json\/wp\/v2\/product_brand?post=113812"},{"taxonomy":"product_cat","embeddable":true,"href":"https:\/\/gpl-love.com\/es\/wp-json\/wp\/v2\/product_cat?post=113812"},{"taxonomy":"product_tag","embeddable":true,"href":"https:\/\/gpl-love.com\/es\/wp-json\/wp\/v2\/product_tag?post=113812"}],"curies":[{"name":"wp","href":"https:\/\/api.w.org\/{rel}","templated":true}]}}