{"id":113810,"date":"2021-10-07T00:00:00","date_gmt":"2021-10-07T05:00:00","guid":{"rendered":"http:\/\/gpl-love.com\/es\/producto\/mythemeshop-best-wordpress-theme\/"},"modified":"2026-04-10T11:17:49","modified_gmt":"2026-04-10T16:17:49","slug":"mythemeshop-best-wordpress-theme","status":"publish","type":"product","link":"https:\/\/gpl-love.com\/es\/producto\/mythemeshop-best-wordpress-theme\/","title":{"rendered":"MyThemeShop Best WordPress Theme 2.2.11"},"content":{"rendered":"<h3>MyThemeShop Best WordPress Theme Caracteristicas<\/h3>\n<p>Dise\u00f1ado para mejorar la est\u00e9tica visual y la profesionalidad de su sitio web, el mejor tema de WordPress Mythemeshop es un tema premium excepcional. Una multitud de opciones personalizables est\u00e1 a su disposici\u00f3n, lo que le permite adaptar el tema para que coincida con precisi\u00f3n la identidad de su marca y el estilo \u00fanico. Adem\u00e1s, este tema est\u00e1 meticulosamente optimizado para la velocidad, asegurando que su sitio web se cargue de manera r\u00e1pida y perfecta, proporcionando as\u00ed una experiencia de usuario mejorada. Adem\u00e1s, este notable tema cuenta con un dise\u00f1o receptivo, que garantiza que se pueda acceder y utilizar sin esfuerzo en cualquier dispositivo, lo que aumenta su conveniencia. Adem\u00e1s, el mejor tema de WordPress Mythemeshop cuenta con una gama integral de caracter\u00edsticas de SEO integradas para ayudar a reforzar la clasificaci\u00f3n de su sitio web en los motores de b\u00fasqueda, amplificando as\u00ed su visibilidad en l\u00ednea y, en \u00faltima instancia, conducir m\u00e1s tr\u00e1fico a su sitio. Ya sea que se est\u00e9 embarcando en un emocionante viaje de blogs, estableciendo una pr\u00f3spera tienda de comercio electr\u00f3nico o forjando por delante con un sitio web comercial de vanguardia, este tema es el ep\u00edtome de una opci\u00f3n impecable para cualquier persona que busque crear una presencia elegante y elegante en l\u00ednea sin la cartera de la codificaci\u00f3n.<\/p>\n<ul>\n<li>Dise\u00f1o totalmente receptivo que funciona en todos los dispositivos<\/li>\n<li>Viene con una variedad de opciones de personalizaci\u00f3n para un aspecto \u00fanico<\/li>\n<li>Incluye m\u00e1s de 600 fuentes de Google y opciones de fuentes personalizadas<\/li>\n<li>Sistema de gesti\u00f3n de anuncios incorporado para monetizar su sitio<\/li>\n<li>Velocidad de carga r\u00e1pida para una mejor experiencia de usuario y SEO mejorado<\/li>\n<li>C\u00f3digo y integraci\u00f3n de SEO y Schema.org<\/li>\n<li>Compatible con todos los principales complementos de WordPress<\/li>\n<li>Apoyo 24\/7 de un equipo experimentado de desarrolladores<\/li>\n<li>Importaci\u00f3n de demostraci\u00f3n de un solo clic para una f\u00e1cil configuraci\u00f3n<\/li>\n<li>Uso de por vida con actualizaciones y soporte incluidos<\/li>\n<\/ul>\n","protected":false},"excerpt":{"rendered":"<p>Mythemeshop El mejor tema de WordPress es un tema premium extraordinario, meticulosamente elaborado con la intenci\u00f3n de ofrecerle un sitio web visualmente llamativo que es f\u00e1cil de usar y f\u00e1cil de navegar. Cuenta con una multitud de opciones personalizables, lo que le brinda la oportunidad de modificar sin problemas todos y cada uno de los elementos de su sitio para alinearlo perfectamente con su marca \u00fanica y su estilo distinto. Adem\u00e1s, este tema exhibe una capacidad de respuesta completa, lo que significa que su sitio web exudar\u00e1 a un atractivo visual sin problemas en todo tipo de dispositivos. Adem\u00e1s de esto, se ha optimizado impecablemente para facilitar los tiempos de carga r\u00e1pida, mejorando as\u00ed efectivamente las clasificaciones de motores de b\u00fasqueda de su sitio. En consecuencia, ya sea un blogger, un individuo creativo o un propietario de un negocio, este tema es inequ\u00edvocamente una elecci\u00f3n excepcional para usted. Con el mejor tema de Mythemeshop Best WordPress, tenga la seguridad de que se destacar\u00e1 sin esfuerzo en medio del vasto panorama digital, dejando una impresi\u00f3n en l\u00ednea notable e indeleble en sus visitantes.<\/p>\n","protected":false},"featured_media":166883,"comment_status":"open","ping_status":"open","template":"","meta":[],"product_brand":[2505],"product_cat":[1245,1237,1238],"product_tag":[1334],"class_list":{"0":"post-113810","1":"product","2":"type-product","3":"status-publish","4":"has-post-thumbnail","6":"product_brand-my-theme-shop","7":"product_cat-blog-revista","8":"product_cat-temas","9":"product_cat-wordpress-temas","10":"product_tag-my-theme-shop","11":"member-discount","12":"discount-restricted","14":"first","15":"instock","16":"sale","17":"downloadable","18":"virtual","19":"sold-individually","20":"purchasable","21":"product-type-simple"},"_links":{"self":[{"href":"https:\/\/gpl-love.com\/es\/wp-json\/wp\/v2\/product\/113810","targetHints":{"allow":["GET"]}}],"collection":[{"href":"https:\/\/gpl-love.com\/es\/wp-json\/wp\/v2\/product"}],"about":[{"href":"https:\/\/gpl-love.com\/es\/wp-json\/wp\/v2\/types\/product"}],"replies":[{"embeddable":true,"href":"https:\/\/gpl-love.com\/es\/wp-json\/wp\/v2\/comments?post=113810"}],"wp:featuredmedia":[{"embeddable":true,"href":"https:\/\/gpl-love.com\/es\/wp-json\/wp\/v2\/media\/166883"}],"wp:attachment":[{"href":"https:\/\/gpl-love.com\/es\/wp-json\/wp\/v2\/media?parent=113810"}],"wp:term":[{"taxonomy":"product_brand","embeddable":true,"href":"https:\/\/gpl-love.com\/es\/wp-json\/wp\/v2\/product_brand?post=113810"},{"taxonomy":"product_cat","embeddable":true,"href":"https:\/\/gpl-love.com\/es\/wp-json\/wp\/v2\/product_cat?post=113810"},{"taxonomy":"product_tag","embeddable":true,"href":"https:\/\/gpl-love.com\/es\/wp-json\/wp\/v2\/product_tag?post=113810"}],"curies":[{"name":"wp","href":"https:\/\/api.w.org\/{rel}","templated":true}]}}