{"id":113808,"date":"2025-11-17T00:00:00","date_gmt":"2025-11-17T05:00:00","guid":{"rendered":"http:\/\/gpl-love.com\/es\/producto\/learnpress-announcements-addon\/"},"modified":"2026-03-09T07:46:20","modified_gmt":"2026-03-09T12:46:20","slug":"learnpress-announcements-addon","status":"publish","type":"product","link":"https:\/\/gpl-love.com\/es\/producto\/learnpress-announcements-addon\/","title":{"rendered":"LearnPress Announcements Addon 4.1.2"},"content":{"rendered":"<h3>LearnPress Announcements Addon Caracteristicas<\/h3>\n<p>El complemento de anuncios LearnPress, caracterizado por su inmenso poder, sirve como una herramienta valiosa que posee la capacidad de facilitar efectivamente la comunicaci\u00f3n entre los instructores y sus estudiantes. Mediante este notable complemento, los instructores pueden crear y enviar anuncios sin esfuerzo a todo su cuerpo estudiantil simult\u00e1neamente, asegurando as\u00ed que se mantengan bien informados con respecto a las actualizaciones cruciales, los plazos inminentes y cualquier otra modificaci\u00f3n relacionada con el curso. Adem\u00e1s, este complemento permite adem\u00e1s a los instructores programar diligentemente anuncios por adelantado, lo que les permite idear una estrategia de comunicaci\u00f3n integral y garantizar que sus estudiantes reciban informaci\u00f3n pertinente y oportuna. Independientemente de si el entorno de instrucci\u00f3n se lleva a cabo virtualmente o en un entorno tradicional de ladrillo y mortero, el complemento de anuncios LearnPress est\u00e1 listo para mejorar enormemente la comunicaci\u00f3n y el compromiso, que finalmente culminan en mejores resultados de aprendizaje para los estudiantes.<\/p>\n<ul>\n<li>Agrega la funcionalidad de anuncio al complemento LearnPress<\/li>\n<li>Permite a los instructores comunicar actualizaciones y mensajes importantes de los cursos a los estudiantes.<\/li>\n<li>Proporciona una interfaz f\u00e1cil de usar para crear y administrar anuncios<\/li>\n<li>Permite a los instructores programar anuncios para vivir en momentos espec\u00edficos<\/li>\n<li>Opci\u00f3n para enviar notificaciones de anuncio a los estudiantes por correo electr\u00f3nico o notificaciones en el sitio<\/li>\n<li>Ayuda a mejorar la comunicaci\u00f3n y la participaci\u00f3n entre instructores y estudiantes.<\/li>\n<li>Compatible con la \u00faltima versi\u00f3n de LearnPress y WordPress<\/li>\n<li>Constantemente actualizado para correcciones de errores y nuevas funciones<\/li>\n<li>Viene con un equipo de apoyo dedicado para cualquier problema o pregunta<\/li>\n<\/ul>\n","protected":false},"excerpt":{"rendered":"<p>El complemento de anuncios LearnPress, una herramienta inmensamente potente, otorga a los maestros y administradores la capacidad de generar y controlar anuncios para sus cursos virtuales. A trav\u00e9s de la utilizaci\u00f3n de este complemento, uno puede transmitir sin esfuerzo informaci\u00f3n vital a sus estudiantes, como fechas inminentes de vencimiento, revisiones de cursos y otras actualizaciones notables. Adem\u00e1s, este complemento cuenta con una facilidad de uso y una variedad de opciones de personalizaci\u00f3n, lo que permite la creaci\u00f3n de anuncios que exudan un aura profesional, perfectamente adaptada para cumplir con los requisitos espec\u00edficos. Ya sea que uno est\u00e9 absorto en la tarea de instruir a un curso en l\u00ednea o emprender la gesti\u00f3n de una instituci\u00f3n educativa en expansi\u00f3n, el complemento de anuncios LearnPress sirve como una herramienta indispensable, garantizando la eficiencia organizacional y la difusi\u00f3n constante del conocimiento pertinente para los estudiantes.<\/p>\n","protected":false},"featured_media":166589,"comment_status":"open","ping_status":"open","template":"","meta":[],"product_brand":[2486],"product_cat":[1214,1206,1211],"product_tag":[2137],"class_list":{"0":"post-113808","1":"product","2":"type-product","3":"status-publish","4":"has-post-thumbnail","6":"product_brand-learnpress","7":"product_cat-personalizacion","8":"product_cat-plugins","9":"product_cat-wordpress-plugins","10":"product_tag-learnpress","11":"member-discount","12":"discount-restricted","14":"first","15":"instock","16":"sale","17":"downloadable","18":"virtual","19":"sold-individually","20":"purchasable","21":"product-type-simple"},"_links":{"self":[{"href":"https:\/\/gpl-love.com\/es\/wp-json\/wp\/v2\/product\/113808","targetHints":{"allow":["GET"]}}],"collection":[{"href":"https:\/\/gpl-love.com\/es\/wp-json\/wp\/v2\/product"}],"about":[{"href":"https:\/\/gpl-love.com\/es\/wp-json\/wp\/v2\/types\/product"}],"replies":[{"embeddable":true,"href":"https:\/\/gpl-love.com\/es\/wp-json\/wp\/v2\/comments?post=113808"}],"wp:featuredmedia":[{"embeddable":true,"href":"https:\/\/gpl-love.com\/es\/wp-json\/wp\/v2\/media\/166589"}],"wp:attachment":[{"href":"https:\/\/gpl-love.com\/es\/wp-json\/wp\/v2\/media?parent=113808"}],"wp:term":[{"taxonomy":"product_brand","embeddable":true,"href":"https:\/\/gpl-love.com\/es\/wp-json\/wp\/v2\/product_brand?post=113808"},{"taxonomy":"product_cat","embeddable":true,"href":"https:\/\/gpl-love.com\/es\/wp-json\/wp\/v2\/product_cat?post=113808"},{"taxonomy":"product_tag","embeddable":true,"href":"https:\/\/gpl-love.com\/es\/wp-json\/wp\/v2\/product_tag?post=113808"}],"curies":[{"name":"wp","href":"https:\/\/api.w.org\/{rel}","templated":true}]}}