{"id":113806,"date":"2026-04-10T00:00:00","date_gmt":"2026-04-10T05:00:00","guid":{"rendered":"http:\/\/gpl-love.com\/es\/producto\/gravityview-gravity-forms-calendar\/"},"modified":"2026-04-10T11:15:49","modified_gmt":"2026-04-10T16:15:49","slug":"gravityview-gravity-forms-calendar","status":"publish","type":"product","link":"https:\/\/gpl-love.com\/es\/producto\/gravityview-gravity-forms-calendar\/","title":{"rendered":"Gravity View Calendar 2.15.1"},"content":{"rendered":"<h3>Gravity View Calendar Caracteristicas<\/h3>\n<p>Gravity View Calendar es una herramienta excepcionalmente robusta que permite a los usuarios la capacidad de crear y exhibir calendarios personalizados en sus sitios web de WordPress. Su notable intuici\u00f3n y su interfaz f\u00e1cil de usar hacen la tarea de agregar eventos, modificar los aspectos visuales del calendario y presentarla en varios formatos una brisa absoluta. Este ingenioso complemento cuenta con un nivel extraordinario de adaptabilidad, que ofrece una multitud de perspectivas como mes, semana y d\u00eda, al tiempo que otorga a los usuarios la capacidad de filtrar eventos en funci\u00f3n de la categor\u00eda o ubicaci\u00f3n. Adem\u00e1s, Gravity View Calendar proporciona una amplia gama de opciones de personalizaci\u00f3n, que abarca una variedad de opciones para colores, fuentes y estilos, todo mientras es compatible con m\u00faltiples idiomas. Ya sea que aspira a mostrar los pr\u00f3ximos eventos o administrar de manera competente la agenda de su equipo, la herramienta indispensable que es el calendario de vista por gravedad es una necesidad absoluta para cualquier sitio web de WordPress.<\/p>\n<ul>\n<li>Una pantalla calendario personalizable que utiliza la entrada de datos de formularios de gravedad<\/li>\n<li>Establece eventos y citas en un formato intuitivo visualmente atractivo<\/li>\n<li>Proporciona una variedad de opciones de personalizaci\u00f3n para adaptar el calendario a sus necesidades espec\u00edficas<\/li>\n<li>Se integra perfectamente con la configuraci\u00f3n de formularios de gravedad existentes para una experiencia de usuario perfecta<\/li>\n<li>Permite una f\u00e1cil gesti\u00f3n de eventos con funciones incorporadas para editar y publicar detalles del evento<\/li>\n<li>Admite m\u00faltiples vistas, incluidas las opciones de mes, semana, d\u00eda y lista.<\/li>\n<li>Optimizado para la pantalla m\u00f3vil, asegurando la accesibilidad en escritorio y dispositivos m\u00f3viles por igual<\/li>\n<li>Habilita los permisos de usuario para el acceso basado en roles a la informaci\u00f3n del calendario<\/li>\n<li>Incluye capacidades avanzadas de filtrado y b\u00fasqueda para encontrar f\u00e1cilmente eventos o citas espec\u00edficos.<\/li>\n<li>Ofrece categor\u00edas de eventos codificadas por colores ilimitados para una organizaci\u00f3n y claridad mejoradas.<\/li>\n<\/ul>\n","protected":false},"excerpt":{"rendered":"<p>El calendario de vista por gravedad, una herramienta incre\u00edblemente potente, est\u00e1 dise\u00f1ada para facilitar la visualizaci\u00f3n de sus datos a trav\u00e9s de un formato que se puede personalizar para satisfacer sus necesidades. Esta herramienta le permite crear calendarios sin esfuerzo que muestren efectivamente cualquier tipo de datos que desee, sean eventos, citas, plazos o cualquier otra informaci\u00f3n relevante. Ya sea que sea responsable de administrar plazos del proyecto o programar diligentemente fechas importantes, el calendario de vista por gravedad demuestra ser un activo invaluable, lo que le permite mantenerse convenientemente al tanto de todo dentro de una ubicaci\u00f3n centralizada. Con una interfaz f\u00e1cil de usar y una amplia gama de opciones de personalizaci\u00f3n, esta notable herramienta sin duda lo ayudar\u00e1 a mantener un alto nivel de organizaci\u00f3n y le permitir\u00e1 sobresalir en sus esfuerzos. Aproveche la oportunidad para experimentar el impacto transformador del calendario de visi\u00f3n de gravedad en su trabajo probando hoy.<\/p>\n","protected":false},"featured_media":166376,"comment_status":"open","ping_status":"open","template":"","meta":[],"product_brand":[2472],"product_cat":[1214,1206,1211],"product_tag":[1304],"class_list":{"0":"post-113806","1":"product","2":"type-product","3":"status-publish","4":"has-post-thumbnail","6":"product_brand-gravityview","7":"product_cat-personalizacion","8":"product_cat-plugins","9":"product_cat-wordpress-plugins","10":"product_tag-gravityview","11":"member-discount","12":"discount-restricted","14":"first","15":"instock","16":"sale","17":"downloadable","18":"virtual","19":"sold-individually","20":"purchasable","21":"product-type-simple"},"_links":{"self":[{"href":"https:\/\/gpl-love.com\/es\/wp-json\/wp\/v2\/product\/113806","targetHints":{"allow":["GET"]}}],"collection":[{"href":"https:\/\/gpl-love.com\/es\/wp-json\/wp\/v2\/product"}],"about":[{"href":"https:\/\/gpl-love.com\/es\/wp-json\/wp\/v2\/types\/product"}],"replies":[{"embeddable":true,"href":"https:\/\/gpl-love.com\/es\/wp-json\/wp\/v2\/comments?post=113806"}],"wp:featuredmedia":[{"embeddable":true,"href":"https:\/\/gpl-love.com\/es\/wp-json\/wp\/v2\/media\/166376"}],"wp:attachment":[{"href":"https:\/\/gpl-love.com\/es\/wp-json\/wp\/v2\/media?parent=113806"}],"wp:term":[{"taxonomy":"product_brand","embeddable":true,"href":"https:\/\/gpl-love.com\/es\/wp-json\/wp\/v2\/product_brand?post=113806"},{"taxonomy":"product_cat","embeddable":true,"href":"https:\/\/gpl-love.com\/es\/wp-json\/wp\/v2\/product_cat?post=113806"},{"taxonomy":"product_tag","embeddable":true,"href":"https:\/\/gpl-love.com\/es\/wp-json\/wp\/v2\/product_tag?post=113806"}],"curies":[{"name":"wp","href":"https:\/\/api.w.org\/{rel}","templated":true}]}}