{"id":113796,"date":"2026-03-03T00:00:00","date_gmt":"2026-03-03T05:00:00","guid":{"rendered":"http:\/\/gpl-love.com\/es\/?post_type=product&#038;p=113796"},"modified":"2026-03-09T07:17:36","modified_gmt":"2026-03-09T12:17:36","slug":"all-in-one-addons-para-wpbakery-page-builder","status":"publish","type":"product","link":"https:\/\/gpl-love.com\/es\/producto\/all-in-one-addons-para-wpbakery-page-builder\/","title":{"rendered":"All In One Addons para WPBakery Page Builder 8.7.2"},"content":{"rendered":"<h3>All In One Addons para WPBakery Page Builder Caracteristicas<\/h3>\n<p>El Builder de Page Page de todos en uno en One en One, una herramienta que es absolutamente esencial para las personas que buscan mejorar su experiencia en la construcci\u00f3n de sitios web, ofrece una gran cantidad de caracter\u00edsticas y funcionalidades que est\u00e1n dise\u00f1adas exhaustivamente para ayudar a los usuarios a crear sitios web sin esfuerzo que exuden profesionalismo. Al utilizar este complemento, los usuarios tienen la capacidad de incorporar a la perfecci\u00f3n elementos, animaciones y efectos personalizados en sus p\u00e1ginas, lo que resulta en un atractivo visual y un nivel de compromiso que no tiene paralelo. Adem\u00e1s, el complemento cuenta con una variedad robusta de plantillas, bloques predise\u00f1ados y widgets que pueden personalizarse sin esfuerzo para alinearse con cualquier estilo de dise\u00f1o preferido. Ya sea que el objetivo de uno sea construir un blog personal o un sitio de comercio electr\u00f3nico multifac\u00e9tico, los complementos todos en uno para WPbakery Page Builder representa la soluci\u00f3n definitiva para todos los requisitos de creaci\u00f3n de sitios web de uno.<\/p>\n<ul>\n<li>Acceso a m\u00e1s de 100 elementos \u00fanicos y personalizables para agregar a su sitio web<\/li>\n<li>No es necesario codificar: simplemente arrastre y suelte elementos en su p\u00e1gina<\/li>\n<li>Los elementos incluyen tablas de precios, perfiles de miembros del equipo, testimonios, temporizadores de cuenta regresiva y m\u00e1s<\/li>\n<li>Actualizado regularmente con elementos nuevos e innovadores<\/li>\n<li>Totalmente compatible con el complemento WPBakery Page Builder<\/li>\n<li>Interfaz intuitiva y f\u00e1cil de usar para personalizaci\u00f3n sin esfuerzo<\/li>\n<li>Documentaci\u00f3n detallada y equipo de soporte dedicado disponible para asistencia<\/li>\n<li>Ayuda a ahorrar tiempo y optimizar el proceso de construcci\u00f3n del sitio web<\/li>\n<li>Adecuado para una gama de industrias y fines del sitio web<\/li>\n<li>Precios asequibles para una amplia gama de usuarios<\/li>\n<\/ul>\n","protected":false},"excerpt":{"rendered":"<p>Descubra los complementos All en One para WPBakery Page Builder, una soluci\u00f3n integral dise\u00f1ada para mejorar la experiencia de construcci\u00f3n de su sitio web. Esta herramienta est\u00e1 llena de caracter\u00edsticas que racionalizan el proceso de dise\u00f1o web, por lo que es imprescindible tanto para principiantes como para desarrolladores experimentados. Con todos los complementos en uno, puede agregar valor sin esfuerzo a su constructor de p\u00e1ginas WPBakery, lo que le permite crear sitios web impresionantes y funcionales m\u00e1s r\u00e1pido.<\/p>\n<p>Todos los complementos ofrecen una amplia gama de elementos personalizables que se pueden ajustar f\u00e1cilmente para que coincidan con la est\u00e9tica de su sitio web. Disfrute de la libertad de experimentar con diferentes dise\u00f1os, estilos y temas, sin requerido ning\u00fan conocimiento de codificaci\u00f3n.<\/p>\n<p>Uno de los beneficios clave de este complemento es su compatibilidad. Funciona sin problemas con cualquier tema de WordPress que admita WPBakery Page Builder. Esto significa que no tiene que preocuparse por posibles conflictos o problemas, permitiendo operaciones m\u00e1s suaves y menos tiempo de inactividad.<\/p>\n<p>Adem\u00e1s, el complemento todo en uno est\u00e1 dise\u00f1ado para ser completamente receptivo. Esto asegura que tu<\/p>\n","protected":false},"featured_media":165350,"comment_status":"open","ping_status":"open","template":"","meta":[],"product_brand":[2339],"product_cat":[1214,1206,1211],"product_tag":[1256],"class_list":{"0":"post-113796","1":"product","2":"type-product","3":"status-publish","4":"has-post-thumbnail","6":"product_brand-codecanyon","7":"product_cat-personalizacion","8":"product_cat-plugins","9":"product_cat-wordpress-plugins","10":"product_tag-codecanyon","11":"member-discount","12":"discount-restricted","14":"first","15":"instock","16":"sale","17":"downloadable","18":"virtual","19":"sold-individually","20":"purchasable","21":"product-type-simple"},"_links":{"self":[{"href":"https:\/\/gpl-love.com\/es\/wp-json\/wp\/v2\/product\/113796","targetHints":{"allow":["GET"]}}],"collection":[{"href":"https:\/\/gpl-love.com\/es\/wp-json\/wp\/v2\/product"}],"about":[{"href":"https:\/\/gpl-love.com\/es\/wp-json\/wp\/v2\/types\/product"}],"replies":[{"embeddable":true,"href":"https:\/\/gpl-love.com\/es\/wp-json\/wp\/v2\/comments?post=113796"}],"wp:featuredmedia":[{"embeddable":true,"href":"https:\/\/gpl-love.com\/es\/wp-json\/wp\/v2\/media\/165350"}],"wp:attachment":[{"href":"https:\/\/gpl-love.com\/es\/wp-json\/wp\/v2\/media?parent=113796"}],"wp:term":[{"taxonomy":"product_brand","embeddable":true,"href":"https:\/\/gpl-love.com\/es\/wp-json\/wp\/v2\/product_brand?post=113796"},{"taxonomy":"product_cat","embeddable":true,"href":"https:\/\/gpl-love.com\/es\/wp-json\/wp\/v2\/product_cat?post=113796"},{"taxonomy":"product_tag","embeddable":true,"href":"https:\/\/gpl-love.com\/es\/wp-json\/wp\/v2\/product_tag?post=113796"}],"curies":[{"name":"wp","href":"https:\/\/api.w.org\/{rel}","templated":true}]}}