{"id":113794,"date":"2021-05-28T00:00:00","date_gmt":"2021-05-28T05:00:00","guid":{"rendered":"http:\/\/gpl-love.com\/es\/?post_type=product&#038;p=113794"},"modified":"2026-04-10T11:25:16","modified_gmt":"2026-04-10T16:25:16","slug":"solaz-an-elegant-hotel-y-lodge-wordpress-theme","status":"publish","type":"product","link":"https:\/\/gpl-love.com\/es\/producto\/solaz-an-elegant-hotel-y-lodge-wordpress-theme\/","title":{"rendered":"Solaz An Elegant Hotel y Lodge WordPress Theme 1.2.2"},"content":{"rendered":"<h3>Solaz An Elegant Hotel y Lodge WordPress Theme Caracteristicas<\/h3>\n<p>Solaz, un notable tema de WordPress de Hotel and Lodge, ha sido meticulosamente elaborado para establecer una presencia en l\u00ednea impresionante para hoteles y alojamientos opulentos. Est\u00e1 equipado con una amplia gama de caracter\u00edsticas que satisfacen los requisitos espec\u00edficos de hoteles y alojamientos, que abarca listados de habitaciones, un sistema de reserva integral, gesti\u00f3n de eventos competentes y m\u00e1s. Ofreciendo una multitud de demostraciones preconstruidas, este tema otorga a los usuarios la mayor flexibilidad de seleccionar entre una variedad de estilos y dise\u00f1os que se alinean impecablemente con su marca. Adem\u00e1s, Solaz es completamente receptivo, garantizando que su sitio web conserve su eminencia visual en todos los dispositivos. Con su interfaz f\u00e1cil de usar y su funcionalidad potente, Solaz representa la soluci\u00f3n por excelencia para hoteles y alojamientos que anhelan distinguirse dentro del \u00e1mbito digital.<\/p>\n<ul>\n<li>Tema de WordPress bellamente dise\u00f1ado para hoteles y alojamientos<\/li>\n<li>Dise\u00f1o moderno y receptivo para cualquier dispositivo<\/li>\n<li>M\u00faltiples variaciones de la p\u00e1gina de inicio para elegir<\/li>\n<li>Dise\u00f1os personalizables para adaptarse a su marca<\/li>\n<li>Integraci\u00f3n del sistema de reserva para reservas f\u00e1ciles en l\u00ednea<\/li>\n<li>Secci\u00f3n de blog para mantener informados a los invitados sobre eventos y promociones<\/li>\n<li>Secci\u00f3n de testimonios para mostrar experiencias de invitados positivos<\/li>\n<li>Integraci\u00f3n de redes sociales para conectarse con los invitados y promocionar su propiedad<\/li>\n<li>Panel de administraci\u00f3n f\u00e1cil de usar para actualizaciones y mantenimiento simples<\/li>\n<li>Cumple con los \u00faltimos est\u00e1ndares de WordPress y las mejores pr\u00e1cticas de SEO.<\/li>\n<\/ul>\n","protected":false},"excerpt":{"rendered":"<p>Solaz es un tema de WordPress exquisitamente dise\u00f1ado y est\u00e9ticamente agradable que ha sido complejo con el prop\u00f3sito expreso de atender las necesidades de hoteles y alojamientos. La jactancia de un dise\u00f1o pr\u00edstino y contempor\u00e1neo, Solaz otorga efectivamente a su sitio web un aire de elegancia y profesionalismo. Aproveche la oportunidad de exhibir efectivamente su variedad de servicios y servicios utilizando los dise\u00f1os altamente personalizables del tema y animaciones elegantes sin esfuerzo. Adem\u00e1s, el tema tambi\u00e9n est\u00e1 equipado con un sistema de reserva y reserva incre\u00edblemente conveniente, facilitando as\u00ed un proceso perfecto y sin problemas para que los invitados realicen consultas y reservas de reservas directamente a trav\u00e9s de su sitio web. La instalaci\u00f3n y personalizaci\u00f3n de Solaz es una brisa absoluta, e incluso ofrece documentaci\u00f3n y apoyo integrales para garantizar que est\u00e9 equipado con los recursos necesarios para navegar sin esfuerzo a trav\u00e9s de cualquier desaf\u00edo que pueda surgir. En consecuencia, tiene la capacidad de cautivar y dejar una impresi\u00f3n duradera en sus invitados present\u00e1ndolos un sitio web exquisitamente hermoso e incre\u00edblemente f\u00e1cil de usar, todo gracias a las notables capacidades de Solaz.<\/p>\n","protected":false},"featured_media":167527,"comment_status":"open","ping_status":"open","template":"","meta":[],"product_brand":[2337],"product_cat":[1548,1237,1238],"product_tag":[1391],"class_list":{"0":"post-113794","1":"product","2":"type-product","3":"status-publish","4":"has-post-thumbnail","6":"product_brand-themeforest","7":"product_cat-resort-hotel","8":"product_cat-temas","9":"product_cat-wordpress-temas","10":"product_tag-themeforest","11":"member-discount","12":"discount-restricted","14":"first","15":"instock","16":"sale","17":"downloadable","18":"virtual","19":"sold-individually","20":"purchasable","21":"product-type-simple"},"_links":{"self":[{"href":"https:\/\/gpl-love.com\/es\/wp-json\/wp\/v2\/product\/113794","targetHints":{"allow":["GET"]}}],"collection":[{"href":"https:\/\/gpl-love.com\/es\/wp-json\/wp\/v2\/product"}],"about":[{"href":"https:\/\/gpl-love.com\/es\/wp-json\/wp\/v2\/types\/product"}],"replies":[{"embeddable":true,"href":"https:\/\/gpl-love.com\/es\/wp-json\/wp\/v2\/comments?post=113794"}],"wp:featuredmedia":[{"embeddable":true,"href":"https:\/\/gpl-love.com\/es\/wp-json\/wp\/v2\/media\/167527"}],"wp:attachment":[{"href":"https:\/\/gpl-love.com\/es\/wp-json\/wp\/v2\/media?parent=113794"}],"wp:term":[{"taxonomy":"product_brand","embeddable":true,"href":"https:\/\/gpl-love.com\/es\/wp-json\/wp\/v2\/product_brand?post=113794"},{"taxonomy":"product_cat","embeddable":true,"href":"https:\/\/gpl-love.com\/es\/wp-json\/wp\/v2\/product_cat?post=113794"},{"taxonomy":"product_tag","embeddable":true,"href":"https:\/\/gpl-love.com\/es\/wp-json\/wp\/v2\/product_tag?post=113794"}],"curies":[{"name":"wp","href":"https:\/\/api.w.org\/{rel}","templated":true}]}}