{"id":113792,"date":"2022-03-28T00:00:00","date_gmt":"2022-03-28T05:00:00","guid":{"rendered":"http:\/\/gpl-love.com\/es\/?post_type=product&#038;p=113792"},"modified":"2026-04-10T11:20:27","modified_gmt":"2026-04-10T16:20:27","slug":"order-delivery-date-pro-para-woocommerce","status":"publish","type":"product","link":"https:\/\/gpl-love.com\/es\/producto\/order-delivery-date-pro-para-woocommerce\/","title":{"rendered":"Order Delivery Date Pro para WooCommerce 9.29.0"},"content":{"rendered":"<h3>Order Delivery Date Pro para WooCommerce Caracteristicas<\/h3>\n<p>Fecha de entrega de pedidos Pro para WooCommerce es un complemento incre\u00edblemente robusto y altamente efectivo que ha sido dise\u00f1ado meticulosamente para simplificar en gran medida todo el proceso de entrega de pedidos para los propietarios de tiendas en l\u00ednea. Este notable complemento ofrece a los clientes la capacidad invaluable de seleccionar sin esfuerzo una fecha y hora de entrega precisas para sus pedidos, aliviando significativamente la carga de planificar sus horarios ocupados y garantizar la recepci\u00f3n sin problemas de sus productos codiciados en el momento m\u00e1s oportuno. Con su interfaz intuitiva f\u00e1cil de usar, la instalaci\u00f3n y configuraci\u00f3n de este complemento es una brisa absoluta, lo que permite a los propietarios de tiendas administrar eficientemente una variedad de funcionalidades esenciales relacionadas con la entrega, como la manipulaci\u00f3n flexible de los tiempos de entrega, el establecimiento de l\u00edmites m\u00e1ximos de pedido diario y muchas otras caracter\u00edsticas indispensables. Adem\u00e1s, este complemento excepcional cuenta con un tablero de administraci\u00f3n incre\u00edblemente completo y altamente funcional que permite a los propietarios la capacidad de supervisar y monitorear meticulosamente todas las solicitudes de fecha de entrega, administrar h\u00e1bilmente una extensa matriz de pedidos e incluso exportar sin problemas los horarios de entrega intrincados con la m\u00e1xima facilidad y la m\u00e1xima facilidad y la m\u00e1xima facilidad y la facilidad y la m\u00e1xima facilidad y eficiencia. Es inequ\u00edvocamente evidente que la fecha de entrega de pedidos pro para WooCommerce es una herramienta indispensable e indispensable para cualquier tienda de comercio electr\u00f3nico que aspira ardientemente optimizar y racionalizar todo su proceso de entrega de pedidos al tiempo que proporciona simult\u00e1neamente a sus apreciados clientes con un cliente in\u00fatil, incomparable, incomparable e inequ\u00edvocamente superlativo Experiencia en compras.<\/p>\n<ul>\n<li>Establecer f\u00e1cilmente fechas de entrega espec\u00edficas para los pedidos de los clientes<\/li>\n<li>Ranuras de tiempo de entrega personalizables para que los clientes elijan<\/li>\n<li>Opci\u00f3n para limitar el n\u00famero de pedidos por d\u00eda o ranura horaria<\/li>\n<li>Capacidad para establecer un n\u00famero m\u00ednimo o m\u00e1ximo de d\u00edas de anticipaci\u00f3n para pedidos<\/li>\n<li>Notificaciones autom\u00e1ticas a los clientes y al administrador cuando la fecha de entrega se establece o cambia<\/li>\n<li>Configuraci\u00f3n flexible para acomodar diferentes horarios comerciales y capacidades de entrega<\/li>\n<li>Mejora de la satisfacci\u00f3n del cliente con fechas de entrega precisas y confiables<\/li>\n<li>Mayor eficiencia para los due\u00f1os de negocios con gesti\u00f3n de pedidos simplificados<\/li>\n<li>Compatibilidad con productos f\u00edsicos y virtuales en WooCommerce<\/li>\n<li>Acceso a atenci\u00f3n al cliente conocedor para asistencia y soluci\u00f3n de problemas<\/li>\n<\/ul>\n","protected":false},"excerpt":{"rendered":"<p>Fecha de entrega de pedidos Pro para WooCommerce es un complemento excepcionalmente robusto y eficiente que brinda a los clientes la capacidad din\u00e1mica de designar la fecha y hora de entrega deseadas para sus respectivos pedidos. Este complemento ofrece una gran cantidad de caracter\u00edsticas ventajosas que permiten la gesti\u00f3n perfecta de los pedidos de los clientes y los horarios de entrega, facilitando as\u00ed un proceso de entrega optimizado y optimizado, lo que finalmente resulta en niveles elevados de satisfacci\u00f3n del cliente. Ya sea que sea el propietario de una tienda en l\u00ednea o el operador de un servicio de entrega local, la fecha de entrega de pedido Pro para WooCommerce sirve como la soluci\u00f3n por excelencia para administrar impecablemente las entregas de pedidos. No pierda tiempo y experimente el potencial transformador de este notable complemento hoy, ya que tiene el potencial de catapultar su servicio de entrega a alturas de \u00e9xito y distinci\u00f3n sin precedentes.<\/p>\n","protected":false},"featured_media":167112,"comment_status":"open","ping_status":"open","template":"","meta":[],"product_brand":[2516],"product_cat":[1207,1248,1206],"product_tag":[2136],"class_list":{"0":"post-113792","1":"product","2":"type-product","3":"status-publish","4":"has-post-thumbnail","6":"product_brand-tyche","7":"product_cat-comercio-electronico-plugins","8":"product_cat-personalizacion-comercio-electronico-plugins","9":"product_cat-plugins","10":"product_tag-tyche","11":"member-discount","12":"discount-restricted","14":"first","15":"instock","16":"sale","17":"downloadable","18":"virtual","19":"sold-individually","20":"purchasable","21":"product-type-simple"},"_links":{"self":[{"href":"https:\/\/gpl-love.com\/es\/wp-json\/wp\/v2\/product\/113792","targetHints":{"allow":["GET"]}}],"collection":[{"href":"https:\/\/gpl-love.com\/es\/wp-json\/wp\/v2\/product"}],"about":[{"href":"https:\/\/gpl-love.com\/es\/wp-json\/wp\/v2\/types\/product"}],"replies":[{"embeddable":true,"href":"https:\/\/gpl-love.com\/es\/wp-json\/wp\/v2\/comments?post=113792"}],"wp:featuredmedia":[{"embeddable":true,"href":"https:\/\/gpl-love.com\/es\/wp-json\/wp\/v2\/media\/167112"}],"wp:attachment":[{"href":"https:\/\/gpl-love.com\/es\/wp-json\/wp\/v2\/media?parent=113792"}],"wp:term":[{"taxonomy":"product_brand","embeddable":true,"href":"https:\/\/gpl-love.com\/es\/wp-json\/wp\/v2\/product_brand?post=113792"},{"taxonomy":"product_cat","embeddable":true,"href":"https:\/\/gpl-love.com\/es\/wp-json\/wp\/v2\/product_cat?post=113792"},{"taxonomy":"product_tag","embeddable":true,"href":"https:\/\/gpl-love.com\/es\/wp-json\/wp\/v2\/product_tag?post=113792"}],"curies":[{"name":"wp","href":"https:\/\/api.w.org\/{rel}","templated":true}]}}