{"id":113788,"date":"2021-10-13T00:00:00","date_gmt":"2021-10-13T05:00:00","guid":{"rendered":"http:\/\/gpl-love.com\/es\/?post_type=product&#038;p=113788"},"modified":"2026-03-13T17:28:32","modified_gmt":"2026-03-13T22:28:32","slug":"rt-tema-19-multi-purpose-wordpress-theme","status":"publish","type":"product","link":"https:\/\/gpl-love.com\/es\/producto\/rt-tema-19-multi-purpose-wordpress-theme\/","title":{"rendered":"RT Tema 19 Multi Purpose WordPress Theme 2.9.9.3"},"content":{"rendered":"<h3>RT Tema 19 Multi Purpose WordPress Theme Caracteristicas<\/h3>\n<p>RT Temo 19 es un tema de WordPress multiprop\u00f3sito notablemente vers\u00e1til y extraordinariamente flexible que cuenta con una extensa variedad de caracter\u00edsticas y una impresionante gama de opciones de personalizaci\u00f3n. Con su dise\u00f1o inherentemente receptivo y su interfaz notablemente intuitiva, puede dise\u00f1ar sitios web notables sin esfuerzo para una amplia gama de fines, que abarca esfuerzos corporativos, exhibiciones de cartera, blogs esclarecedores y plataformas din\u00e1micas de comercio electr\u00f3nico. El tema ofrece una abundancia de plantillas preconstruidas meticulosamente elaboradas, dise\u00f1os de p\u00e1ginas cuidadosamente construidos y contenido de demostraci\u00f3n cautivador, todo lo cual se puede importar y adaptarse sin esfuerzo para adaptarse a sus especificaciones exactas utilizando el inmensamente poderoso compositor visual del compositor visual. Adem\u00e1s, RT Theme 19 se ha optimizado meticulosamente para ofrecer un rendimiento de SEO incomparable y velocidades de carga bruscamente r\u00e1pidas, asegurando as\u00ed que su sitio web asegure una posici\u00f3n prominente en la clasificaci\u00f3n de los motores de b\u00fasqueda y se puede acceder r\u00e1pidamente y sin problemas en todos los dispositivos. Independientemente de si posee una experiencia limitada o posee una gran cantidad de experiencia en el desarrollo web, este notable tema garantiza una experiencia de usuario perfecta e intuitiva, asegurando consistentemente que su sitio web parezca sorprendentemente excepcional y se desempe\u00f1a excepcionalmente admirablemente en todas las plataformas concebibles.<\/p>\n<ul>\n<li>Un tema de WordPress vers\u00e1til y personalizable dise\u00f1ado para cualquier sitio web que necesite<\/li>\n<li>Presenta un dise\u00f1o moderno y elegante con m\u00faltiples opciones de dise\u00f1o<\/li>\n<li>Incluye un poderoso constructor de p\u00e1ginas con funcionalidad de arrastrar y soltar<\/li>\n<li>Viene con m\u00e1s de 30 sitios de demostraci\u00f3n predise\u00f1ados para elegir<\/li>\n<li>Compatible con complementos populares de WordPress, incluidos WooCommerce y el Formulario de contacto 7<\/li>\n<li>Utiliza un dise\u00f1o receptivo para garantizar una visualizaci\u00f3n \u00f3ptima en todos los dispositivos<\/li>\n<li>Incluye documentaci\u00f3n integral y apoyo dedicado de los desarrolladores de temas<\/li>\n<li>Incorpora funciones de optimizaci\u00f3n de SEO para una mejor clasificaci\u00f3n de motores de b\u00fasqueda<\/li>\n<li>Permite una f\u00e1cil integraci\u00f3n de iconos y widgets de redes sociales<\/li>\n<li>Admite m\u00faltiples traducciones de idiomas para audiencias internacionales.<\/li>\n<\/ul>\n","protected":false},"excerpt":{"rendered":"<p>Tema de RT 19 El tema de WordPress de m\u00faltiples usos, siendo una herramienta incre\u00edblemente vers\u00e1til y poderosa, ofrece una gran cantidad de posibilidades cuando se trata de crear sitios web de cualquier tipo. La abundancia de plantillas predise\u00f1adas a su disposici\u00f3n permite una f\u00e1cil personalizaci\u00f3n, asegurando que su sitio web exude la singularidad y la individualidad. Adem\u00e1s, la capacidad del tema para optimizar la velocidad y su total capacidad de respuesta garantizan una experiencia visual impecable en todos los dispositivos. Adem\u00e1s, la inclusi\u00f3n de caracter\u00edsticas avanzadas, como un constructor de p\u00e1ginas de arrastrar y soltar, una integraci\u00f3n perfecta con WooCommerce y un mega men\u00fa incorporado amplifica a\u00fan m\u00e1s la funcionalidad del tema. Ya sea que su intenci\u00f3n sea establecer un blog cautivador, un sitio de comercio electr\u00f3nico atractivo, una cartera cautivadora o cualquier otra cosa que se encuentre dentro del espectro, tenga la seguridad de que el tema de WordPress de MultiPropes de RT 19 se elevar\u00e1 a la ocasi\u00f3n y satisfar\u00e1 todas sus necesidades.<\/p>\n","protected":false},"featured_media":167385,"comment_status":"open","ping_status":"open","template":"","meta":[],"product_brand":[2337],"product_cat":[1239,1237,1238],"product_tag":[1391],"class_list":{"0":"post-113788","1":"product","2":"type-product","3":"status-publish","4":"has-post-thumbnail","6":"product_brand-themeforest","7":"product_cat-de-multiples-fines","8":"product_cat-temas","9":"product_cat-wordpress-temas","10":"product_tag-themeforest","11":"member-discount","12":"discount-restricted","14":"first","15":"instock","16":"sale","17":"downloadable","18":"virtual","19":"sold-individually","20":"purchasable","21":"product-type-simple"},"_links":{"self":[{"href":"https:\/\/gpl-love.com\/es\/wp-json\/wp\/v2\/product\/113788","targetHints":{"allow":["GET"]}}],"collection":[{"href":"https:\/\/gpl-love.com\/es\/wp-json\/wp\/v2\/product"}],"about":[{"href":"https:\/\/gpl-love.com\/es\/wp-json\/wp\/v2\/types\/product"}],"replies":[{"embeddable":true,"href":"https:\/\/gpl-love.com\/es\/wp-json\/wp\/v2\/comments?post=113788"}],"wp:featuredmedia":[{"embeddable":true,"href":"https:\/\/gpl-love.com\/es\/wp-json\/wp\/v2\/media\/167385"}],"wp:attachment":[{"href":"https:\/\/gpl-love.com\/es\/wp-json\/wp\/v2\/media?parent=113788"}],"wp:term":[{"taxonomy":"product_brand","embeddable":true,"href":"https:\/\/gpl-love.com\/es\/wp-json\/wp\/v2\/product_brand?post=113788"},{"taxonomy":"product_cat","embeddable":true,"href":"https:\/\/gpl-love.com\/es\/wp-json\/wp\/v2\/product_cat?post=113788"},{"taxonomy":"product_tag","embeddable":true,"href":"https:\/\/gpl-love.com\/es\/wp-json\/wp\/v2\/product_tag?post=113788"}],"curies":[{"name":"wp","href":"https:\/\/api.w.org\/{rel}","templated":true}]}}