{"id":113786,"date":"2026-04-10T00:00:00","date_gmt":"2026-04-10T05:00:00","guid":{"rendered":"http:\/\/gpl-love.com\/es\/?post_type=product&#038;p=113786"},"modified":"2026-04-10T11:33:13","modified_gmt":"2026-04-10T16:33:13","slug":"woocommerce-private-store","status":"publish","type":"product","link":"https:\/\/gpl-love.com\/es\/producto\/woocommerce-private-store\/","title":{"rendered":"WooCommerce Private Store 1.8.3"},"content":{"rendered":"<h3>WooCommerce Private Store Caracteristicas<\/h3>\n<p>WooCommerce Private Store es un complemento poderoso y vers\u00e1til que le permite crear una tienda en l\u00ednea privada y exclusiva para su negocio. Con este complemento, puede restringir el acceso a su tienda y productos, permitiendo que solo los clientes aprobados o miembros registrados vean y compren sus productos.<\/p>\n<p>Al convertir su tienda WooCommerce en una tienda privada, puede mantener un sentido de exclusividad y confidencialidad para sus productos, asegurando que solo los clientes adecuados tengan acceso. Ya sea que desee crear una tienda solo para miembros para sus clientes leales o tener un negocio mayorista que requiera autorizaci\u00f3n, este complemento lo tiene cubierto.<\/p>\n<p>Configurar una tienda privada es r\u00e1pida y simple con WooCommerce Private Store. Puede personalizar f\u00e1cilmente las p\u00e1ginas de inicio de sesi\u00f3n y registro, creando una experiencia perfecta y de marca para sus clientes. Tambi\u00e9n puede configurar m\u00faltiples niveles de acceso, definiendo qui\u00e9n puede ver, comprar o incluso ver productos o categor\u00edas espec\u00edficos.<\/p>\n<p>Con la tienda privada de WooCommerce, tiene control total sobre qui\u00e9n puede unirse y acceder a su tienda. Puede aprobar manualmente los registros del usuario o habilitar la aprobaci\u00f3n autom\u00e1tica en funci\u00f3n de los criterios que define. De esta manera, puede asegurarse de que solo los clientes genuinos o los socios verificados obtengan acceso a sus productos.<\/p>\n<p>Adem\u00e1s, este complemento le proporciona un an\u00e1lisis detallado de los usuarios e ideas, lo que le permite rastrear el comportamiento del cliente, las preferencias y el historial de compras. Esta informaci\u00f3n puede ser invaluable para campa\u00f1as de marketing personalizadas y mejorar la experiencia general del cliente.<\/p>\n<p>La seguridad es una prioridad con la tienda privada de WooCommerce. El complemento emplea medidas robustas de autenticaci\u00f3n y cifrado para salvaguardar los datos de su tienda y cliente. Puede tener la tranquilidad de saber que su tienda privada est\u00e1 protegida del acceso no autorizado y las posibles violaciones de seguridad.<\/p>\n<p>En resumen, WooCommerce Private Store es la mejor soluci\u00f3n para las empresas que buscan crear una experiencia de compra exclusiva y privada. Con su configuraci\u00f3n f\u00e1cil, caracter\u00edsticas personalizables y medidas de seguridad robustas, puede construir y administrar con confianza una tienda privada que atienda a su p\u00fablico objetivo e impulse la lealtad del cliente.<\/p>\n<ul>\n<li>Cree una tienda privada de WooCommerce a la que solo sea accesible por usuarios autorizados<\/li>\n<li>Administrar f\u00e1cilmente el acceso y los permisos de los usuarios para su tienda privada<\/li>\n<li>Proporcionar acceso exclusivo a productos, precios y promociones para clientes o grupos seleccionados<\/li>\n<li>Personalice el dise\u00f1o y la marca de su tienda privada para que coincida con su marca<\/li>\n<li>Integre perfectamente con su tienda WooCommerce existente y extensiones<\/li>\n<li>Mejorar la seguridad y la privacidad para sus productos o servicios confidenciales<\/li>\n<li>Rastrear y analizar el comportamiento del usuario y el historial de compras para estrategias de marketing y ventas espec\u00edficas<\/li>\n<li>Habilitar una experiencia de compra m\u00e1s personalizada para clientes VIP o leales<\/li>\n<li>Ahorre tiempo y recursos centralizando todos los datos y transacciones de sus clientes en un solo lugar<\/li>\n<\/ul>\n","protected":false},"excerpt":{"rendered":"<p>El complemento de la tienda privada de WooCommerce est\u00e1 espec\u00edficamente dise\u00f1ado para facilitar el establecimiento de un entorno de compra privado y altamente seguro, exclusivamente adaptado para atender a su estimada clientela. Esta herramienta excepcional le capacita con la capacidad de regular y restringir efectivamente el acceso a su tienda en l\u00ednea, lo que le brinda el privilegio de determinar qu\u00e9 personas u organizaciones espec\u00edficas reciben entrada, as\u00ed como la variedad precisa de productos que se les permite examinar. En consecuencia, tiene la capacidad sin precedentes para extender ofertas exclusivas y exhibir mercanc\u00edas de edici\u00f3n limitada \u00fanicamente a una cohorte de \u00e9lite, todo mientras salvaguarda firmemente su preciada privacidad y fortifica la impermeabilidad de su fortaleza digital. En virtud de incorporar la tienda privada de WooCommerce, se le otorga la invaluable oportunidad de personalizar impecablemente su mercado virtual para alinearse impecablemente con sus especificaciones exigentes, fomentando una experiencia de compra a medida y completamente inmersiva que se adapta de manera exclusiva a las preferencias y predilecciones de las predilecciones de Sus clientes exigentes, inevitablemente fomentando una devoci\u00f3n inquebrantable y una ferviente adulaci\u00f3n hacia su marca.<\/p>\n","protected":false},"featured_media":168215,"comment_status":"open","ping_status":"open","template":"","meta":[],"product_brand":[2422],"product_cat":[1207,1248,1206],"product_tag":[1660],"class_list":{"0":"post-113786","1":"product","2":"type-product","3":"status-publish","4":"has-post-thumbnail","6":"product_brand-barn2","7":"product_cat-comercio-electronico-plugins","8":"product_cat-personalizacion-comercio-electronico-plugins","9":"product_cat-plugins","10":"product_tag-barn2","11":"member-discount","12":"discount-restricted","14":"first","15":"instock","16":"sale","17":"downloadable","18":"virtual","19":"sold-individually","20":"purchasable","21":"product-type-simple"},"_links":{"self":[{"href":"https:\/\/gpl-love.com\/es\/wp-json\/wp\/v2\/product\/113786","targetHints":{"allow":["GET"]}}],"collection":[{"href":"https:\/\/gpl-love.com\/es\/wp-json\/wp\/v2\/product"}],"about":[{"href":"https:\/\/gpl-love.com\/es\/wp-json\/wp\/v2\/types\/product"}],"replies":[{"embeddable":true,"href":"https:\/\/gpl-love.com\/es\/wp-json\/wp\/v2\/comments?post=113786"}],"wp:featuredmedia":[{"embeddable":true,"href":"https:\/\/gpl-love.com\/es\/wp-json\/wp\/v2\/media\/168215"}],"wp:attachment":[{"href":"https:\/\/gpl-love.com\/es\/wp-json\/wp\/v2\/media?parent=113786"}],"wp:term":[{"taxonomy":"product_brand","embeddable":true,"href":"https:\/\/gpl-love.com\/es\/wp-json\/wp\/v2\/product_brand?post=113786"},{"taxonomy":"product_cat","embeddable":true,"href":"https:\/\/gpl-love.com\/es\/wp-json\/wp\/v2\/product_cat?post=113786"},{"taxonomy":"product_tag","embeddable":true,"href":"https:\/\/gpl-love.com\/es\/wp-json\/wp\/v2\/product_tag?post=113786"}],"curies":[{"name":"wp","href":"https:\/\/api.w.org\/{rel}","templated":true}]}}