{"id":113784,"date":"2025-12-11T00:00:00","date_gmt":"2025-12-11T05:00:00","guid":{"rendered":"http:\/\/gpl-love.com\/es\/?post_type=product&#038;p=113784"},"modified":"2026-03-09T07:38:47","modified_gmt":"2026-03-09T12:38:47","slug":"global-dns-multiple-server-dns-propagation-checker","status":"publish","type":"product","link":"https:\/\/gpl-love.com\/es\/producto\/global-dns-multiple-server-dns-propagation-checker\/","title":{"rendered":"Global DNS Multiple Server DNS Propagation Checker 3.2.0"},"content":{"rendered":"<h3>Global DNS Multiple Server DNS Propagation Checker Caracteristicas<\/h3>\n<p>El controlador de propagaci\u00f3n DNS de Servidor M\u00faltiple Global DNS, una herramienta muy potente, sirve como ayuda para los propietarios y desarrolladores de sitios web, garantizando la difusi\u00f3n generalizada de sus alteraciones de DNS en numerosos servidores en todo el mundo. Al emplear esta herramienta, los usuarios pueden ingresar sin esfuerzo el nombre de dominio de su sitio web y evaluar r\u00e1pidamente el estado de su distribuci\u00f3n DNS entre servidores estacionados en diversas ubicaciones geogr\u00e1ficas. La salida resultante proporciona a los usuarios una visi\u00f3n general integral del estado de propagaci\u00f3n de DNS, que abarca la duraci\u00f3n requerida para que los cambios se propagen, la condici\u00f3n de distintos servidores DNS y cualquier error encontrado durante todo el procedimiento de propagaci\u00f3n. Como tal, esta herramienta resulta excepcionalmente ventajosa para las personas que buscan reducir el tiempo de inactividad del sitio web y garantizar la accesibilidad sin restricciones a su sitio web para los usuarios que abarcan el mundo.<\/p>\n<ul>\n<li>Verifica r\u00e1pidamente la propagaci\u00f3n de los cambios de DNS en m\u00faltiples servidores de todo el mundo<\/li>\n<li>Proporciona actualizaciones en tiempo real sobre el estado de los cambios DNS<\/li>\n<li>Permite a los usuarios probar y solucionar problemas de configuraciones de DNS con facilidad<\/li>\n<li>Ofrece una interfaz f\u00e1cil de usar para facilitar la navegaci\u00f3n y el uso<\/li>\n<li>Acelera el proceso de verificaci\u00f3n de la propagaci\u00f3n del DNS, ahorrar tiempo y esfuerzo<\/li>\n<li>Ayuda a garantizar la confiabilidad del sitio web y el tiempo de actividad identificando y solucionando problemas de DNS de inmediato<\/li>\n<li>Admite la prueba de varias configuraciones de DNS y tipos de registro<\/li>\n<li>Ofrece una visi\u00f3n integral de la propagaci\u00f3n de DNS en m\u00faltiples continentes y regiones<\/li>\n<li>Herramienta ideal para desarrolladores web, administradores de redes y profesionales de TI por igual<\/li>\n<li>Permite una gesti\u00f3n eficiente de los cambios y configuraciones de DNS.<\/li>\n<\/ul>\n","protected":false},"excerpt":{"rendered":"<p>El verificador de propagaci\u00f3n DNS del servidor m\u00faltiple Global DNS, que es muy reputado y demostr\u00f3 que es efectivo, sirve como un medio confiable para examinar la difusi\u00f3n de DNS en numerosos servidores. Al proporcionar resultados precisos y actuales, esta herramienta garantiza la accesibilidad de su sitio web a una audiencia global. A trav\u00e9s de la utilizaci\u00f3n de este notable instrumento, se puede supervisar sin esfuerzo las modificaciones en los registros de DNS y determinar la funcionalidad perpetua de su sitio web. A la luz de estos factores, se vuelve esencial para las personas que ocupan roles dentro de los \u00e1mbitos del desarrollo web, la propiedad del sitio web y el dominio de TI adquirir este recurso indispensable, asegurando as\u00ed la operaci\u00f3n sin obst\u00e1culos de sus plataformas en l\u00ednea.<\/p>\n","protected":false},"featured_media":166263,"comment_status":"open","ping_status":"open","template":"","meta":[],"product_brand":[2339],"product_cat":[1214,1206,1211],"product_tag":[1256],"class_list":{"0":"post-113784","1":"product","2":"type-product","3":"status-publish","4":"has-post-thumbnail","6":"product_brand-codecanyon","7":"product_cat-personalizacion","8":"product_cat-plugins","9":"product_cat-wordpress-plugins","10":"product_tag-codecanyon","11":"member-discount","12":"discount-restricted","14":"first","15":"instock","16":"sale","17":"downloadable","18":"virtual","19":"sold-individually","20":"purchasable","21":"product-type-simple"},"_links":{"self":[{"href":"https:\/\/gpl-love.com\/es\/wp-json\/wp\/v2\/product\/113784","targetHints":{"allow":["GET"]}}],"collection":[{"href":"https:\/\/gpl-love.com\/es\/wp-json\/wp\/v2\/product"}],"about":[{"href":"https:\/\/gpl-love.com\/es\/wp-json\/wp\/v2\/types\/product"}],"replies":[{"embeddable":true,"href":"https:\/\/gpl-love.com\/es\/wp-json\/wp\/v2\/comments?post=113784"}],"wp:featuredmedia":[{"embeddable":true,"href":"https:\/\/gpl-love.com\/es\/wp-json\/wp\/v2\/media\/166263"}],"wp:attachment":[{"href":"https:\/\/gpl-love.com\/es\/wp-json\/wp\/v2\/media?parent=113784"}],"wp:term":[{"taxonomy":"product_brand","embeddable":true,"href":"https:\/\/gpl-love.com\/es\/wp-json\/wp\/v2\/product_brand?post=113784"},{"taxonomy":"product_cat","embeddable":true,"href":"https:\/\/gpl-love.com\/es\/wp-json\/wp\/v2\/product_cat?post=113784"},{"taxonomy":"product_tag","embeddable":true,"href":"https:\/\/gpl-love.com\/es\/wp-json\/wp\/v2\/product_tag?post=113784"}],"curies":[{"name":"wp","href":"https:\/\/api.w.org\/{rel}","templated":true}]}}