{"id":113782,"date":"2021-05-28T00:00:00","date_gmt":"2021-05-28T05:00:00","guid":{"rendered":"http:\/\/gpl-love.com\/es\/?post_type=product&#038;p=113782"},"modified":"2026-03-09T07:39:13","modified_gmt":"2026-03-09T12:39:13","slug":"gravitizer-gravity-forms-material-ui-styler","status":"publish","type":"product","link":"https:\/\/gpl-love.com\/es\/producto\/gravitizer-gravity-forms-material-ui-styler\/","title":{"rendered":"Gravitizer Gravity Forms Material UI Styler 1.0.8"},"content":{"rendered":"<h3>Gravitizer Gravity Forms Material UI Styler Caracteristicas<\/h3>\n<p>El Styler de la interfaz de usuario de Gravitizer Gravity Forms es una herramienta extremadamente vers\u00e1til y extraordinariamente potente que proporciona a los usuarios la capacidad excepcional para dise\u00f1ar y personalizar sus formas de gravedad de una manera visualmente cautivadora y notablemente atractiva. Con su interfaz notablemente f\u00e1cil de usar y altamente intuitiva, junto con su gama notablemente amplia de opciones de estilo, el gravitizador gravedad forma material de interfaz de usuario de material capacita a los usuarios para crear formas sin esfuerzo que no solo son funcionalmente eficientes sino tambi\u00e9n exquisitamente est\u00e9ticamente agradables. Ya sea que su objetivo es optimizar su proceso de recopilaci\u00f3n de datos o elevar la experiencia general del usuario en su sitio web, el gravitizer gravedad forma material de interfaz de usuario de material se considera como el ep\u00edtome de la soluci\u00f3n ideal. En virtud de su integraci\u00f3n perfecta con formularios de gravedad y su capacidad incomparable para aumentar las tasas de participaci\u00f3n y conversi\u00f3n de los usuarios, este producto excepcional califica indudablemente como un activo indispensable para cualquier propietario o vendedor de sitios web que busque para elevar la calidad de sus formas a alturas sin precedentes.<\/p>\n<ul>\n<li>Personalizaci\u00f3n f\u00e1cil de las formas de gravedad con elementos de dise\u00f1o de la interfaz de usuario de material<\/li>\n<li>Estilizaci\u00f3n r\u00e1pida y eficiente de las formas de gravedad<\/li>\n<li>No se requiere conocimiento de codificaci\u00f3n para usar el gravitizer gravity forms material ui styler<\/li>\n<li>Personalizaci\u00f3n de etiquetas de formulario, campos de entrada y botones<\/li>\n<li>Personalizaci\u00f3n de dise\u00f1os de formulario y espaciado<\/li>\n<li>Compatible con todas las formas de gravedad y extensiones<\/li>\n<li>Vista previa en tiempo real de los cambios de dise\u00f1o de formulario<\/li>\n<li>Dise\u00f1o receptivo para una visualizaci\u00f3n \u00f3ptima en todos los dispositivos<\/li>\n<li>Actualizaciones de por vida y atenci\u00f3n al cliente incluidas<\/li>\n<li>Aumente las tasas de env\u00edo de formularios con un dise\u00f1o visualmente atractivo y f\u00e1cil de usar.<\/li>\n<\/ul>\n","protected":false},"excerpt":{"rendered":"<p>Gravitizer, un complemento notablemente potente y extremadamente f\u00e1cil de usar, sirve como una herramienta excepcional para dise\u00f1ar formularios de gravedad intrincadamente con el estilo irrefutable de la interfaz de usuario de material, conferir as\u00ed a sus formas un aire indiscutible de sofisticaci\u00f3n y profesionalismo. En virtud de su interfaz notablemente intuitiva, as\u00ed como su extensa gama de opciones personalizables, Gravitizer le dotan con la capacidad incomparable para ejercer un dominio integral sobre la constituci\u00f3n est\u00e9tica de sus formas, lo que engendra una fusi\u00f3n perfecta con el esp\u00edritu de dise\u00f1o excesivo de su sitio web de su sitio web de su sitio web de su sitio web de su sitio web de su sitio web de su sitio web de su sitio web de su sitio web de su sitio web de su sitio web. . Por lo tanto, independientemente de si usted es un dise\u00f1ador web, un desarrollador o propietario de un negocio, el gravitizador representa la soluci\u00f3n por excelencia para garantizar que sus formas de gravedad afirman una presencia indomable en medio del mar en constante expansi\u00f3n de competidores.<\/p>\n","protected":false},"featured_media":166284,"comment_status":"open","ping_status":"open","template":"","meta":[],"product_brand":[2339],"product_cat":[1214,1206,1211],"product_tag":[1256],"class_list":{"0":"post-113782","1":"product","2":"type-product","3":"status-publish","4":"has-post-thumbnail","6":"product_brand-codecanyon","7":"product_cat-personalizacion","8":"product_cat-plugins","9":"product_cat-wordpress-plugins","10":"product_tag-codecanyon","11":"member-discount","12":"discount-restricted","14":"first","15":"instock","16":"sale","17":"downloadable","18":"virtual","19":"sold-individually","20":"purchasable","21":"product-type-simple"},"_links":{"self":[{"href":"https:\/\/gpl-love.com\/es\/wp-json\/wp\/v2\/product\/113782","targetHints":{"allow":["GET"]}}],"collection":[{"href":"https:\/\/gpl-love.com\/es\/wp-json\/wp\/v2\/product"}],"about":[{"href":"https:\/\/gpl-love.com\/es\/wp-json\/wp\/v2\/types\/product"}],"replies":[{"embeddable":true,"href":"https:\/\/gpl-love.com\/es\/wp-json\/wp\/v2\/comments?post=113782"}],"wp:featuredmedia":[{"embeddable":true,"href":"https:\/\/gpl-love.com\/es\/wp-json\/wp\/v2\/media\/166284"}],"wp:attachment":[{"href":"https:\/\/gpl-love.com\/es\/wp-json\/wp\/v2\/media?parent=113782"}],"wp:term":[{"taxonomy":"product_brand","embeddable":true,"href":"https:\/\/gpl-love.com\/es\/wp-json\/wp\/v2\/product_brand?post=113782"},{"taxonomy":"product_cat","embeddable":true,"href":"https:\/\/gpl-love.com\/es\/wp-json\/wp\/v2\/product_cat?post=113782"},{"taxonomy":"product_tag","embeddable":true,"href":"https:\/\/gpl-love.com\/es\/wp-json\/wp\/v2\/product_tag?post=113782"}],"curies":[{"name":"wp","href":"https:\/\/api.w.org\/{rel}","templated":true}]}}