{"id":113780,"date":"2024-02-12T00:00:00","date_gmt":"2024-02-12T05:00:00","guid":{"rendered":"http:\/\/gpl-love.com\/es\/?post_type=product&#038;p=113780"},"modified":"2026-03-13T17:21:17","modified_gmt":"2026-03-13T22:21:17","slug":"globax-logistics-wordpress-theme","status":"publish","type":"product","link":"https:\/\/gpl-love.com\/es\/producto\/globax-logistics-wordpress-theme\/","title":{"rendered":"Globax Logistics WordPress Theme 4.0"},"content":{"rendered":"<h3>Globax Logistics WordPress Theme Caracteristicas<\/h3>\n<p>Globax Logistics es un tema excepcional de WordPress que se ha creado cuidadosamente para satisfacer espec\u00edficamente a las necesidades de las compa\u00f1\u00edas de log\u00edstica y transporte. Una de sus caracter\u00edsticas sobresalientes es la inclusi\u00f3n de numerosas p\u00e1ginas y secciones preconstruidas, como servicios, equipo, testimonios y m\u00e1s, que sin duda mejoran la funcionalidad general y la facilidad de uso del tema. Adem\u00e1s, cuenta con una capacidad de respuesta completa y optimizaci\u00f3n para dispositivos m\u00f3viles, asegurando una experiencia de usuario impecablemente suave y sin problemas para todas las personas que visitan el sitio web. No solo eso, sino que este notable tema ofrece una amplia gama de opciones de personalizaci\u00f3n, lo que permite a los usuarios modificar sin esfuerzo colores, fuentes y dise\u00f1os para alinearse sin problemas con su marca \u00fanica. Vale la pena destacar que la interfaz de usuario del tema es incre\u00edblemente intuitiva, acentuando a\u00fan m\u00e1s su atractivo, y la inclusi\u00f3n de caracter\u00edsticas poderosas sirve para solidificar a\u00fan m\u00e1s su estado como la soluci\u00f3n definitiva para cualquier compa\u00f1\u00eda de log\u00edstica o transporte que busque establecer una presencia en l\u00ednea profesional y contempor\u00e1nea.<\/p>\n<ul>\n<li>Tema de WordPress dise\u00f1ado profesionalmente para negocios de log\u00edstica<\/li>\n<li>Dise\u00f1o limpio y moderno con interfaz f\u00e1cil de usar<\/li>\n<li>Totalmente personalizable con un constructor de p\u00e1ginas de arrastrar y soltar<\/li>\n<li>Optimizado para la velocidad y el SEO<\/li>\n<li>Incluye p\u00e1ginas preconstruidas para servicios, miembros del equipo, testimonios y m\u00e1s<\/li>\n<li>Admite WooCommerce para una f\u00e1cil integraci\u00f3n de comercio electr\u00f3nico<\/li>\n<li>Ofrece un dise\u00f1o de respuesta m\u00f3vil para una experiencia de usuario perfecta en cualquier dispositivo<\/li>\n<li>Viene con documentaci\u00f3n paso a paso y soporte 24\/7 de los desarrolladores de temas<\/li>\n<li>Compatible con complementos populares como Yoast SEO, Contact Form 7 y WPML<\/li>\n<li>Perfecto para peque\u00f1as o grandes empresas de log\u00edstica que buscan crear una presencia profesional en l\u00ednea.<\/li>\n<\/ul>\n","protected":false},"excerpt":{"rendered":"<p>El tema de WordPress de Globax Logistics, un tema incre\u00edblemente vers\u00e1til y exquisitamente dise\u00f1ado, ha sido dise\u00f1ado espec\u00edficamente para satisfacer los intrincados requisitos de las empresas de log\u00edstica y transporte. Con un dise\u00f1o elegante y contempor\u00e1neo, ofrece una gran cantidad de opciones personalizables que le permiten a la moda sin esfuerzo un sitio web \u00fanico que encapsula sin problemas su identidad de marca. Tenga la seguridad de que este tema est\u00e1 equipado con una extensa variedad de complementos, garantizando efectivamente la m\u00e1xima conveniencia en el proceso de elaboraci\u00f3n de una plataforma en l\u00ednea verdaderamente individualizada. Adem\u00e1s, este tema est\u00e1 repleto de poderosas funcionalidades que incluyen reserva en l\u00ednea, seguimiento en vivo e integraci\u00f3n perfecta con WooCommerce, revolucionando as\u00ed la gesti\u00f3n de su empresa. Con su notable adaptabilidad, es la soluci\u00f3n definitiva para compa\u00f1\u00edas de log\u00edstica, transportistas de carga, proveedores de transporte y agentes de transporte de carga por igual. Prep\u00e1rese para impulsar su negocio a alturas incomparables con el asombroso tema de WordPress de Globax Logistics.<\/p>\n","protected":false},"featured_media":166265,"comment_status":"open","ping_status":"open","template":"","meta":[],"product_brand":[2337],"product_cat":[1307,1237,1238],"product_tag":[1391],"class_list":{"0":"post-113780","1":"product","2":"type-product","3":"status-publish","4":"has-post-thumbnail","6":"product_brand-themeforest","7":"product_cat-negocio-wordpress-temas","8":"product_cat-temas","9":"product_cat-wordpress-temas","10":"product_tag-themeforest","11":"member-discount","12":"discount-restricted","14":"first","15":"instock","16":"sale","17":"downloadable","18":"virtual","19":"sold-individually","20":"purchasable","21":"product-type-simple"},"_links":{"self":[{"href":"https:\/\/gpl-love.com\/es\/wp-json\/wp\/v2\/product\/113780","targetHints":{"allow":["GET"]}}],"collection":[{"href":"https:\/\/gpl-love.com\/es\/wp-json\/wp\/v2\/product"}],"about":[{"href":"https:\/\/gpl-love.com\/es\/wp-json\/wp\/v2\/types\/product"}],"replies":[{"embeddable":true,"href":"https:\/\/gpl-love.com\/es\/wp-json\/wp\/v2\/comments?post=113780"}],"wp:featuredmedia":[{"embeddable":true,"href":"https:\/\/gpl-love.com\/es\/wp-json\/wp\/v2\/media\/166265"}],"wp:attachment":[{"href":"https:\/\/gpl-love.com\/es\/wp-json\/wp\/v2\/media?parent=113780"}],"wp:term":[{"taxonomy":"product_brand","embeddable":true,"href":"https:\/\/gpl-love.com\/es\/wp-json\/wp\/v2\/product_brand?post=113780"},{"taxonomy":"product_cat","embeddable":true,"href":"https:\/\/gpl-love.com\/es\/wp-json\/wp\/v2\/product_cat?post=113780"},{"taxonomy":"product_tag","embeddable":true,"href":"https:\/\/gpl-love.com\/es\/wp-json\/wp\/v2\/product_tag?post=113780"}],"curies":[{"name":"wp","href":"https:\/\/api.w.org\/{rel}","templated":true}]}}