{"id":113778,"date":"2024-08-14T00:00:00","date_gmt":"2024-08-14T05:00:00","guid":{"rendered":"http:\/\/gpl-love.com\/es\/?post_type=product&#038;p=113778"},"modified":"2026-04-10T11:28:48","modified_gmt":"2026-04-10T16:28:48","slug":"timetable-responsive-schedule-for-wordpress","status":"publish","type":"product","link":"https:\/\/gpl-love.com\/es\/producto\/timetable-responsive-schedule-for-wordpress\/","title":{"rendered":"Timetable Responsive Schedule For WordPress 7.3"},"content":{"rendered":"<h3>Timetable Responsive Schedule For WordPress Caracteristicas<\/h3>\n<p>El horario receptivo de TIMETABLE es un complemento excepcionalmente bien elaborado para WordPress que ofrece la creaci\u00f3n y gesti\u00f3n perfecta de los horarios para una variedad de eventos, clases y citas en su estimado sitio web. Este complemento muy f\u00e1cil de usar cuenta con una amplia gama de caracter\u00edsticas, que incluye una notable interfaz de arrastrar y soltar, esquemas de color personalizables y un dise\u00f1o receptivo que garantiza la visualizaci\u00f3n \u00f3ptima de sus horarios en cualquier dispositivo. Con la utilizaci\u00f3n del horario de respuesta del horario, la adici\u00f3n de nuevos eventos se convierte en una tarea sin esfuerzo, la importaci\u00f3n de horarios de fuentes externas se convierte en una haza\u00f1a alcanzable, y la personalizaci\u00f3n de los horarios para alinearse sin problemas con el dise\u00f1o de su sitio web se convierte en un proceso fluido. Independientemente de si est\u00e1 supervisando una clase de acondicionamiento f\u00edsico vigoroso, un concierto encantador o una conferencia de negocios distinguido, la implementaci\u00f3n del horario receptivo surge como el ep\u00edtome de la conveniencia en la programaci\u00f3n y la gesti\u00f3n de sus estimados eventos.<\/p>\n<ul>\n<li>El complemento de WordPress f\u00e1cilmente f\u00e1cil de usar que le permite crear y administrar f\u00e1cilmente horarios y horarios f\u00e1cilmente para su sitio web<\/li>\n<li>Personalice su horario con colores, iconos y m\u00faltiples opciones de dise\u00f1o para que se ajuste a la apariencia de su sitio<\/li>\n<li>Admite hasta 10 columnas, ideal para mostrar horarios diarios, semanales o mensuales<\/li>\n<li>El horario se puede filtrar por categor\u00eda, ubicaci\u00f3n o d\u00eda, proporcionando un f\u00e1cil acceso a eventos relevantes<\/li>\n<li>Le permite agregar im\u00e1genes, descripciones y enlaces a eventos individuales, lo que facilita que los visitantes aprendan m\u00e1s y se registren<\/li>\n<li>Compatible con todos los principales temas de WordPress y totalmente receptivo para una visualizaci\u00f3n \u00f3ptima en cualquier dispositivo<\/li>\n<li>Incluye soporte para eventos recurrentes, lo que facilita la configuraci\u00f3n de clases, talleres o reuniones programadas regularmente<\/li>\n<li>Se integra con complementos populares como WooCommerce, MailChimp y Yoast SEO para una funcionalidad adicional<\/li>\n<li>Viene con documentaci\u00f3n detallada y apoyo dedicado para garantizar una experiencia sin problemas.<\/li>\n<\/ul>\n","protected":false},"excerpt":{"rendered":"<p>El cronograma receptivo de horario para WordPress es un complemento de programaci\u00f3n excepcionalmente robusto y f\u00e1cil de usar que sirve al prop\u00f3sito de crear y controlar sin esfuerzo los horarios en su sitio web de WordPress. Este notable complemento cuenta con un dise\u00f1o receptivo, lo que le permite organizar eficientemente sus eventos y citas en un horario visualmente cautivador y navegable sin esfuerzo que se ajusta perfectamente a varios dispositivos, incluidos escritorios, tabletas y m\u00f3viles. Usted tiene la libertad de personalizar la apariencia de su horario utilizando una gran cantidad de opciones, que incluyen, entre otros, una variedad de colores cautivadores, fuentes atractivas y fondos cautivadores para alinearse sin problemas con el estilo general de su sitio web. Adem\u00e1s de su naturaleza f\u00e1cil de usar, este complemento est\u00e1 incluido con una amplia gama de caracter\u00edsticas pr\u00e1cticas, como la incorporaci\u00f3n de eventos recurrentes, m\u00faltiples vistas de horario e integraci\u00f3n suave con el muy popular calendario de Google. \u00a1Gracias al calendario receptivo de horario para WordPress, administrar sus eventos y mantener a sus valiosos visitantes bien informados nunca ha sido tan f\u00e1cil y eficiente!<\/p>\n","protected":false},"featured_media":167828,"comment_status":"open","ping_status":"open","template":"","meta":[],"product_brand":[2339],"product_cat":[1214,1206,1211],"product_tag":[1256],"class_list":{"0":"post-113778","1":"product","2":"type-product","3":"status-publish","4":"has-post-thumbnail","6":"product_brand-codecanyon","7":"product_cat-personalizacion","8":"product_cat-plugins","9":"product_cat-wordpress-plugins","10":"product_tag-codecanyon","11":"member-discount","12":"discount-restricted","14":"first","15":"instock","16":"sale","17":"downloadable","18":"virtual","19":"sold-individually","20":"purchasable","21":"product-type-simple"},"_links":{"self":[{"href":"https:\/\/gpl-love.com\/es\/wp-json\/wp\/v2\/product\/113778","targetHints":{"allow":["GET"]}}],"collection":[{"href":"https:\/\/gpl-love.com\/es\/wp-json\/wp\/v2\/product"}],"about":[{"href":"https:\/\/gpl-love.com\/es\/wp-json\/wp\/v2\/types\/product"}],"replies":[{"embeddable":true,"href":"https:\/\/gpl-love.com\/es\/wp-json\/wp\/v2\/comments?post=113778"}],"wp:featuredmedia":[{"embeddable":true,"href":"https:\/\/gpl-love.com\/es\/wp-json\/wp\/v2\/media\/167828"}],"wp:attachment":[{"href":"https:\/\/gpl-love.com\/es\/wp-json\/wp\/v2\/media?parent=113778"}],"wp:term":[{"taxonomy":"product_brand","embeddable":true,"href":"https:\/\/gpl-love.com\/es\/wp-json\/wp\/v2\/product_brand?post=113778"},{"taxonomy":"product_cat","embeddable":true,"href":"https:\/\/gpl-love.com\/es\/wp-json\/wp\/v2\/product_cat?post=113778"},{"taxonomy":"product_tag","embeddable":true,"href":"https:\/\/gpl-love.com\/es\/wp-json\/wp\/v2\/product_tag?post=113778"}],"curies":[{"name":"wp","href":"https:\/\/api.w.org\/{rel}","templated":true}]}}