{"id":113769,"date":"2025-10-28T00:00:00","date_gmt":"2025-10-28T05:00:00","guid":{"rendered":"http:\/\/gpl-love.com\/es\/?post_type=product&#038;p=113769"},"modified":"2026-03-09T07:40:30","modified_gmt":"2026-03-09T12:40:30","slug":"gravity-forms-zapier-addon","status":"publish","type":"product","link":"https:\/\/gpl-love.com\/es\/producto\/gravity-forms-zapier-addon\/","title":{"rendered":"Gravity Forms Zapier Addon 4.5.1"},"content":{"rendered":"<h3>Gravity Forms Zapier Addon Caracteristicas<\/h3>\n<p>La gravedad forma Zapier Addon, una herramienta muy robusta e influyente, ofrece a los usuarios la capacidad excepcional para automatizar la transferencia perfecta de datos entre los formularios de gravedad y una amplia gama de otras aplicaciones o servicios. Al abarcar este complemento dentro de su arsenal, los usuarios pueden generar sin esfuerzo flujos de trabajo personalizados que racionalizan efectivamente sus procesos de gesti\u00f3n de datos, ahorrando as\u00ed efectivamente una cantidad sustancial de su valioso tiempo y esfuerzos laboriosos. Una ventaja adicional es que este complemento brinda a los usuarios la notable oportunidad de integrar a la perfecci\u00f3n los formularios de gravedad con una selecci\u00f3n colosal de m\u00e1s de m\u00e1s de 2.000 aplicaciones y servicios, que abarca una variedad de CRM, herramientas de gesti\u00f3n de proyectos e incluso plataformas de marketing por correo electr\u00f3nico. Adem\u00e1s, cuenta con una interfaz extremadamente f\u00e1cil de usar, facilitando as\u00ed el simple establecimiento de flujos de trabajo automatizados y la asignaci\u00f3n perfecta de campos de datos entre varias aplicaciones. En consecuencia, los usuarios pueden automatizar tareas mundanas y repetitivas, reduciendo efectivamente la posibilidad de encontrar errores de datos y, en consecuencia, elevar la eficiencia general de sus operaciones comerciales a alturas nuevas y sin precedentes.<\/p>\n<ul>\n<li>Conecte f\u00e1cilmente los formularios de gravedad con m\u00e1s de 3.000 aplicaciones usando Zapier<\/li>\n<li>Env\u00ede autom\u00e1ticamente los env\u00edos de formularios a otras aplicaciones sin requerido ninguna codificaci\u00f3n<\/li>\n<li>Elija qu\u00e9 campos de formulario enviar, permitiendo transferir informaci\u00f3n altamente personalizada y espec\u00edfica<\/li>\n<li>Mitigar los errores de entrada manuales y ahorrar tiempo automatizando su proceso de entrada de datos<\/li>\n<li>Use la integraci\u00f3n para activar acciones en otras aplicaciones, como agregar nuevos suscriptores a una lista de correo o crear un nuevo registro en un CRM<\/li>\n<li>Reduce la barrera de entrada para integrarse con m\u00faltiples aplicaciones, por lo que es accesible para empresas de todos los tama\u00f1os.<\/li>\n<li>Proporciona actualizaciones en tiempo real y funciones de informes para sus env\u00edos de formularios<\/li>\n<li>Viene en una versi\u00f3n gratuita y pagada, con caracter\u00edsticas y funcionalidad adicionales en la versi\u00f3n pagada.<\/li>\n<\/ul>\n","protected":false},"excerpt":{"rendered":"<p>La gravedad forma Zapier Addon, una herramienta poderosa, permite a los usuarios establecer conexiones entre sus datos de env\u00edo de formularios de gravedad y una amplia selecci\u00f3n de m\u00e1s de 3.000 aplicaciones a trav\u00e9s de Zapier. Al aprovechar este complemento, las personas pueden automatizar efectivamente sus flujos de trabajo y optimizar sus operaciones transfiriendo sin esfuerzo sus datos de formularios de gravedad a su aplicaci\u00f3n deseada, reduciendo as\u00ed la carga de la mano de obra manual y conservando un tiempo valioso. Adem\u00e1s, el sistema de integraci\u00f3n proporcionado por este complemento est\u00e1 dise\u00f1ado con la simplicidad en mente, lo que permite a los usuarios configurarlo r\u00e1pidamente y sin esfuerzo para satisfacer sus necesidades espec\u00edficas. \u00a1Experimente un nivel mejorado de funcionalidad y eficiencia para sus formas de gravedad al adoptar las notables capacidades de la gravedad de Forms Zapier Addon hoy!<\/p>\n","protected":false},"featured_media":166340,"comment_status":"open","ping_status":"open","template":"","meta":[],"product_brand":[2469],"product_cat":[1214,1206,1211],"product_tag":[1300],"class_list":{"0":"post-113769","1":"product","2":"type-product","3":"status-publish","4":"has-post-thumbnail","6":"product_brand-gravityforms","7":"product_cat-personalizacion","8":"product_cat-plugins","9":"product_cat-wordpress-plugins","10":"product_tag-gravityforms","11":"member-discount","12":"discount-restricted","14":"first","15":"instock","16":"sale","17":"downloadable","18":"virtual","19":"sold-individually","20":"purchasable","21":"product-type-simple"},"_links":{"self":[{"href":"https:\/\/gpl-love.com\/es\/wp-json\/wp\/v2\/product\/113769","targetHints":{"allow":["GET"]}}],"collection":[{"href":"https:\/\/gpl-love.com\/es\/wp-json\/wp\/v2\/product"}],"about":[{"href":"https:\/\/gpl-love.com\/es\/wp-json\/wp\/v2\/types\/product"}],"replies":[{"embeddable":true,"href":"https:\/\/gpl-love.com\/es\/wp-json\/wp\/v2\/comments?post=113769"}],"wp:featuredmedia":[{"embeddable":true,"href":"https:\/\/gpl-love.com\/es\/wp-json\/wp\/v2\/media\/166340"}],"wp:attachment":[{"href":"https:\/\/gpl-love.com\/es\/wp-json\/wp\/v2\/media?parent=113769"}],"wp:term":[{"taxonomy":"product_brand","embeddable":true,"href":"https:\/\/gpl-love.com\/es\/wp-json\/wp\/v2\/product_brand?post=113769"},{"taxonomy":"product_cat","embeddable":true,"href":"https:\/\/gpl-love.com\/es\/wp-json\/wp\/v2\/product_cat?post=113769"},{"taxonomy":"product_tag","embeddable":true,"href":"https:\/\/gpl-love.com\/es\/wp-json\/wp\/v2\/product_tag?post=113769"}],"curies":[{"name":"wp","href":"https:\/\/api.w.org\/{rel}","templated":true}]}}