{"id":113767,"date":"2026-02-06T00:00:00","date_gmt":"2026-02-06T05:00:00","guid":{"rendered":"http:\/\/gpl-love.com\/es\/?post_type=product&#038;p=113767"},"modified":"2026-03-09T07:40:25","modified_gmt":"2026-03-09T12:40:25","slug":"gravity-forms-twilio-addon","status":"publish","type":"product","link":"https:\/\/gpl-love.com\/es\/producto\/gravity-forms-twilio-addon\/","title":{"rendered":"Gravity Forms Twilio Addon 3.1.1"},"content":{"rendered":"<h3>Gravity Forms Twilio Addon Caracteristicas<\/h3>\n<p>El complemento Twilio Forms Twilio es un complemento inmensamente robusto que ofrece a los usuarios la capacidad de integrar perfectamente los formularios de gravedad con Twilio, facilitando as\u00ed el env\u00edo de mensajes SMS o el inicio de llamadas telef\u00f3nicas directamente desde sus formularios de gravedad. Al aprovechar este complemento, los usuarios tienen la capacidad de elaborar formularios personalizados que recopilen efectivamente los datos de los usuarios, aprovechando posteriormente la funcionalidad de Twilio para enviar autom\u00e1ticamente mensajes de SMS o iniciar llamadas telef\u00f3nicas a los usuarios, todo mientras depende de las respuestas que proporcionan. Este complemento admite exhaustivamente una amplia gama de caracter\u00edsticas de Twilio, que abarca la utilizaci\u00f3n de plantillas de mensajes a medida, la implementaci\u00f3n de c\u00f3digos de confirmaci\u00f3n de SMS y una variedad de otras funcionalidades invaluables. En general, la gravedad forma Twilio Addon sirve como una herramienta indispensable para las empresas que buscan optimizar sus procesos de comunicaci\u00f3n y mejorar los esfuerzos de participaci\u00f3n de sus clientes.<\/p>\n<ul>\n<li>Integra sin problemas el potente complemento de formularios de gravedad con el servicio de mensajer\u00eda Twilio<\/li>\n<li>Permite a los usuarios enviar f\u00e1cilmente mensajes de texto SMS automatizados a sus clientes directamente desde sus p\u00e1ginas de env\u00edo de formularios de gravedad<\/li>\n<li>Permite las notificaciones y actualizaciones en tiempo real que se env\u00edan a los clientes a trav\u00e9s de SMS, asegurando una comunicaci\u00f3n oportuna y eficiente<\/li>\n<li>Proporciona a los usuarios una gama de opciones de personalizaci\u00f3n, incluida la capacidad de personalizar los mensajes de SMS y elegir entre una gama de n\u00fameros de Twilio disponibles para enviar mensajes desde<\/li>\n<li>Simplifica el proceso de construcci\u00f3n y gesti\u00f3n de campa\u00f1as de marketing m\u00f3vil, lo que facilita capturar clientes potenciales e involucrar a los clientes a trav\u00e9s de mensajes SMS<\/li>\n<li>Ofrece una s\u00f3lida funcionalidad de informes y an\u00e1lisis, brindando a los usuarios informaci\u00f3n valiosa sobre las tasas de entrega de mensajes, las tasas de respuesta y otras m\u00e9tricas clave<\/li>\n<li>Dise\u00f1ado para ser f\u00e1cil de usar y f\u00e1cil de configurar, con soporte t\u00e9cnico dedicado y documentaci\u00f3n integral proporcionada para mayor comodidad.<\/li>\n<\/ul>\n","protected":false},"excerpt":{"rendered":"<p>La gravedad forma Twilio Addon sirve como una herramienta extremadamente potente, integrando sin problemas sus formas de gravedad con la plataforma Twilio SMS. A trav\u00e9s de la utilizaci\u00f3n de este notable complemento, obtiene la capacidad de enviar mensajes de SMS sin esfuerzo a sus estimados clientes, clientes valorados o miembros estimados del equipo, todos los cuales se desencadenan por env\u00edos espec\u00edficos de formularios de gravedad. Una ventaja notable de este complemento es la capacidad de personalizar el contenido de cada mensaje de SMS individual, junto con la opci\u00f3n de especificar las condiciones de activaci\u00f3n y los n\u00fameros de destinatarios para cada forma presente en su sitio web. Esta notable funcionalidad mejora significativamente su capacidad para transmitir efectivamente informaci\u00f3n vital, como recordatorios de citas, confirmaciones de pedidos o actualizaciones de estado y varias otras notificaciones cr\u00edticas. Adem\u00e1s, el proceso de instalaci\u00f3n para los formularios de gravedad Twilio Addon es excepcionalmente sencillo, lo que requiere nada m\u00e1s que una cuenta activa de Twilio para iniciar. \u00a1Aproveche este complemento excepcional hoy y revolucione sus procesos de comunicaci\u00f3n con facilidad y eficiencia incomparables!<\/p>\n","protected":false},"featured_media":166336,"comment_status":"open","ping_status":"open","template":"","meta":[],"product_brand":[2469],"product_cat":[1232,1206,1211],"product_tag":[1300],"class_list":{"0":"post-113767","1":"product","2":"type-product","3":"status-publish","4":"has-post-thumbnail","6":"product_brand-gravityforms","7":"product_cat-marketing-wordpress-plugins","8":"product_cat-plugins","9":"product_cat-wordpress-plugins","10":"product_tag-gravityforms","11":"member-discount","12":"discount-restricted","14":"first","15":"instock","16":"sale","17":"downloadable","18":"virtual","19":"sold-individually","20":"purchasable","21":"product-type-simple"},"_links":{"self":[{"href":"https:\/\/gpl-love.com\/es\/wp-json\/wp\/v2\/product\/113767","targetHints":{"allow":["GET"]}}],"collection":[{"href":"https:\/\/gpl-love.com\/es\/wp-json\/wp\/v2\/product"}],"about":[{"href":"https:\/\/gpl-love.com\/es\/wp-json\/wp\/v2\/types\/product"}],"replies":[{"embeddable":true,"href":"https:\/\/gpl-love.com\/es\/wp-json\/wp\/v2\/comments?post=113767"}],"wp:featuredmedia":[{"embeddable":true,"href":"https:\/\/gpl-love.com\/es\/wp-json\/wp\/v2\/media\/166336"}],"wp:attachment":[{"href":"https:\/\/gpl-love.com\/es\/wp-json\/wp\/v2\/media?parent=113767"}],"wp:term":[{"taxonomy":"product_brand","embeddable":true,"href":"https:\/\/gpl-love.com\/es\/wp-json\/wp\/v2\/product_brand?post=113767"},{"taxonomy":"product_cat","embeddable":true,"href":"https:\/\/gpl-love.com\/es\/wp-json\/wp\/v2\/product_cat?post=113767"},{"taxonomy":"product_tag","embeddable":true,"href":"https:\/\/gpl-love.com\/es\/wp-json\/wp\/v2\/product_tag?post=113767"}],"curies":[{"name":"wp","href":"https:\/\/api.w.org\/{rel}","templated":true}]}}