{"id":113765,"date":"2025-11-27T00:00:00","date_gmt":"2025-11-27T05:00:00","guid":{"rendered":"http:\/\/gpl-love.com\/es\/producto\/gravity-forms-trello-addon\/"},"modified":"2026-03-09T07:40:24","modified_gmt":"2026-03-09T12:40:24","slug":"gravity-forms-trello-addon","status":"publish","type":"product","link":"https:\/\/gpl-love.com\/es\/producto\/gravity-forms-trello-addon\/","title":{"rendered":"Gravity Forms Trello Addon 2.2.0.1"},"content":{"rendered":"<h3>Gravity Forms Trello Addon Caracteristicas<\/h3>\n<p>La gravedad Forms Trello Addon sirve como una herramienta muy potente, lo que permite a los usuarios mejorar la eficiencia de su flujo de trabajo a trav\u00e9s de la integraci\u00f3n perfecta de sus datos de formularios de gravedad en tableros Trello. Al utilizar este complemento, los usuarios obtienen la capacidad de generar sin esfuerzo tarjetas de Trello a partir de presentaciones de formularios de gravedad, tareas delegar a los miembros del equipo, establecer fechas de vencimiento, incorporar etiquetas y mucho m\u00e1s. En consecuencia, este complemento demuestra ser una soluci\u00f3n ideal para empresas de cualquier magnitud, que busca optimizar la gesti\u00f3n de su flujo de trabajo y mantener un sistema bien organizado. Adem\u00e1s, su interfaz cuenta con un dise\u00f1o f\u00e1cil de usar, que atiende a las personas desprovistas de experiencia t\u00e9cnica, asegurando as\u00ed la accesibilidad para una amplia gama de usuarios. Adem\u00e1s, este complemento ofrece atenci\u00f3n al cliente excepcional y actualizaciones frecuentes, lo que garantiza a los usuarios un retorno de inversi\u00f3n maximizado.<\/p>\n<ul>\n<li>Integra perfectamente las formas de gravedad con Trello<\/li>\n<li>Permite a los usuarios crear tarjetas Trello directamente a partir de env\u00edos de formularios de gravedad<\/li>\n<li>Incluye campos de mapeo de formas de gravedad a atributos de la tarjeta Trello<\/li>\n<li>Proporciona actualizaciones en tiempo real a las tarjetas Trello a medida que se actualizan o editan los env\u00edos de formularios de gravedad<\/li>\n<li>Permite a los usuarios asignar tarjetas Trello a los miembros del equipo o las etiquetas directamente de los formularios de gravedad.<\/li>\n<li>Ahorra tiempo y optimiza el flujo de trabajo al eliminar la transferencia manual de datos entre las dos plataformas<\/li>\n<li>Habilita una mejor colaboraci\u00f3n y comunicaci\u00f3n entre los miembros del equipo, asegurando que todos est\u00e9n en la misma p\u00e1gina<\/li>\n<li>Ofrece una soluci\u00f3n rentable para conectar dos plataformas potentes y maximizar su funcionalidad.<\/li>\n<\/ul>\n","protected":false},"excerpt":{"rendered":"<p>La gravedad Forms Trello Addon, una herramienta incre\u00edblemente avanzada, est\u00e1 dise\u00f1ada para mejorar y optimizar su proceso de gesti\u00f3n de proyectos integrando perfectamente las potentes capacidades de las formas de gravedad con la funcionalidad vers\u00e1til de Trello. Al sincronizar sin problemas las dos plataformas, este complemento le permite generar tarjetas Trello sin esfuerzo directamente a partir de sus presentaciones de formulario, todo sin tener que navegar lejos de su conveniente tablero de formularios de gravedad. Esta caracter\u00edstica invaluable no solo le ahorra un tiempo precioso y ejerce un esfuerzo m\u00ednimo, sino que tambi\u00e9n simplifica significativamente la tarea de monitorear y supervisar de manera efectiva sus diversos proyectos. Adem\u00e1s, la gravedad Forms Trello Addon le permite personalizar y adaptar a\u00fan m\u00e1s sus tarjetas Trello de acuerdo con sus preferencias y requisitos \u00fanicos. Esto se puede lograr mediante la inclusi\u00f3n de elementos personalizables, como etiquetas, fechas de vencimiento, listas de verificaci\u00f3n y muchos m\u00e1s. Independientemente de si se encuentra comprometido en un proyecto de equipo de colaboraci\u00f3n o supervisa meticulosamente sus propias tareas individuales, la gravedad forma trello complement surge indudablemente como un activo indispensable para cualquier individuo que busque mejorar su productividad general y agilizar su flujo de trabajo diario.<\/p>\n","protected":false},"featured_media":166335,"comment_status":"open","ping_status":"open","template":"","meta":[],"product_brand":[2469],"product_cat":[1212,1206,1211],"product_tag":[1300],"class_list":{"0":"post-113765","1":"product","2":"type-product","3":"status-publish","4":"has-post-thumbnail","6":"product_brand-gravityforms","7":"product_cat-administracion-wordpress-plugins","8":"product_cat-plugins","9":"product_cat-wordpress-plugins","10":"product_tag-gravityforms","11":"member-discount","12":"discount-restricted","14":"first","15":"instock","16":"sale","17":"downloadable","18":"virtual","19":"sold-individually","20":"purchasable","21":"product-type-simple"},"_links":{"self":[{"href":"https:\/\/gpl-love.com\/es\/wp-json\/wp\/v2\/product\/113765","targetHints":{"allow":["GET"]}}],"collection":[{"href":"https:\/\/gpl-love.com\/es\/wp-json\/wp\/v2\/product"}],"about":[{"href":"https:\/\/gpl-love.com\/es\/wp-json\/wp\/v2\/types\/product"}],"replies":[{"embeddable":true,"href":"https:\/\/gpl-love.com\/es\/wp-json\/wp\/v2\/comments?post=113765"}],"wp:featuredmedia":[{"embeddable":true,"href":"https:\/\/gpl-love.com\/es\/wp-json\/wp\/v2\/media\/166335"}],"wp:attachment":[{"href":"https:\/\/gpl-love.com\/es\/wp-json\/wp\/v2\/media?parent=113765"}],"wp:term":[{"taxonomy":"product_brand","embeddable":true,"href":"https:\/\/gpl-love.com\/es\/wp-json\/wp\/v2\/product_brand?post=113765"},{"taxonomy":"product_cat","embeddable":true,"href":"https:\/\/gpl-love.com\/es\/wp-json\/wp\/v2\/product_cat?post=113765"},{"taxonomy":"product_tag","embeddable":true,"href":"https:\/\/gpl-love.com\/es\/wp-json\/wp\/v2\/product_tag?post=113765"}],"curies":[{"name":"wp","href":"https:\/\/api.w.org\/{rel}","templated":true}]}}