{"id":113763,"date":"2025-10-16T00:00:00","date_gmt":"2025-10-16T05:00:00","guid":{"rendered":"http:\/\/gpl-love.com\/es\/?post_type=product&#038;p=113763"},"modified":"2026-03-09T07:40:21","modified_gmt":"2026-03-09T12:40:21","slug":"gravity-forms-survey-addon","status":"publish","type":"product","link":"https:\/\/gpl-love.com\/es\/producto\/gravity-forms-survey-addon\/","title":{"rendered":"Gravity Forms Survey Addon 4.2.2"},"content":{"rendered":"<h3>Gravity Forms Survey Addon Caracteristicas<\/h3>\n<p>El complemento de la encuesta de Gravity Forms, una herramienta robusta dotada de una inmensa potencia, permite a los usuarios generar y administrar encuestas sin esfuerzo. Con una extensa gama de caracter\u00edsticas a disposici\u00f3n de uno, este complemento para las formas de gravedad facilita la creaci\u00f3n de encuestas adaptadas para cumplir con los requisitos espec\u00edficos de cada usuario. Al aprovechar las capacidades de este complemento, los usuarios est\u00e1n facultados para formular encuestas que abarcan una multitud de tipos de preguntas, que abarcan la l\u00f3gica de encuestas avanzadas intrincadamente tejidas, as\u00ed como la incorporaci\u00f3n de preguntas condicionales, y mucho m\u00e1s. Adem\u00e1s, este complemento notable permite a los usuarios adquirir r\u00e1pidamente las respuestas de los participantes de la encuesta y generar informes completos instant\u00e1neamente. Con su interfaz f\u00e1cil de usar, el complemento de la encuesta de Gravity Forms se hace accesible y f\u00e1cilmente navegable, incluso para las personas que poseen una familiaridad insignificante con el arte de la administraci\u00f3n de encuestas. En resumen, este complemento demuestra ser una opci\u00f3n extremadamente valiosa para cualquier individuo que desee crear encuestas sin esfuerzo y eficaz, recopilar respuestas meticulosamente y analizar meticulosamente los datos.<\/p>\n<ul>\n<li>Cree f\u00e1cilmente encuestas dentro de los formularios de gravedad para obtener una retroalimentaci\u00f3n mejorada de los usuarios<\/li>\n<li>Arrastre y suelte la interfaz para una f\u00e1cil creaci\u00f3n y personalizaci\u00f3n de las encuestas<\/li>\n<li>M\u00faltiples tipos de preguntas que incluyen opci\u00f3n \u00fanica y m\u00faltiple, desplegable, cuadros de texto y m\u00e1s<\/li>\n<li>La l\u00f3gica condicional permite encuestas din\u00e1micas y personalizadas<\/li>\n<li>Caracter\u00edsticas avanzadas de informes y an\u00e1lisis para obtener informaci\u00f3n de las respuestas de la encuesta<\/li>\n<li>Se integra a la perfecci\u00f3n con otros complementos de gravedad y herramientas de terceros<\/li>\n<li>Notificaciones autom\u00e1ticas por correo electr\u00f3nico Cuando se completan nuevas encuestas<\/li>\n<li>Encuestas de m\u00faltiples p\u00e1ginas para retroalimentaci\u00f3n m\u00e1s profunda y recopilaci\u00f3n de datos<\/li>\n<li>Dise\u00f1o de respuesta m\u00f3vil para encuestas que se ven muy bien en cualquier dispositivo<\/li>\n<li>Interfaz f\u00e1cil de usar para los encuestados para garantizar altas tasas de respuesta.<\/li>\n<\/ul>\n","protected":false},"excerpt":{"rendered":"<p>El complemento de Gravity Forms Survey es un instrumento excepcionalmente robusto y efectivo que le permite recopilar comentarios invaluables e ideas profundas de su p\u00fablico objetivo. Esta herramienta fenomenal le permite idear y crear encuestas y cuestionarios a medida, que abarca una amplia gama de tipos de preguntas, como la opci\u00f3n m\u00faltiple, la escala y los campos de entrada de texto. Adem\u00e1s, tiene la libertad de personalizar personalmente el dise\u00f1o y el dise\u00f1o de sus encuestas, armoniz\u00e1ndolas perfectamente con su identidad de marca y su estilo \u00fanico. Adem\u00e1s, la integraci\u00f3n perfecta del complemento de la encuesta de formularios de gravedad con WordPress mejora a\u00fan m\u00e1s su funcionalidad y conveniencia. En particular, cuenta con caracter\u00edsticas avanzadas de informes y an\u00e1lisis que facilitan el seguimiento sin esfuerzo y el an\u00e1lisis exhaustivo de las respuestas que recibe. Ya sea que su intenci\u00f3n sea realizar una extensa investigaci\u00f3n de mercado, solicitar comentarios valiosos de los clientes o administrar encuestas de empleados, el complemento de la encuesta de formularios de gravedad es el ep\u00edtome de una soluci\u00f3n inigualable y que lo abarca todo.<\/p>\n","protected":false},"featured_media":166333,"comment_status":"open","ping_status":"open","template":"","meta":[],"product_brand":[2469],"product_cat":[1232,1206,1211],"product_tag":[1300],"class_list":{"0":"post-113763","1":"product","2":"type-product","3":"status-publish","4":"has-post-thumbnail","6":"product_brand-gravityforms","7":"product_cat-marketing-wordpress-plugins","8":"product_cat-plugins","9":"product_cat-wordpress-plugins","10":"product_tag-gravityforms","11":"member-discount","12":"discount-restricted","14":"first","15":"instock","16":"sale","17":"downloadable","18":"virtual","19":"sold-individually","20":"purchasable","21":"product-type-simple"},"_links":{"self":[{"href":"https:\/\/gpl-love.com\/es\/wp-json\/wp\/v2\/product\/113763","targetHints":{"allow":["GET"]}}],"collection":[{"href":"https:\/\/gpl-love.com\/es\/wp-json\/wp\/v2\/product"}],"about":[{"href":"https:\/\/gpl-love.com\/es\/wp-json\/wp\/v2\/types\/product"}],"replies":[{"embeddable":true,"href":"https:\/\/gpl-love.com\/es\/wp-json\/wp\/v2\/comments?post=113763"}],"wp:featuredmedia":[{"embeddable":true,"href":"https:\/\/gpl-love.com\/es\/wp-json\/wp\/v2\/media\/166333"}],"wp:attachment":[{"href":"https:\/\/gpl-love.com\/es\/wp-json\/wp\/v2\/media?parent=113763"}],"wp:term":[{"taxonomy":"product_brand","embeddable":true,"href":"https:\/\/gpl-love.com\/es\/wp-json\/wp\/v2\/product_brand?post=113763"},{"taxonomy":"product_cat","embeddable":true,"href":"https:\/\/gpl-love.com\/es\/wp-json\/wp\/v2\/product_cat?post=113763"},{"taxonomy":"product_tag","embeddable":true,"href":"https:\/\/gpl-love.com\/es\/wp-json\/wp\/v2\/product_tag?post=113763"}],"curies":[{"name":"wp","href":"https:\/\/api.w.org\/{rel}","templated":true}]}}