{"id":113761,"date":"2025-12-11T00:00:00","date_gmt":"2025-12-11T05:00:00","guid":{"rendered":"http:\/\/gpl-love.com\/es\/?post_type=product&#038;p=113761"},"modified":"2026-03-09T07:40:17","modified_gmt":"2026-03-09T12:40:17","slug":"gravity-forms-square-addon","status":"publish","type":"product","link":"https:\/\/gpl-love.com\/es\/producto\/gravity-forms-square-addon\/","title":{"rendered":"Gravity Forms Square Addon 2.5.1"},"content":{"rendered":"<h3>Gravity Forms Square Addon Caracteristicas<\/h3>\n<p>El complemento Square Addon Forms Square es una herramienta absolutamente indispensable para las personas que desean integrar sin problemas sus formularios de gravedad con la pasarela de pago cuadrado. Al utilizar este complemento, los usuarios pueden proporcionar a sus clientes una experiencia de procesamiento de pagos incomparable, en la que los pagos con tarjeta de cr\u00e9dito se aceptan de manera segura en los sitios web personales y comerciales. A trav\u00e9s de un proceso de instalaci\u00f3n directo y una interfaz f\u00e1cil de usar, los usuarios est\u00e1n facultados para generar formas personalizadas sin esfuerzo y aceptar pagos sin esfuerzo. Adem\u00e1s, este notable complemento ofrece a los usuarios una variedad de opciones de pago flexibles, que abarca pagos recurrentes, suscripciones y pagos \u00fanicos. En \u00faltima instancia, el complemento cuadrado de Gravity Forms est\u00e1 meticulosamente elaborado con el \u00fanico prop\u00f3sito de mejorar la experiencia general del usuario y hacer que las transacciones en l\u00ednea sean significativamente m\u00e1s convenientes y seguras.<\/p>\n<ul>\n<li>Integra sin problemas el procesamiento de pagos cuadrados con formularios de gravedad<\/li>\n<li>Permite a los visitantes del sitio web realizar pagos de forma segura directamente desde sus formularios<\/li>\n<li>Admite todos los tipos de tarjeta de cr\u00e9dito y d\u00e9bito aceptados por Square<\/li>\n<li>Compatible con opciones de pago individuales y recurrentes<\/li>\n<li>Opci\u00f3n para ahorrar informaci\u00f3n de la tarjeta de cr\u00e9dito para futuras transacciones<\/li>\n<li>Proporciona confirmaci\u00f3n de pago personalizable y correos electr\u00f3nicos de recibo a los clientes<\/li>\n<li>Actualiza autom\u00e1ticamente los registros de pago en el tablero cuadrado<\/li>\n<li>Proceso de configuraci\u00f3n f\u00e1cil con instrucciones paso a paso<\/li>\n<li>Atenci\u00f3n al cliente confiable de equipos de formularios cuadrados y de gravedad.<\/li>\n<\/ul>\n","protected":false},"excerpt":{"rendered":"<p>La gravedad forma Square Addon, que se ha creado meticulosamente, sirve como un instrumento excepcionalmente potente que tiene como objetivo ayudarlo a incorporar perfectamente las funcionalidades de procesamiento de pagos en sus formularios de gravedad en l\u00ednea. Al aprovechar las capacidades de este complemento ingenioso, puede recibir sin esfuerzo y sin problemas pagos con tarjeta de cr\u00e9dito y d\u00e9bito de sus estimados clientes, todos dentro de los l\u00edmites de su propio sitio web. Adem\u00e1s, el complemento abarca una mir\u00edada de caracter\u00edsticas s\u00f3lidas, como la capacidad de personalizar los formularios de pago, rastrear pedidos y generar recibos automatizados, creando as\u00ed una soluci\u00f3n que abarca todo que satisface las necesidades de cualquier negocio que se esfuerza por optimizar su pago de pago. Procesamiento de flujos de trabajo. No importa si est\u00e1 expendiendo mercanc\u00edas tangibles, prestando servicios valiosos o distribuir boletos de eventos, para el complemento cuadrado de las formas de gravedad, con su aptitud incomparable, representa el instrumento por excelencia que indudablemente facilitar\u00e1 la simplificaci\u00f3n de sus esfuerzos de procesamiento de pagos y fomenta el crecimiento del crecimiento de su estimada empresa.<\/p>\n","protected":false},"featured_media":166330,"comment_status":"open","ping_status":"open","template":"","meta":[],"product_brand":[2469],"product_cat":[1278,1206,1211],"product_tag":[1300],"class_list":{"0":"post-113761","1":"product","2":"type-product","3":"status-publish","4":"has-post-thumbnail","6":"product_brand-gravityforms","7":"product_cat-pago","8":"product_cat-plugins","9":"product_cat-wordpress-plugins","10":"product_tag-gravityforms","11":"member-discount","12":"discount-restricted","14":"first","15":"instock","16":"sale","17":"downloadable","18":"virtual","19":"sold-individually","20":"purchasable","21":"product-type-simple"},"_links":{"self":[{"href":"https:\/\/gpl-love.com\/es\/wp-json\/wp\/v2\/product\/113761","targetHints":{"allow":["GET"]}}],"collection":[{"href":"https:\/\/gpl-love.com\/es\/wp-json\/wp\/v2\/product"}],"about":[{"href":"https:\/\/gpl-love.com\/es\/wp-json\/wp\/v2\/types\/product"}],"replies":[{"embeddable":true,"href":"https:\/\/gpl-love.com\/es\/wp-json\/wp\/v2\/comments?post=113761"}],"wp:featuredmedia":[{"embeddable":true,"href":"https:\/\/gpl-love.com\/es\/wp-json\/wp\/v2\/media\/166330"}],"wp:attachment":[{"href":"https:\/\/gpl-love.com\/es\/wp-json\/wp\/v2\/media?parent=113761"}],"wp:term":[{"taxonomy":"product_brand","embeddable":true,"href":"https:\/\/gpl-love.com\/es\/wp-json\/wp\/v2\/product_brand?post=113761"},{"taxonomy":"product_cat","embeddable":true,"href":"https:\/\/gpl-love.com\/es\/wp-json\/wp\/v2\/product_cat?post=113761"},{"taxonomy":"product_tag","embeddable":true,"href":"https:\/\/gpl-love.com\/es\/wp-json\/wp\/v2\/product_tag?post=113761"}],"curies":[{"name":"wp","href":"https:\/\/api.w.org\/{rel}","templated":true}]}}