{"id":113759,"date":"2025-06-02T00:00:00","date_gmt":"2025-06-02T05:00:00","guid":{"rendered":"http:\/\/gpl-love.com\/es\/?post_type=product&#038;p=113759"},"modified":"2026-03-09T07:40:15","modified_gmt":"2026-03-09T12:40:15","slug":"gravity-forms-slack-addon","status":"publish","type":"product","link":"https:\/\/gpl-love.com\/es\/producto\/gravity-forms-slack-addon\/","title":{"rendered":"Gravity Forms Slack Addon 2.2.0"},"content":{"rendered":"<h3>Gravity Forms Slack Addon Caracteristicas<\/h3>\n<p>El complemento Slack Forms Slack es una herramienta incre\u00edblemente robusta y sofisticada que ofrece una multitud de caracter\u00edsticas ventajosas, lo que permite una integraci\u00f3n perfecta entre sus env\u00edos de formularios de gravedad y la plataforma de comunicaci\u00f3n muy popular, Slack. Al enviar sin esfuerzo sus env\u00edos de formulario directamente a sus canales de holgura designados, este complemento facilita el seguimiento y la gesti\u00f3n sin esfuerzo de las presentaciones de los estimados miembros del equipo. Adem\u00e1s, posee la capacidad de personalizar los mensajes que se transmiten a Slack, asegurando que reciba la informaci\u00f3n vital que necesita en un formato que sea m\u00e1s propicio para sus necesidades y preferencias \u00fanicas. El proceso de instalaci\u00f3n y configuraci\u00f3n para este complemento es incre\u00edblemente f\u00e1cil de usar y sencillo, otorgando un medio simplificado y sin problemas para mantenerse bien informado y actualizado con respecto a sus env\u00edos de formulario, asegurando efectivamente que todos los miembros de su equipo permanezcan informado y en el bucle. Independientemente de si est\u00e1 operando un negocio pr\u00f3spero o supervisando un equipo dedicado, el complemento de gravedad Forms Slack es una herramienta verdaderamente indispensable que sin duda mejorar\u00e1 su comunicaci\u00f3n general y flujo de trabajo, solidificando inequ\u00edvocamente su estado como una necesidad absoluta.<\/p>\n<ul>\n<li>Integra perfectamente las formas de gravedad con Slack para mejorar la comunicaci\u00f3n y la colaboraci\u00f3n del equipo.<\/li>\n<li>Env\u00eda autom\u00e1ticamente notificaciones a los canales o usuarios seleccionados cuando se env\u00eda un formulario.<\/li>\n<li>Se pueden configurar mensajes de notificaci\u00f3n personalizables para cada formulario, lo que permite notificaciones personalizadas y organizadas.<\/li>\n<li>Actualiza instant\u00e1neamente a los miembros del equipo en los env\u00edos de formularios, eliminando la necesidad de monitoreo constante de formularios o notificaciones manuales.<\/li>\n<li>Aumenta la eficiencia del flujo de trabajo al racionalizar el proceso de env\u00edo y notificaci\u00f3n, lo que permite tiempos de respuesta m\u00e1s r\u00e1pidos.<\/li>\n<li>Mejora la comunicaci\u00f3n del equipo manteniendo a todos en la misma p\u00e1gina con respecto a los formularios recibidos y sus respectivos estados.<\/li>\n<li>La interfaz intuitiva y f\u00e1cil de usar hace que la configuraci\u00f3n y la configuraci\u00f3n sean r\u00e1pidas y f\u00e1ciles.<\/li>\n<li>Admite m\u00faltiples formularios y canales, lo que permite un uso flexible entre equipos y proyectos.<\/li>\n<li>Compatible con formularios de gravedad y aplicaciones de escritorio, web y m\u00f3viles de Slack para un acceso conveniente desde cualquier dispositivo.<\/li>\n<li>Confiable y seguro, con transmisiones de datos cifradas y actualizaciones regulares para garantizar un rendimiento \u00f3ptimo.<\/li>\n<\/ul>\n","protected":false},"excerpt":{"rendered":"<p>La introducci\u00f3n de los formularios de gravedad Slack Addon facilita la optimizaci\u00f3n de la comunicaci\u00f3n del equipo a trav\u00e9s de la transmisi\u00f3n automatizada de las presentaciones de formulario a los canales de holgura designados. Al integrar perfectamente el complemento, vincular sus formularios de gravedad y sus cuentas flojas, y designar el canal deseado para la recepci\u00f3n de env\u00edo, puede mantenerse actualizado sin esfuerzo en los env\u00edos de formulario en tiempo real. Esta accesibilidad en tiempo real cultiva un proceso de toma de decisiones m\u00e1s amplio y fomenta una mayor colaboraci\u00f3n entre los miembros del equipo. Adem\u00e1s, posee la capacidad de personalizar los mensajes y seleccionar los campos para incluir, mejorando as\u00ed la flexibilidad. Empodera a tu equipo con una mayor eficiencia y productividad aprovechando las capacidades de las formas de gravedad Slack Addon.<\/p>\n","protected":false},"featured_media":166329,"comment_status":"open","ping_status":"open","template":"","meta":[],"product_brand":[2469],"product_cat":[1212,1206,1211],"product_tag":[1300],"class_list":{"0":"post-113759","1":"product","2":"type-product","3":"status-publish","4":"has-post-thumbnail","6":"product_brand-gravityforms","7":"product_cat-administracion-wordpress-plugins","8":"product_cat-plugins","9":"product_cat-wordpress-plugins","10":"product_tag-gravityforms","11":"member-discount","12":"discount-restricted","14":"first","15":"instock","16":"sale","17":"downloadable","18":"virtual","19":"sold-individually","20":"purchasable","21":"product-type-simple"},"_links":{"self":[{"href":"https:\/\/gpl-love.com\/es\/wp-json\/wp\/v2\/product\/113759","targetHints":{"allow":["GET"]}}],"collection":[{"href":"https:\/\/gpl-love.com\/es\/wp-json\/wp\/v2\/product"}],"about":[{"href":"https:\/\/gpl-love.com\/es\/wp-json\/wp\/v2\/types\/product"}],"replies":[{"embeddable":true,"href":"https:\/\/gpl-love.com\/es\/wp-json\/wp\/v2\/comments?post=113759"}],"wp:featuredmedia":[{"embeddable":true,"href":"https:\/\/gpl-love.com\/es\/wp-json\/wp\/v2\/media\/166329"}],"wp:attachment":[{"href":"https:\/\/gpl-love.com\/es\/wp-json\/wp\/v2\/media?parent=113759"}],"wp:term":[{"taxonomy":"product_brand","embeddable":true,"href":"https:\/\/gpl-love.com\/es\/wp-json\/wp\/v2\/product_brand?post=113759"},{"taxonomy":"product_cat","embeddable":true,"href":"https:\/\/gpl-love.com\/es\/wp-json\/wp\/v2\/product_cat?post=113759"},{"taxonomy":"product_tag","embeddable":true,"href":"https:\/\/gpl-love.com\/es\/wp-json\/wp\/v2\/product_tag?post=113759"}],"curies":[{"name":"wp","href":"https:\/\/api.w.org\/{rel}","templated":true}]}}